{"id":2614,"date":"2025-12-15T10:16:38","date_gmt":"2025-12-15T10:16:38","guid":{"rendered":"https:\/\/www.boolebox.com\/?page_id=2614"},"modified":"2025-12-15T10:16:39","modified_gmt":"2025-12-15T10:16:39","slug":"cosa-si-intende-per-cifratura-di-livello-militare","status":"publish","type":"page","link":"https:\/\/www.boolebox.com\/it\/cosa-si-intende-per-cifratura-di-livello-militare\/","title":{"rendered":"Cosa si intende per cifratura di livello militare?"},"content":{"rendered":"<section class=\"hero_blog hs\" style=\"background-image:url(https:\/\/www.boolebox.com\/wp-content\/uploads\/2025\/12\/225465324_l-1.jpg\">\n    <div class=\"container\">\n        <div class=\"row\">\n            <div class=\"col-12\">\n                <h1>Cosa si intende per cifratura di livello militare?<\/h1>\n            <\/div>\n        <\/div>\n    <\/div>\n<\/section>\n\n\n<div class=\"wp-block-columns content_landing is-layout-flex wp-container-core-columns-is-layout-9d6595d7 wp-block-columns-is-layout-flex\">\n<div class=\"wp-block-column is-layout-flow wp-block-column-is-layout-flow\">\n<p>In <strong>Boolebox<\/strong> sviluppiamo <a href=\"https:\/\/www.boolebox.com\/it\/proteggi-i-tuoi-dati\/\">software e soluzioni di sicurezza informatica<\/a>, con un occhio di riguardo alla protezione dei dati. Per questo motivo, divulgare l\u2019<strong>importanza di una cifratura di livello militare<\/strong> \u00e8 sicuramente una priorit\u00e0 per la nostra azienda.&nbsp;<br>Ma cosa significa esattamente &#8220;<strong>cifratura di livello militare<\/strong>&#8221; e perch\u00e9 \u00e8 cos\u00ec importante nel contesto attuale della sicurezza informatica?<\/p>\n\n\n\n<figure class=\"wp-block-embed is-type-video is-provider-youtube wp-block-embed-youtube wp-embed-aspect-16-9 wp-has-aspect-ratio\"><div class=\"wp-block-embed__wrapper\">\n<iframe loading=\"lazy\" title=\"#Booletips 03 ITA\" width=\"500\" height=\"281\" src=\"https:\/\/www.youtube.com\/embed\/1GVDO1aGcc8?feature=oembed\" frameborder=\"0\" allow=\"accelerometer; autoplay; clipboard-write; encrypted-media; gyroscope; picture-in-picture; web-share\" referrerpolicy=\"strict-origin-when-cross-origin\" allowfullscreen><\/iframe>\n<\/div><\/figure>\n\n\n\n<h2 class=\"wp-block-heading\">Caratteristiche tecniche della cifratura di livello militare<\/h2>\n\n\n\n<p>La cifratura di livello militare si distingue per alcune caratteristiche tecniche fondamentali che la rendono <strong>incredibilmente sicura<\/strong>.&nbsp;<\/p>\n\n\n\n<p>Per cominciare, fa uso di <strong>algoritmi di cifratura avanzat<\/strong>i, tra cui il noto <strong>AES-256<\/strong>. Questi algoritmi sono estremamente complessi e praticamente<strong> impossibili da decifrare senza la chiave di accesso<\/strong> corretta.<\/p>\n\n\n\n<p>Ma non \u00e8 tutto: la lunghezza della chiave di cifratura \u00e8 basilare. La cifratura di livello militare utilizza infatti chiavi lunghe, generalmente di 128 o 256 bit. Pi\u00f9 lunga \u00e8 la chiave, pi\u00f9 difficile \u00e8 per i potenziali aggressori tentare di decifrare i dati.<\/p>\n\n\n\n<p>E non ci fermiamo qui. In Boolebox utilizziamo<strong> protocolli di sicurezza avanzati<\/strong> come il <strong>Transport Layer Security (TLS) e il Secure Sockets Layer (SSL)<\/strong> per proteggere i dati durante la trasmissione.La sicurezza informatica della tua azienda \u00e8 la nostra priorit\u00e0.<\/p>\n\n\n\n<h2 class=\"wp-block-heading\">Differenze tra cifratura comune e cifratura di livello militare e loro applicazione pratica<\/h2>\n\n\n\n<p>La <strong>cifratura comune<\/strong> \u00e8 sicuramente un valido strumento per proteggere i dati da minacce informatiche comuni, ma la <strong>cifratura di livello militare<\/strong> \u00e8 decisamente un livello di sicurezza maggiore. Le <strong>differenze sono significative e fondamentali.<\/strong><\/p>\n\n\n\n<p>Mentre la cifratura comune potrebbe utilizzare algoritmi di cifratura meno avanzati come l&#8217;AES-128, noi di Boolebox ci affidiamo all<strong>&#8216;inossidabile e pi\u00f9 performante AES-256.<\/strong> Questa differenza nella lunghezza delle chiavi rende la cifratura di livello militare estremamente pi\u00f9 robusta e sicura.<\/p>\n\n\n\n<p>La protezione dei dati aziendali \u00e8 una priorit\u00e0 assoluta, e noi di Boolebox abbiamo le soluzioni giuste per te.<\/p>\n\n\n\n<p>I nostri prodotti, come il<strong> Boolebox Secure File Manager,<\/strong> consentono di cifrare file e cartelle in modo sicuro. Questo significa che anche i dati pi\u00f9 sensibili saranno protetti da occhi indiscreti.<\/p>\n<\/div>\n<\/div>\n\n\n<section class=\"imgtext imgtext__stylethree\">\n    <div class=\"container\">\n        <div class=\"row flex-row-reverse\">\n            <div class=\"col-md-6\">\n                <h2>La cifratura di livello militare garantisce l\u2019invulnerabilit\u00e0 delle infrastrutture? <\/h2>\n                <div class=\"imgtext__text\">\n                    <p><!-- wp:paragraph --><\/p>\n<p>Facciamo attenzione. Anche se la<strong> cifratura di livello militare<\/strong> \u00e8 incredibilmente efficace,<strong> non \u00e8 comunque immune ad alcuni rischi.<\/strong><\/p>\n<p><!-- \/wp:paragraph --> <!-- wp:paragraph --><\/p>\n<p>\u00c8 fondamentale sapere che esistono oggi metodologie di attacco particolarmente sofisticate, in grado di minacciare anche sistemi protetti da crittografia militare. \u00c8 importante conoscerle e mantenersi aggiornati\u00a0 per garantire una protezione davvero adeguata alle esigenze della tua azienda.<\/p>\n<p><!-- \/wp:paragraph --> <!-- wp:paragraph --><\/p>\n<p>Sicuramente, affidare la protezione dei dati della tua azienda ad aziende esperte come la nostra pu\u00f2 aiutarti a districarti in un settore in continua evoluzione, che richiede costanti adeguamenti e un\u2019attenzione massima ad ogni innovazione tecnologica.<\/p>\n<p><!-- \/wp:paragraph --> <!-- wp:paragraph --><\/p>\n<p>Il <strong>futuro della cifratura di livello militare<\/strong> \u00e8 entusiasmante e pieno di promesse. Stiamo gi\u00e0 assistendo all&#8217;evoluzione della <strong>crittografia quantistica<\/strong>, che sfrutta le leggi della fisica quantistica per creare <strong>algoritmi di cifratura virtualmente indistruttibili.<\/strong><\/p>\n<p><!-- \/wp:paragraph --> <!-- wp:paragraph --><\/p>\n<p>Inoltre, l<a href=\"https:\/\/www.boolebox.com\/it\/intelligenza-artificiale-e-cyber-security-minacce-e-opportunita-della-rivoluzione-ai\/\">&#8216;<strong>intelligenza artificiale (AI)<\/strong><\/a> sta diventando un alleato fondamentale nella lotta contro le minacce informatiche. L&#8217;AI pu\u00f2 <strong>aiutare a identificare e mitigare le vulnerabilit\u00e0 della crittografia<\/strong>, offrendo una protezione ancora pi\u00f9 avanzata.<\/p>\n<p><!-- \/wp:paragraph --> <!-- wp:paragraph --><\/p>\n<p>Noi di Boolebox offriamo applicazioni specifiche (come il <a href=\"https:\/\/www.boolebox.com\/it\/soluzioni-secure-file-manager\/\">Secure File Manager<\/a> o il <a href=\"https:\/\/www.boolebox.com\/it\/soluzioni-secure-password\/\">Secure Password<\/a>), utilizzabili da dispositivi desktop e mobile, oppure una suite di crittografia specifica per gli strumenti che gi\u00e0 utilizzi (da <a href=\"https:\/\/www.boolebox.com\/it\/soluzioni-file-encryptor-windows\/\">Windows<\/a> a Gmail e <a href=\"https:\/\/www.boolebox.com\/it\/soluzioni-file-encryptor-one-drive-sharepoint\/\">OneDrive<\/a>).<\/p>\n<p><!-- \/wp:paragraph --><\/p>\n                <\/div>\n                            <\/div>\n            <div class=\"col-md-6 text-center\">\n                <figure class=\"imgtext__image\">\n                    <img decoding=\"async\" class=\"img-fluid\" src=\"\" alt=\"\" loading=\"lazy\">\n                                    <\/figure>\n            <\/div>\n        <\/div>\n    <\/div>\n<\/section>\n\n<section id=\"contact_form\" class=\"prodform whitebg\">\n    <div class=\"container\">\n        <div class=\"row\">\n            <div class=\"col-12 text-center\">\n                <h2>Contattaci<\/h2>\n                <div class=\"prodform__text\"><p>Contattaci per avere maggiori informazioni sulla crittografia utilizzata da Boolebox. I nostri esperti saranno a tua disposizione per guidarti nella scelta delle soluzioni migliori per proteggere la tua azienda e i tuoi dati.<\/p>\n<\/div>\n            <\/div>\n        <\/div>\n        \n<div class=\"wpcf7 no-js\" id=\"wpcf7-f19-o1\" lang=\"it-IT\" dir=\"ltr\" data-wpcf7-id=\"19\">\n<div class=\"screen-reader-response\"><p role=\"status\" aria-live=\"polite\" aria-atomic=\"true\"><\/p> <ul><\/ul><\/div>\n<form action=\"\/it\/wp-json\/wp\/v2\/pages\/2614#wpcf7-f19-o1\" method=\"post\" class=\"wpcf7-form init 27b674e1b855 cmatic-conn cmatic-aud-3 cmatic-mapd0-0 cmatic-v0978 cmatic-sent-0 cmatic-total-15\" id=\"demo-partner\" aria-label=\"Modulo di contatto\" novalidate=\"novalidate\" data-status=\"init\">\n<fieldset class=\"hidden-fields-container\"><input type=\"hidden\" name=\"_wpcf7\" value=\"19\" \/><input type=\"hidden\" name=\"_wpcf7_version\" value=\"6.1.5\" \/><input type=\"hidden\" name=\"_wpcf7_locale\" value=\"it_IT\" \/><input type=\"hidden\" name=\"_wpcf7_unit_tag\" value=\"wpcf7-f19-o1\" \/><input type=\"hidden\" name=\"_wpcf7_container_post\" value=\"0\" \/><input type=\"hidden\" name=\"_wpcf7_posted_data_hash\" value=\"\" \/><input type=\"hidden\" name=\"_wpcf7_recaptcha_response\" value=\"\" \/>\n<\/fieldset>\n<div id=\"responsive-form\" class=\"clearfix\">\n\t<div class=\"row\">\n\t\t<div class=\"col-md-6\">\n\t\t\t<p><span class=\"wpcf7-form-control-wrap\" data-name=\"your-name\"><input size=\"40\" maxlength=\"400\" class=\"wpcf7-form-control wpcf7-text wpcf7-validates-as-required\" aria-required=\"true\" aria-invalid=\"false\" placeholder=\"Nome *\" value=\"\" type=\"text\" name=\"your-name\" \/><\/span>\n\t\t\t<\/p>\n\t\t<\/div>\n\t\t<div class=\"col-md-6\">\n\t\t\t<p><span class=\"wpcf7-form-control-wrap\" data-name=\"your-surname\"><input size=\"40\" maxlength=\"400\" class=\"wpcf7-form-control wpcf7-text wpcf7-validates-as-required\" aria-required=\"true\" aria-invalid=\"false\" placeholder=\"Cognome *\" value=\"\" type=\"text\" name=\"your-surname\" \/><\/span>\n\t\t\t<\/p>\n\t\t<\/div>\n\t<\/div>\n\t<div class=\"row\">\n\t\t<div class=\"col-md-6\">\n\t\t\t<p><span class=\"wpcf7-form-control-wrap\" data-name=\"your-email\"><input size=\"40\" maxlength=\"400\" class=\"wpcf7-form-control wpcf7-email wpcf7-validates-as-required wpcf7-text wpcf7-validates-as-email\" aria-required=\"true\" aria-invalid=\"false\" placeholder=\"Indirizzo e-mail Aziendale *\" value=\"\" type=\"email\" name=\"your-email\" \/><\/span>\n\t\t\t<\/p>\n\t\t<\/div>\n\t\t<div class=\"col-md-6\">\n\t\t\t<p><span class=\"wpcf7-form-control-wrap\" data-name=\"your-company\"><input size=\"40\" maxlength=\"400\" class=\"wpcf7-form-control wpcf7-text wpcf7-validates-as-required\" aria-required=\"true\" aria-invalid=\"false\" placeholder=\"Azienda *\" value=\"\" type=\"text\" name=\"your-company\" \/><\/span>\n\t\t\t<\/p>\n\t\t<\/div>\n\t<\/div>\n\t<div class=\"row\">\n\t\t<div class=\"col-12\">\n\t\t\t<p><span class=\"wpcf7-form-control-wrap\" data-name=\"your-message\"><textarea cols=\"40\" rows=\"10\" maxlength=\"2000\" class=\"wpcf7-form-control wpcf7-textarea wpcf7-validates-as-required\" aria-required=\"true\" aria-invalid=\"false\" placeholder=\"Messaggio *\" name=\"your-message\"><\/textarea><\/span>\n\t\t\t<\/p>\n\t\t<\/div>\n\t<\/div>\n\t<div class=\"row note\">\n\t\t<div class=\"col-12\">\n\t\t\t<p>Confermo di avere letto ed accetto i <b><a href=\"https:\/\/www.boolebox.com\/it\/termini-di-servizio\/\" target=\"_blank\">Termini di servizio<\/a><\/b> e di aver preso visione della <b><a href=\"https:\/\/www.iubenda.com\/privacy-policy\/19185060\" target=\"_blank\">Privacy Policy Notice<\/a><\/b>\n\t\t\t<\/p>\n\t\t<\/div>\n\t\t<div class=\"col-12\">\n\t\t\t<p><span class=\"wpcf7-form-control-wrap\" data-name=\"acceptance-privacy\"><span class=\"wpcf7-form-control wpcf7-acceptance\"><span class=\"wpcf7-list-item\"><label><input type=\"checkbox\" name=\"acceptance-privacy\" value=\"1\" aria-invalid=\"false\" \/><span class=\"wpcf7-list-item-label\">Confermo e accetto la Privacy Policy *<\/span><\/label><\/span><\/span><\/span>\n\t\t\t<\/p>\n\t\t<\/div>\n\t<\/div>\n\t<div class=\"row note\">\n\t\t<div class=\"col-12\">\n\t\t\t<p>Per il trattamento dei miei dati personali da parte di Boole Server S.r.l. per attivit\u00e0 di marketing attraverso strumenti automatizzati (e-mail, sms, mms, newsletter) e non automatizzati (posta cartacea, telefono con operatore)\n\t\t\t<\/p>\n\t\t<\/div>\n\t\t<div class=\"column-full pt_0\">\n\t\t\t<p><span class=\"wpcf7-form-control-wrap\" data-name=\"acceptance-marketing\"><span class=\"wpcf7-form-control wpcf7-acceptance optional\"><span class=\"wpcf7-list-item\"><label><input type=\"checkbox\" name=\"acceptance-marketing\" value=\"1\" aria-invalid=\"false\" \/><span class=\"wpcf7-list-item-label\">Acconsento per attivit\u00e0 di marketing<\/span><\/label><\/span><\/span><\/span>\n\t\t\t<\/p>\n\t\t<\/div>\n\t<\/div>\n\t<div class=\"row note\">\n\t\t<div class=\"col-12\">\n\t\t\t<p>Per il trattamento dei miei dati personali da parte di Boole Server S.r.l. per finalit\u00e0 di profilazione e invio di comunicazioni personalizzate attraverso strumenti automatizzati (e-mail, sms, mms, newsletter) e non automatizzati (posta cartacea, telefono con operatore)\n\t\t\t<\/p>\n\t\t<\/div>\n\t\t<div class=\"column-full pt_0 \">\n\t\t\t<p><span class=\"wpcf7-form-control-wrap\" data-name=\"acceptance-profiling\"><span class=\"wpcf7-form-control wpcf7-acceptance optional\"><span class=\"wpcf7-list-item\"><label><input type=\"checkbox\" name=\"acceptance-profiling\" value=\"1\" aria-invalid=\"false\" \/><span class=\"wpcf7-list-item-label\">Acconsento per finalit\u00e0 di profilazione<\/span><\/label><\/span><\/span><\/span>\n\t\t\t<\/p>\n\t\t<\/div>\n\t<\/div>\n\t<div class=\"row\">\n\t\t<div class=\"col-12 text-center\">\n\t\t\t<p><input class=\"wpcf7-form-control wpcf7-submit has-spinner\" type=\"submit\" value=\"Invia Richiesta\" \/>\n\t\t\t<\/p>\n\t\t<\/div>\n\t<\/div>\n<\/div><input type='hidden' class='wpcf7-pum' value='{\"closepopup\":false,\"closedelay\":0,\"openpopup\":false,\"openpopup_id\":0}' \/><div class=\"wpcf7-response-output\" aria-hidden=\"true\"><\/div>\n<\/form>\n<\/div>\n    <\/div>\n<\/section>","protected":false},"excerpt":{"rendered":"<p>In Boolebox sviluppiamo software e soluzioni di sicurezza informatica, con un occhio di riguardo alla protezione dei dati. Per questo motivo, divulgare l\u2019importanza di una cifratura di livello militare \u00e8 sicuramente una priorit\u00e0 per la nostra azienda.&nbsp;Ma cosa significa esattamente &#8220;cifratura di livello militare&#8221; e perch\u00e9 \u00e8 cos\u00ec importante nel contesto attuale della sicurezza informatica?&#8230;<\/p>\n","protected":false},"author":2,"featured_media":1118,"parent":0,"menu_order":0,"comment_status":"closed","ping_status":"closed","template":"","meta":{"footnotes":""},"class_list":["post-2614","page","type-page","status-publish","has-post-thumbnail","hentry"],"yoast_head":"<!-- This site is optimized with the Yoast SEO plugin v27.3 - https:\/\/yoast.com\/product\/yoast-seo-wordpress\/ -->\n<title>Cosa si intende per cifratura di livello militare? | Boolebox<\/title>\n<meta name=\"description\" content=\"Cosa significa esattamente &quot;cifratura di livello militare&quot; e perch\u00e9 \u00e8 cos\u00ec importante nel contesto attuale della sicurezza informatica? Scopriamolo!\" \/>\n<meta name=\"robots\" content=\"index, follow, max-snippet:-1, max-image-preview:large, max-video-preview:-1\" \/>\n<link rel=\"canonical\" href=\"https:\/\/www.boolebox.com\/it\/cosa-si-intende-per-cifratura-di-livello-militare\/\" \/>\n<meta property=\"og:locale\" content=\"it_IT\" \/>\n<meta property=\"og:type\" content=\"article\" \/>\n<meta property=\"og:title\" content=\"Cosa si intende per cifratura di livello militare? | Boolebox\" \/>\n<meta property=\"og:description\" content=\"Cosa significa esattamente &quot;cifratura di livello militare&quot; e perch\u00e9 \u00e8 cos\u00ec importante nel contesto attuale della sicurezza informatica? Scopriamolo!\" \/>\n<meta property=\"og:url\" content=\"https:\/\/www.boolebox.com\/it\/cosa-si-intende-per-cifratura-di-livello-militare\/\" \/>\n<meta property=\"og:site_name\" content=\"Boolebox\" \/>\n<meta property=\"article:publisher\" content=\"https:\/\/www.facebook.com\/boolebox\" \/>\n<meta property=\"article:modified_time\" content=\"2025-12-15T10:16:39+00:00\" \/>\n<meta property=\"og:image\" content=\"https:\/\/www.boolebox.com\/wp-content\/uploads\/2025\/12\/225465324_l-1.jpg\" \/>\n\t<meta property=\"og:image:width\" content=\"1420\" \/>\n\t<meta property=\"og:image:height\" content=\"560\" \/>\n\t<meta property=\"og:image:type\" content=\"image\/jpeg\" \/>\n<meta name=\"twitter:card\" content=\"summary_large_image\" \/>\n<meta name=\"twitter:label1\" content=\"Tempo di lettura stimato\" \/>\n\t<meta name=\"twitter:data1\" content=\"2 minuti\" \/>\n<script type=\"application\/ld+json\" class=\"yoast-schema-graph\">{\"@context\":\"https:\\\/\\\/schema.org\",\"@graph\":[{\"@type\":\"WebPage\",\"@id\":\"https:\\\/\\\/www.boolebox.com\\\/it\\\/cosa-si-intende-per-cifratura-di-livello-militare\\\/\",\"url\":\"https:\\\/\\\/www.boolebox.com\\\/it\\\/cosa-si-intende-per-cifratura-di-livello-militare\\\/\",\"name\":\"Cosa si intende per cifratura di livello militare? | Boolebox\",\"isPartOf\":{\"@id\":\"https:\\\/\\\/www.boolebox.com\\\/it\\\/#website\"},\"primaryImageOfPage\":{\"@id\":\"https:\\\/\\\/www.boolebox.com\\\/it\\\/cosa-si-intende-per-cifratura-di-livello-militare\\\/#primaryimage\"},\"image\":{\"@id\":\"https:\\\/\\\/www.boolebox.com\\\/it\\\/cosa-si-intende-per-cifratura-di-livello-militare\\\/#primaryimage\"},\"thumbnailUrl\":\"https:\\\/\\\/www.boolebox.com\\\/wp-content\\\/uploads\\\/2025\\\/12\\\/225465324_l-1.jpg\",\"datePublished\":\"2025-12-15T10:16:38+00:00\",\"dateModified\":\"2025-12-15T10:16:39+00:00\",\"description\":\"Cosa significa esattamente \\\"cifratura di livello militare\\\" e perch\u00e9 \u00e8 cos\u00ec importante nel contesto attuale della sicurezza informatica? Scopriamolo!\",\"breadcrumb\":{\"@id\":\"https:\\\/\\\/www.boolebox.com\\\/it\\\/cosa-si-intende-per-cifratura-di-livello-militare\\\/#breadcrumb\"},\"inLanguage\":\"it-IT\",\"potentialAction\":[{\"@type\":\"ReadAction\",\"target\":[\"https:\\\/\\\/www.boolebox.com\\\/it\\\/cosa-si-intende-per-cifratura-di-livello-militare\\\/\"]}]},{\"@type\":\"ImageObject\",\"inLanguage\":\"it-IT\",\"@id\":\"https:\\\/\\\/www.boolebox.com\\\/it\\\/cosa-si-intende-per-cifratura-di-livello-militare\\\/#primaryimage\",\"url\":\"https:\\\/\\\/www.boolebox.com\\\/wp-content\\\/uploads\\\/2025\\\/12\\\/225465324_l-1.jpg\",\"contentUrl\":\"https:\\\/\\\/www.boolebox.com\\\/wp-content\\\/uploads\\\/2025\\\/12\\\/225465324_l-1.jpg\",\"width\":1420,\"height\":560},{\"@type\":\"BreadcrumbList\",\"@id\":\"https:\\\/\\\/www.boolebox.com\\\/it\\\/cosa-si-intende-per-cifratura-di-livello-militare\\\/#breadcrumb\",\"itemListElement\":[{\"@type\":\"ListItem\",\"position\":1,\"name\":\"Home\",\"item\":\"https:\\\/\\\/www.boolebox.com\\\/it\\\/\"},{\"@type\":\"ListItem\",\"position\":2,\"name\":\"Cosa si intende per cifratura di livello militare?\"}]},{\"@type\":\"WebSite\",\"@id\":\"https:\\\/\\\/www.boolebox.com\\\/it\\\/#website\",\"url\":\"https:\\\/\\\/www.boolebox.com\\\/it\\\/\",\"name\":\"Boolebox - Software protezione Dati\",\"description\":\"\",\"publisher\":{\"@id\":\"https:\\\/\\\/www.boolebox.com\\\/it\\\/#organization\"},\"alternateName\":\"Boole Server Srl\",\"potentialAction\":[{\"@type\":\"SearchAction\",\"target\":{\"@type\":\"EntryPoint\",\"urlTemplate\":\"https:\\\/\\\/www.boolebox.com\\\/it\\\/?s={search_term_string}\"},\"query-input\":{\"@type\":\"PropertyValueSpecification\",\"valueRequired\":true,\"valueName\":\"search_term_string\"}}],\"inLanguage\":\"it-IT\"},{\"@type\":\"Organization\",\"@id\":\"https:\\\/\\\/www.boolebox.com\\\/it\\\/#organization\",\"name\":\"Boolebox\",\"alternateName\":\"Boole Server Srl\",\"url\":\"https:\\\/\\\/www.boolebox.com\\\/it\\\/\",\"logo\":{\"@type\":\"ImageObject\",\"inLanguage\":\"it-IT\",\"@id\":\"https:\\\/\\\/www.boolebox.com\\\/it\\\/#\\\/schema\\\/logo\\\/image\\\/\",\"url\":\"https:\\\/\\\/www.boolebox.com\\\/wp-content\\\/uploads\\\/2025\\\/12\\\/Secure-Password-positivo-1.svg\",\"contentUrl\":\"https:\\\/\\\/www.boolebox.com\\\/wp-content\\\/uploads\\\/2025\\\/12\\\/Secure-Password-positivo-1.svg\",\"width\":1,\"height\":1,\"caption\":\"Boolebox\"},\"image\":{\"@id\":\"https:\\\/\\\/www.boolebox.com\\\/it\\\/#\\\/schema\\\/logo\\\/image\\\/\"},\"sameAs\":[\"https:\\\/\\\/www.facebook.com\\\/boolebox\",\"https:\\\/\\\/www.linkedin.com\\\/company\\\/boolebox\\\/\"]}]}<\/script>\n<!-- \/ Yoast SEO plugin. -->","yoast_head_json":{"title":"Cosa si intende per cifratura di livello militare? | Boolebox","description":"Cosa significa esattamente \"cifratura di livello militare\" e perch\u00e9 \u00e8 cos\u00ec importante nel contesto attuale della sicurezza informatica? Scopriamolo!","robots":{"index":"index","follow":"follow","max-snippet":"max-snippet:-1","max-image-preview":"max-image-preview:large","max-video-preview":"max-video-preview:-1"},"canonical":"https:\/\/www.boolebox.com\/it\/cosa-si-intende-per-cifratura-di-livello-militare\/","og_locale":"it_IT","og_type":"article","og_title":"Cosa si intende per cifratura di livello militare? | Boolebox","og_description":"Cosa significa esattamente \"cifratura di livello militare\" e perch\u00e9 \u00e8 cos\u00ec importante nel contesto attuale della sicurezza informatica? Scopriamolo!","og_url":"https:\/\/www.boolebox.com\/it\/cosa-si-intende-per-cifratura-di-livello-militare\/","og_site_name":"Boolebox","article_publisher":"https:\/\/www.facebook.com\/boolebox","article_modified_time":"2025-12-15T10:16:39+00:00","og_image":[{"width":1420,"height":560,"url":"https:\/\/www.boolebox.com\/wp-content\/uploads\/2025\/12\/225465324_l-1.jpg","type":"image\/jpeg"}],"twitter_card":"summary_large_image","twitter_misc":{"Tempo di lettura stimato":"2 minuti"},"schema":{"@context":"https:\/\/schema.org","@graph":[{"@type":"WebPage","@id":"https:\/\/www.boolebox.com\/it\/cosa-si-intende-per-cifratura-di-livello-militare\/","url":"https:\/\/www.boolebox.com\/it\/cosa-si-intende-per-cifratura-di-livello-militare\/","name":"Cosa si intende per cifratura di livello militare? | Boolebox","isPartOf":{"@id":"https:\/\/www.boolebox.com\/it\/#website"},"primaryImageOfPage":{"@id":"https:\/\/www.boolebox.com\/it\/cosa-si-intende-per-cifratura-di-livello-militare\/#primaryimage"},"image":{"@id":"https:\/\/www.boolebox.com\/it\/cosa-si-intende-per-cifratura-di-livello-militare\/#primaryimage"},"thumbnailUrl":"https:\/\/www.boolebox.com\/wp-content\/uploads\/2025\/12\/225465324_l-1.jpg","datePublished":"2025-12-15T10:16:38+00:00","dateModified":"2025-12-15T10:16:39+00:00","description":"Cosa significa esattamente \"cifratura di livello militare\" e perch\u00e9 \u00e8 cos\u00ec importante nel contesto attuale della sicurezza informatica? Scopriamolo!","breadcrumb":{"@id":"https:\/\/www.boolebox.com\/it\/cosa-si-intende-per-cifratura-di-livello-militare\/#breadcrumb"},"inLanguage":"it-IT","potentialAction":[{"@type":"ReadAction","target":["https:\/\/www.boolebox.com\/it\/cosa-si-intende-per-cifratura-di-livello-militare\/"]}]},{"@type":"ImageObject","inLanguage":"it-IT","@id":"https:\/\/www.boolebox.com\/it\/cosa-si-intende-per-cifratura-di-livello-militare\/#primaryimage","url":"https:\/\/www.boolebox.com\/wp-content\/uploads\/2025\/12\/225465324_l-1.jpg","contentUrl":"https:\/\/www.boolebox.com\/wp-content\/uploads\/2025\/12\/225465324_l-1.jpg","width":1420,"height":560},{"@type":"BreadcrumbList","@id":"https:\/\/www.boolebox.com\/it\/cosa-si-intende-per-cifratura-di-livello-militare\/#breadcrumb","itemListElement":[{"@type":"ListItem","position":1,"name":"Home","item":"https:\/\/www.boolebox.com\/it\/"},{"@type":"ListItem","position":2,"name":"Cosa si intende per cifratura di livello militare?"}]},{"@type":"WebSite","@id":"https:\/\/www.boolebox.com\/it\/#website","url":"https:\/\/www.boolebox.com\/it\/","name":"Boolebox - Software protezione Dati","description":"","publisher":{"@id":"https:\/\/www.boolebox.com\/it\/#organization"},"alternateName":"Boole Server Srl","potentialAction":[{"@type":"SearchAction","target":{"@type":"EntryPoint","urlTemplate":"https:\/\/www.boolebox.com\/it\/?s={search_term_string}"},"query-input":{"@type":"PropertyValueSpecification","valueRequired":true,"valueName":"search_term_string"}}],"inLanguage":"it-IT"},{"@type":"Organization","@id":"https:\/\/www.boolebox.com\/it\/#organization","name":"Boolebox","alternateName":"Boole Server Srl","url":"https:\/\/www.boolebox.com\/it\/","logo":{"@type":"ImageObject","inLanguage":"it-IT","@id":"https:\/\/www.boolebox.com\/it\/#\/schema\/logo\/image\/","url":"https:\/\/www.boolebox.com\/wp-content\/uploads\/2025\/12\/Secure-Password-positivo-1.svg","contentUrl":"https:\/\/www.boolebox.com\/wp-content\/uploads\/2025\/12\/Secure-Password-positivo-1.svg","width":1,"height":1,"caption":"Boolebox"},"image":{"@id":"https:\/\/www.boolebox.com\/it\/#\/schema\/logo\/image\/"},"sameAs":["https:\/\/www.facebook.com\/boolebox","https:\/\/www.linkedin.com\/company\/boolebox\/"]}]}},"_links":{"self":[{"href":"https:\/\/www.boolebox.com\/it\/wp-json\/wp\/v2\/pages\/2614","targetHints":{"allow":["GET"]}}],"collection":[{"href":"https:\/\/www.boolebox.com\/it\/wp-json\/wp\/v2\/pages"}],"about":[{"href":"https:\/\/www.boolebox.com\/it\/wp-json\/wp\/v2\/types\/page"}],"author":[{"embeddable":true,"href":"https:\/\/www.boolebox.com\/it\/wp-json\/wp\/v2\/users\/2"}],"replies":[{"embeddable":true,"href":"https:\/\/www.boolebox.com\/it\/wp-json\/wp\/v2\/comments?post=2614"}],"version-history":[{"count":2,"href":"https:\/\/www.boolebox.com\/it\/wp-json\/wp\/v2\/pages\/2614\/revisions"}],"predecessor-version":[{"id":2623,"href":"https:\/\/www.boolebox.com\/it\/wp-json\/wp\/v2\/pages\/2614\/revisions\/2623"}],"wp:featuredmedia":[{"embeddable":true,"href":"https:\/\/www.boolebox.com\/it\/wp-json\/wp\/v2\/media\/1118"}],"wp:attachment":[{"href":"https:\/\/www.boolebox.com\/it\/wp-json\/wp\/v2\/media?parent=2614"}],"curies":[{"name":"wp","href":"https:\/\/api.w.org\/{rel}","templated":true}]}}