{"id":2330,"date":"2025-12-15T10:00:09","date_gmt":"2025-12-15T10:00:09","guid":{"rendered":"https:\/\/www.boolebox.com\/?page_id=2330"},"modified":"2025-12-15T10:00:09","modified_gmt":"2025-12-15T10:00:09","slug":"bloccare-la-cattura-schermo-perche-e-importante-per-la-sicurezza-dei-dati-aziendali","status":"publish","type":"page","link":"https:\/\/www.boolebox.com\/it\/bloccare-la-cattura-schermo-perche-e-importante-per-la-sicurezza-dei-dati-aziendali\/","title":{"rendered":"Bloccare la cattura schermo: perch\u00e9 \u00e8 importante per la sicurezza dei dati aziendali"},"content":{"rendered":"<section class=\"hero_blog hs\" style=\"background-image:url(https:\/\/www.boolebox.com\/wp-content\/uploads\/2025\/12\/225465324_l-1.jpg\">\n    <div class=\"container\">\n        <div class=\"row\">\n            <div class=\"col-12\">\n                <h1>Bloccare la cattura schermo: perch\u00e9 \u00e8 importante per la sicurezza dei dati aziendali<\/h1>\n            <\/div>\n        <\/div>\n    <\/div>\n<\/section>\n\n\n<div class=\"wp-block-columns content_landing is-layout-flex wp-container-core-columns-is-layout-9d6595d7 wp-block-columns-is-layout-flex\">\n<div class=\"wp-block-column is-layout-flow wp-block-column-is-layout-flow\">\n<p>Noi di <strong>Boolebox<\/strong> sappiamo bene quanto sia cruciale la sicurezza dei dati aziendali nell&#8217;era digitale in cui operiamo. Negli anni abbiamo sviluppato diverse applicazioni e software per la protezione dei dati e abbiamo individuato una serie di best practice e comportamenti ad alto rischio nell\u2019uso quotidiano di dispositivi desktop e mobile.&nbsp;<\/p>\n\n\n\n<p>Uno degli aspetti che viene spesso trascurato quando si parla di data protection riguarda l\u2019importanza di bloccare la cattura dello schermo del pc (o del telefono). Si tratta, in realt\u00e0, di un elemento che pu\u00f2 davvero fare la differenza. In questo articolo ti spieghiamo il perch\u00e9.&nbsp;<\/p>\n\n\n\n<p>Innanzitutto, <strong>cosa significa esattamente una<\/strong> &#8220;<strong>cattura schermo<\/strong>&#8221; <strong>e perch\u00e9 dovresti preoccupartene <\/strong>se ti occupi della protezione dei dati e della privacy di un\u2019azienda?<\/p>\n\n\n\n<p><\/p>\n\n\n\n<h2 class=\"wp-block-heading\">Cosa intendiamo per cattura schermo?<\/h2>\n\n\n\n<p>Una cattura schermo \u00e8 essenzialmente una <strong>fotografia istantanea di ci\u00f2 che appare sullo schermo<\/strong> di un computer. Questa funzione, se utilizzata in modo non autorizzato, pu\u00f2 costituire una minaccia alla sicurezza dei tuoi dati aziendali. Oltre a condividere informazioni sensibili con terze parti, un utilizzo improprio delle catture schermo potrebbe <strong>compromettere la privacy<\/strong> e la confidenzialit\u00e0 delle tue operazioni aziendali.&nbsp;<\/p>\n\n\n\n<h2 class=\"wp-block-heading\">I contesti in cui il blocco screenshot \u00e8 essenziale<\/h2>\n\n\n\n<p>Immagina questa situazione: stai lavorando con <strong>applicazioni bancarie o finanziarie<\/strong> che contengono <strong>dati critici come numeri di conto o password<\/strong>. In questo contesto pi\u00f9 che mai,<strong> impedire gli screenshot del pc <\/strong>diventa essenziale per proteggere tali informazioni da accessi non autorizzati.<\/p>\n\n\n\n<p>Non solo: <strong>tutte le applicazioni utilizzate per la gestione dei dati aziendali<\/strong>, come quelle che contengono informazioni sui clienti e sulle vendite, richiedono una protezione simile.&nbsp;<\/p>\n\n\n\n<p>Pensa poi alle <strong>videoconferenze, alle call e alle sessioni di lavoro da remoto<\/strong>. In queste occasioni capita spesso di condividere lo schermo con clienti, colleghi e collaboratori e di mostrare informazioni riservate, come piani aziendali o strategie di marketing. Per preservare la privacy e proteggere dati sensibili o strategici \u00e8 fondamentale impedire le <strong>catture schermo non autorizzate.<\/strong><\/p>\n\n\n\n<p>Capire<strong> come bloccare gli screenshot <\/strong>del proprio schermo \u00e8 quindi fondamentale per <strong>prevenire furti o divulgazioni <\/strong>accidentali di dati vitali per il tuo business.<\/p>\n\n\n\n<h2 class=\"wp-block-heading\">I vantaggi del blocco della cattura schermo<\/h2>\n\n\n\n<p>Il blocco della cattura schermo offre una serie di vantaggi chiave:<\/p>\n\n\n\n<ul class=\"wp-block-list\">\n<li><strong>Protezione dei dati sensibili:<\/strong> Il blocco della cattura schermo pu\u00f2 aiutare a proteggere i dati sensibili aziendali da accessi non autorizzati.<\/li>\n<\/ul>\n\n\n\n<ul class=\"wp-block-list\">\n<li><strong>Protezione della privacy:<\/strong> L&#8217;implementazione dell&#8217;<strong>anti cattura schermo<\/strong> pu\u00f2 aiutare a preservare la privacy degli utenti, impedendo loro di essere ripresi o fotografati senza il loro consenso.<\/li>\n<\/ul>\n\n\n\n<ul class=\"wp-block-list\">\n<li><strong>Miglioramento generale della sicurezza:<\/strong> Il blocco delle catture schermo contribuisce a migliorare la sicurezza complessiva del tuo sistema informatico, proteggendo cos\u00ec la tua azienda da minacce potenzialmente costose.<\/li>\n<\/ul>\n\n\n\n<h2 class=\"wp-block-heading\">Come attivare la funzione anti screenshot<\/h2>\n\n\n\n<p>Ora che hai compreso&nbsp; l&#8217;importanza di impedire la cattura schermo su dispositivi aziendali, vediamo come funziona concretamente. Ci sono diversi metodi e tecnologie disponibili per impedire le <strong>catture schermo non autorizzate.<\/strong><\/p>\n\n\n\n<p>Una soluzione comune \u00e8 l&#8217;utilizzo di software dedicati, come tutte le nostre soluzioni per la protezione dei dati aziendali. Si tratta in genere di strumenti specializzati, che consentono di configurare regole specifiche per impedire gli screeshot, che possono essere applicate solo a schermate specifiche o genericamente su tutto lo schermo.<\/p>\n\n\n\n<p>In alternativa, puoi provare ad utilizzare le funzioni integrate nei sistemi operativi. Ad esempio, Windows 10 offre la funzione &#8220;Protezione schermo&#8221;, ma non avrai tutte le possibilit\u00e0 di personalizzazione di un software dedicato.&nbsp;<\/p>\n<\/div>\n<\/div>\n\n\n<section class=\"imgtext imgtext__stylethree\">\n    <div class=\"container\">\n        <div class=\"row flex-row-reverse\">\n            <div class=\"col-md-6\">\n                <h2>Strumenti e software Boolebox per implementare l\u2019anti cattura schermo<\/h2>\n                <div class=\"imgtext__text\">\n                    <p><!-- wp:paragraph --><\/p>\n<p>In Boolebox siamo specializzati in<a href=\"https:\/\/www.boolebox.com\/it\"> soluzioni avanzate per la protezione dei dati aziendali.<\/a> Per questo motivo, le nostre soluzioni includono, tra le altre funzionalit\u00e0, anche:<\/p>\n<p><!-- \/wp:paragraph --> <!-- wp:list --><\/p>\n<ul class=\"wp-block-list\"><!-- wp:list-item --><\/p>\n<li><strong>Anti-cattura schermo:<\/strong> Questa funzione impedisce ai destinatari di una condivisione di effettuare catture schermo non autorizzate.<\/li>\n<p><!-- \/wp:list-item --><\/ul>\n<p><!-- \/wp:list --> <!-- wp:list --><\/p>\n<ul class=\"wp-block-list\"><!-- wp:list-item --><\/p>\n<li><strong>Deter photo shots<\/strong>: Con questa funzionalit\u00e0, puoi ridurre i rischi derivanti dallo scatto di fotografie dello schermo. Funziona attraverso una maschera controllata dal puntatore del mouse, che migliora ulteriormente la protezione dei tuoi dati aziendali.<\/li>\n<\/ul>\n                <\/div>\n                            <\/div>\n            <div class=\"col-md-6 text-center\">\n                <figure class=\"imgtext__image\">\n                    <img decoding=\"async\" class=\"img-fluid\" src=\"\" alt=\"\" loading=\"lazy\">\n                                    <\/figure>\n            <\/div>\n        <\/div>\n    <\/div>\n<\/section>\n\n<section id=\"contact_form\" class=\"prodform whitebg\">\n    <div class=\"container\">\n        <div class=\"row\">\n            <div class=\"col-12 text-center\">\n                <h2>Contattaci<\/h2>\n                <div class=\"prodform__text\"><p>In un mondo sempre pi\u00f9 digitalizzato, proteggere le informazioni visualizzate sullo schermo \u00e8 diventato fondamentale per tutte le aziende che vogliono tutelare s\u00e9 e i propri clienti, partner o fornitori. Noi di Boolebox siamo al tuo fianco per aiutarti a proteggere i dati della tua azienda in modo efficace.<\/p>\n<p>Contattaci per ulteriori informazioni e per implementare tecnologie che possono salvaguardare il futuro del tuo business. La tua sicurezza \u00e8 la nostra priorit\u00e0. Insieme possiamo costruire un ambiente digitale pi\u00f9 sicuro.<\/p>\n<\/div>\n            <\/div>\n        <\/div>\n        \n<div class=\"wpcf7 no-js\" id=\"wpcf7-f19-o1\" lang=\"it-IT\" dir=\"ltr\" data-wpcf7-id=\"19\">\n<div class=\"screen-reader-response\"><p role=\"status\" aria-live=\"polite\" aria-atomic=\"true\"><\/p> <ul><\/ul><\/div>\n<form action=\"\/it\/wp-json\/wp\/v2\/pages\/2330#wpcf7-f19-o1\" method=\"post\" class=\"wpcf7-form init 27b674e1b855 cmatic-conn cmatic-aud-3 cmatic-mapd0-0 cmatic-v0978 cmatic-sent-0 cmatic-total-15\" id=\"demo-partner\" aria-label=\"Modulo di contatto\" novalidate=\"novalidate\" data-status=\"init\">\n<fieldset class=\"hidden-fields-container\"><input type=\"hidden\" name=\"_wpcf7\" value=\"19\" \/><input type=\"hidden\" name=\"_wpcf7_version\" value=\"6.1.5\" \/><input type=\"hidden\" name=\"_wpcf7_locale\" value=\"it_IT\" \/><input type=\"hidden\" name=\"_wpcf7_unit_tag\" value=\"wpcf7-f19-o1\" \/><input type=\"hidden\" name=\"_wpcf7_container_post\" value=\"0\" \/><input type=\"hidden\" name=\"_wpcf7_posted_data_hash\" value=\"\" \/><input type=\"hidden\" name=\"_wpcf7_recaptcha_response\" value=\"\" \/>\n<\/fieldset>\n<div id=\"responsive-form\" class=\"clearfix\">\n\t<div class=\"row\">\n\t\t<div class=\"col-md-6\">\n\t\t\t<p><span class=\"wpcf7-form-control-wrap\" data-name=\"your-name\"><input size=\"40\" maxlength=\"400\" class=\"wpcf7-form-control wpcf7-text wpcf7-validates-as-required\" aria-required=\"true\" aria-invalid=\"false\" placeholder=\"Nome *\" value=\"\" type=\"text\" name=\"your-name\" \/><\/span>\n\t\t\t<\/p>\n\t\t<\/div>\n\t\t<div class=\"col-md-6\">\n\t\t\t<p><span class=\"wpcf7-form-control-wrap\" data-name=\"your-surname\"><input size=\"40\" maxlength=\"400\" class=\"wpcf7-form-control wpcf7-text wpcf7-validates-as-required\" aria-required=\"true\" aria-invalid=\"false\" placeholder=\"Cognome *\" value=\"\" type=\"text\" name=\"your-surname\" \/><\/span>\n\t\t\t<\/p>\n\t\t<\/div>\n\t<\/div>\n\t<div class=\"row\">\n\t\t<div class=\"col-md-6\">\n\t\t\t<p><span class=\"wpcf7-form-control-wrap\" data-name=\"your-email\"><input size=\"40\" maxlength=\"400\" class=\"wpcf7-form-control wpcf7-email wpcf7-validates-as-required wpcf7-text wpcf7-validates-as-email\" aria-required=\"true\" aria-invalid=\"false\" placeholder=\"Indirizzo e-mail Aziendale *\" value=\"\" type=\"email\" name=\"your-email\" \/><\/span>\n\t\t\t<\/p>\n\t\t<\/div>\n\t\t<div class=\"col-md-6\">\n\t\t\t<p><span class=\"wpcf7-form-control-wrap\" data-name=\"your-company\"><input size=\"40\" maxlength=\"400\" class=\"wpcf7-form-control wpcf7-text wpcf7-validates-as-required\" aria-required=\"true\" aria-invalid=\"false\" placeholder=\"Azienda *\" value=\"\" type=\"text\" name=\"your-company\" \/><\/span>\n\t\t\t<\/p>\n\t\t<\/div>\n\t<\/div>\n\t<div class=\"row\">\n\t\t<div class=\"col-12\">\n\t\t\t<p><span class=\"wpcf7-form-control-wrap\" data-name=\"your-message\"><textarea cols=\"40\" rows=\"10\" maxlength=\"2000\" class=\"wpcf7-form-control wpcf7-textarea wpcf7-validates-as-required\" aria-required=\"true\" aria-invalid=\"false\" placeholder=\"Messaggio *\" name=\"your-message\"><\/textarea><\/span>\n\t\t\t<\/p>\n\t\t<\/div>\n\t<\/div>\n\t<div class=\"row note\">\n\t\t<div class=\"col-12\">\n\t\t\t<p>Confermo di avere letto ed accetto i <b><a href=\"https:\/\/www.boolebox.com\/it\/termini-di-servizio\/\" target=\"_blank\">Termini di servizio<\/a><\/b> e di aver preso visione della <b><a href=\"https:\/\/www.iubenda.com\/privacy-policy\/19185060\" target=\"_blank\">Privacy Policy Notice<\/a><\/b>\n\t\t\t<\/p>\n\t\t<\/div>\n\t\t<div class=\"col-12\">\n\t\t\t<p><span class=\"wpcf7-form-control-wrap\" data-name=\"acceptance-privacy\"><span class=\"wpcf7-form-control wpcf7-acceptance\"><span class=\"wpcf7-list-item\"><label><input type=\"checkbox\" name=\"acceptance-privacy\" value=\"1\" aria-invalid=\"false\" \/><span class=\"wpcf7-list-item-label\">Confermo e accetto la Privacy Policy *<\/span><\/label><\/span><\/span><\/span>\n\t\t\t<\/p>\n\t\t<\/div>\n\t<\/div>\n\t<div class=\"row note\">\n\t\t<div class=\"col-12\">\n\t\t\t<p>Per il trattamento dei miei dati personali da parte di Boole Server S.r.l. per attivit\u00e0 di marketing attraverso strumenti automatizzati (e-mail, sms, mms, newsletter) e non automatizzati (posta cartacea, telefono con operatore)\n\t\t\t<\/p>\n\t\t<\/div>\n\t\t<div class=\"column-full pt_0\">\n\t\t\t<p><span class=\"wpcf7-form-control-wrap\" data-name=\"acceptance-marketing\"><span class=\"wpcf7-form-control wpcf7-acceptance optional\"><span class=\"wpcf7-list-item\"><label><input type=\"checkbox\" name=\"acceptance-marketing\" value=\"1\" aria-invalid=\"false\" \/><span class=\"wpcf7-list-item-label\">Acconsento per attivit\u00e0 di marketing<\/span><\/label><\/span><\/span><\/span>\n\t\t\t<\/p>\n\t\t<\/div>\n\t<\/div>\n\t<div class=\"row note\">\n\t\t<div class=\"col-12\">\n\t\t\t<p>Per il trattamento dei miei dati personali da parte di Boole Server S.r.l. per finalit\u00e0 di profilazione e invio di comunicazioni personalizzate attraverso strumenti automatizzati (e-mail, sms, mms, newsletter) e non automatizzati (posta cartacea, telefono con operatore)\n\t\t\t<\/p>\n\t\t<\/div>\n\t\t<div class=\"column-full pt_0 \">\n\t\t\t<p><span class=\"wpcf7-form-control-wrap\" data-name=\"acceptance-profiling\"><span class=\"wpcf7-form-control wpcf7-acceptance optional\"><span class=\"wpcf7-list-item\"><label><input type=\"checkbox\" name=\"acceptance-profiling\" value=\"1\" aria-invalid=\"false\" \/><span class=\"wpcf7-list-item-label\">Acconsento per finalit\u00e0 di profilazione<\/span><\/label><\/span><\/span><\/span>\n\t\t\t<\/p>\n\t\t<\/div>\n\t<\/div>\n\t<div class=\"row\">\n\t\t<div class=\"col-12 text-center\">\n\t\t\t<p><input class=\"wpcf7-form-control wpcf7-submit has-spinner\" type=\"submit\" value=\"Invia Richiesta\" \/>\n\t\t\t<\/p>\n\t\t<\/div>\n\t<\/div>\n<\/div><input type='hidden' class='wpcf7-pum' value='{\"closepopup\":false,\"closedelay\":0,\"openpopup\":false,\"openpopup_id\":0}' \/><div class=\"wpcf7-response-output\" aria-hidden=\"true\"><\/div>\n<\/form>\n<\/div>\n    <\/div>\n<\/section>","protected":false},"excerpt":{"rendered":"<p>Noi di Boolebox sappiamo bene quanto sia cruciale la sicurezza dei dati aziendali nell&#8217;era digitale in cui operiamo. Negli anni abbiamo sviluppato diverse applicazioni e software per la protezione dei dati e abbiamo individuato una serie di best practice e comportamenti ad alto rischio nell\u2019uso quotidiano di dispositivi desktop e mobile.&nbsp; Uno degli aspetti che&#8230;<\/p>\n","protected":false},"author":2,"featured_media":1118,"parent":0,"menu_order":0,"comment_status":"closed","ping_status":"closed","template":"","meta":{"footnotes":""},"class_list":["post-2330","page","type-page","status-publish","has-post-thumbnail","hentry"],"yoast_head":"<!-- This site is optimized with the Yoast SEO plugin v27.3 - https:\/\/yoast.com\/product\/yoast-seo-wordpress\/ -->\n<title>Blocco cattura schermo: proteggi privacy e dati da screenshot<\/title>\n<meta name=\"description\" content=\"Perch\u00e9 \u00e8 importante bloccare la cattura schermo per proteggere privacy e dati sensibili? Quali tool si possono utilizzare?\" \/>\n<meta name=\"robots\" content=\"index, follow, max-snippet:-1, max-image-preview:large, max-video-preview:-1\" \/>\n<link rel=\"canonical\" href=\"https:\/\/www.boolebox.com\/it\/bloccare-la-cattura-schermo-perche-e-importante-per-la-sicurezza-dei-dati-aziendali\/\" \/>\n<meta property=\"og:locale\" content=\"it_IT\" \/>\n<meta property=\"og:type\" content=\"article\" \/>\n<meta property=\"og:title\" content=\"Blocco cattura schermo: proteggi privacy e dati da screenshot\" \/>\n<meta property=\"og:description\" content=\"Perch\u00e9 \u00e8 importante bloccare la cattura schermo per proteggere privacy e dati sensibili? Quali tool si possono utilizzare?\" \/>\n<meta property=\"og:url\" content=\"https:\/\/www.boolebox.com\/it\/bloccare-la-cattura-schermo-perche-e-importante-per-la-sicurezza-dei-dati-aziendali\/\" \/>\n<meta property=\"og:site_name\" content=\"Boolebox\" \/>\n<meta property=\"article:publisher\" content=\"https:\/\/www.facebook.com\/boolebox\" \/>\n<meta property=\"og:image\" content=\"https:\/\/www.boolebox.com\/wp-content\/uploads\/2025\/12\/225465324_l-1.jpg\" \/>\n\t<meta property=\"og:image:width\" content=\"1420\" \/>\n\t<meta property=\"og:image:height\" content=\"560\" \/>\n\t<meta property=\"og:image:type\" content=\"image\/jpeg\" \/>\n<meta name=\"twitter:card\" content=\"summary_large_image\" \/>\n<meta name=\"twitter:label1\" content=\"Tempo di lettura stimato\" \/>\n\t<meta name=\"twitter:data1\" content=\"3 minuti\" \/>\n<script type=\"application\/ld+json\" class=\"yoast-schema-graph\">{\"@context\":\"https:\\\/\\\/schema.org\",\"@graph\":[{\"@type\":\"WebPage\",\"@id\":\"https:\\\/\\\/www.boolebox.com\\\/it\\\/bloccare-la-cattura-schermo-perche-e-importante-per-la-sicurezza-dei-dati-aziendali\\\/\",\"url\":\"https:\\\/\\\/www.boolebox.com\\\/it\\\/bloccare-la-cattura-schermo-perche-e-importante-per-la-sicurezza-dei-dati-aziendali\\\/\",\"name\":\"Blocco cattura schermo: proteggi privacy e dati da screenshot\",\"isPartOf\":{\"@id\":\"https:\\\/\\\/www.boolebox.com\\\/it\\\/#website\"},\"primaryImageOfPage\":{\"@id\":\"https:\\\/\\\/www.boolebox.com\\\/it\\\/bloccare-la-cattura-schermo-perche-e-importante-per-la-sicurezza-dei-dati-aziendali\\\/#primaryimage\"},\"image\":{\"@id\":\"https:\\\/\\\/www.boolebox.com\\\/it\\\/bloccare-la-cattura-schermo-perche-e-importante-per-la-sicurezza-dei-dati-aziendali\\\/#primaryimage\"},\"thumbnailUrl\":\"https:\\\/\\\/www.boolebox.com\\\/wp-content\\\/uploads\\\/2025\\\/12\\\/225465324_l-1.jpg\",\"datePublished\":\"2025-12-15T10:00:09+00:00\",\"description\":\"Perch\u00e9 \u00e8 importante bloccare la cattura schermo per proteggere privacy e dati sensibili? Quali tool si possono utilizzare?\",\"breadcrumb\":{\"@id\":\"https:\\\/\\\/www.boolebox.com\\\/it\\\/bloccare-la-cattura-schermo-perche-e-importante-per-la-sicurezza-dei-dati-aziendali\\\/#breadcrumb\"},\"inLanguage\":\"it-IT\",\"potentialAction\":[{\"@type\":\"ReadAction\",\"target\":[\"https:\\\/\\\/www.boolebox.com\\\/it\\\/bloccare-la-cattura-schermo-perche-e-importante-per-la-sicurezza-dei-dati-aziendali\\\/\"]}]},{\"@type\":\"ImageObject\",\"inLanguage\":\"it-IT\",\"@id\":\"https:\\\/\\\/www.boolebox.com\\\/it\\\/bloccare-la-cattura-schermo-perche-e-importante-per-la-sicurezza-dei-dati-aziendali\\\/#primaryimage\",\"url\":\"https:\\\/\\\/www.boolebox.com\\\/wp-content\\\/uploads\\\/2025\\\/12\\\/225465324_l-1.jpg\",\"contentUrl\":\"https:\\\/\\\/www.boolebox.com\\\/wp-content\\\/uploads\\\/2025\\\/12\\\/225465324_l-1.jpg\",\"width\":1420,\"height\":560},{\"@type\":\"BreadcrumbList\",\"@id\":\"https:\\\/\\\/www.boolebox.com\\\/it\\\/bloccare-la-cattura-schermo-perche-e-importante-per-la-sicurezza-dei-dati-aziendali\\\/#breadcrumb\",\"itemListElement\":[{\"@type\":\"ListItem\",\"position\":1,\"name\":\"Home\",\"item\":\"https:\\\/\\\/www.boolebox.com\\\/it\\\/\"},{\"@type\":\"ListItem\",\"position\":2,\"name\":\"Bloccare la cattura schermo: perch\u00e9 \u00e8 importante per la sicurezza dei dati aziendali\"}]},{\"@type\":\"WebSite\",\"@id\":\"https:\\\/\\\/www.boolebox.com\\\/it\\\/#website\",\"url\":\"https:\\\/\\\/www.boolebox.com\\\/it\\\/\",\"name\":\"Boolebox - Software protezione Dati\",\"description\":\"\",\"publisher\":{\"@id\":\"https:\\\/\\\/www.boolebox.com\\\/it\\\/#organization\"},\"alternateName\":\"Boole Server Srl\",\"potentialAction\":[{\"@type\":\"SearchAction\",\"target\":{\"@type\":\"EntryPoint\",\"urlTemplate\":\"https:\\\/\\\/www.boolebox.com\\\/it\\\/?s={search_term_string}\"},\"query-input\":{\"@type\":\"PropertyValueSpecification\",\"valueRequired\":true,\"valueName\":\"search_term_string\"}}],\"inLanguage\":\"it-IT\"},{\"@type\":\"Organization\",\"@id\":\"https:\\\/\\\/www.boolebox.com\\\/it\\\/#organization\",\"name\":\"Boolebox\",\"alternateName\":\"Boole Server Srl\",\"url\":\"https:\\\/\\\/www.boolebox.com\\\/it\\\/\",\"logo\":{\"@type\":\"ImageObject\",\"inLanguage\":\"it-IT\",\"@id\":\"https:\\\/\\\/www.boolebox.com\\\/it\\\/#\\\/schema\\\/logo\\\/image\\\/\",\"url\":\"https:\\\/\\\/www.boolebox.com\\\/wp-content\\\/uploads\\\/2025\\\/12\\\/Secure-Password-positivo-1.svg\",\"contentUrl\":\"https:\\\/\\\/www.boolebox.com\\\/wp-content\\\/uploads\\\/2025\\\/12\\\/Secure-Password-positivo-1.svg\",\"width\":1,\"height\":1,\"caption\":\"Boolebox\"},\"image\":{\"@id\":\"https:\\\/\\\/www.boolebox.com\\\/it\\\/#\\\/schema\\\/logo\\\/image\\\/\"},\"sameAs\":[\"https:\\\/\\\/www.facebook.com\\\/boolebox\",\"https:\\\/\\\/www.linkedin.com\\\/company\\\/boolebox\\\/\"]}]}<\/script>\n<!-- \/ Yoast SEO plugin. -->","yoast_head_json":{"title":"Blocco cattura schermo: proteggi privacy e dati da screenshot","description":"Perch\u00e9 \u00e8 importante bloccare la cattura schermo per proteggere privacy e dati sensibili? Quali tool si possono utilizzare?","robots":{"index":"index","follow":"follow","max-snippet":"max-snippet:-1","max-image-preview":"max-image-preview:large","max-video-preview":"max-video-preview:-1"},"canonical":"https:\/\/www.boolebox.com\/it\/bloccare-la-cattura-schermo-perche-e-importante-per-la-sicurezza-dei-dati-aziendali\/","og_locale":"it_IT","og_type":"article","og_title":"Blocco cattura schermo: proteggi privacy e dati da screenshot","og_description":"Perch\u00e9 \u00e8 importante bloccare la cattura schermo per proteggere privacy e dati sensibili? Quali tool si possono utilizzare?","og_url":"https:\/\/www.boolebox.com\/it\/bloccare-la-cattura-schermo-perche-e-importante-per-la-sicurezza-dei-dati-aziendali\/","og_site_name":"Boolebox","article_publisher":"https:\/\/www.facebook.com\/boolebox","og_image":[{"width":1420,"height":560,"url":"https:\/\/www.boolebox.com\/wp-content\/uploads\/2025\/12\/225465324_l-1.jpg","type":"image\/jpeg"}],"twitter_card":"summary_large_image","twitter_misc":{"Tempo di lettura stimato":"3 minuti"},"schema":{"@context":"https:\/\/schema.org","@graph":[{"@type":"WebPage","@id":"https:\/\/www.boolebox.com\/it\/bloccare-la-cattura-schermo-perche-e-importante-per-la-sicurezza-dei-dati-aziendali\/","url":"https:\/\/www.boolebox.com\/it\/bloccare-la-cattura-schermo-perche-e-importante-per-la-sicurezza-dei-dati-aziendali\/","name":"Blocco cattura schermo: proteggi privacy e dati da screenshot","isPartOf":{"@id":"https:\/\/www.boolebox.com\/it\/#website"},"primaryImageOfPage":{"@id":"https:\/\/www.boolebox.com\/it\/bloccare-la-cattura-schermo-perche-e-importante-per-la-sicurezza-dei-dati-aziendali\/#primaryimage"},"image":{"@id":"https:\/\/www.boolebox.com\/it\/bloccare-la-cattura-schermo-perche-e-importante-per-la-sicurezza-dei-dati-aziendali\/#primaryimage"},"thumbnailUrl":"https:\/\/www.boolebox.com\/wp-content\/uploads\/2025\/12\/225465324_l-1.jpg","datePublished":"2025-12-15T10:00:09+00:00","description":"Perch\u00e9 \u00e8 importante bloccare la cattura schermo per proteggere privacy e dati sensibili? Quali tool si possono utilizzare?","breadcrumb":{"@id":"https:\/\/www.boolebox.com\/it\/bloccare-la-cattura-schermo-perche-e-importante-per-la-sicurezza-dei-dati-aziendali\/#breadcrumb"},"inLanguage":"it-IT","potentialAction":[{"@type":"ReadAction","target":["https:\/\/www.boolebox.com\/it\/bloccare-la-cattura-schermo-perche-e-importante-per-la-sicurezza-dei-dati-aziendali\/"]}]},{"@type":"ImageObject","inLanguage":"it-IT","@id":"https:\/\/www.boolebox.com\/it\/bloccare-la-cattura-schermo-perche-e-importante-per-la-sicurezza-dei-dati-aziendali\/#primaryimage","url":"https:\/\/www.boolebox.com\/wp-content\/uploads\/2025\/12\/225465324_l-1.jpg","contentUrl":"https:\/\/www.boolebox.com\/wp-content\/uploads\/2025\/12\/225465324_l-1.jpg","width":1420,"height":560},{"@type":"BreadcrumbList","@id":"https:\/\/www.boolebox.com\/it\/bloccare-la-cattura-schermo-perche-e-importante-per-la-sicurezza-dei-dati-aziendali\/#breadcrumb","itemListElement":[{"@type":"ListItem","position":1,"name":"Home","item":"https:\/\/www.boolebox.com\/it\/"},{"@type":"ListItem","position":2,"name":"Bloccare la cattura schermo: perch\u00e9 \u00e8 importante per la sicurezza dei dati aziendali"}]},{"@type":"WebSite","@id":"https:\/\/www.boolebox.com\/it\/#website","url":"https:\/\/www.boolebox.com\/it\/","name":"Boolebox - Software protezione Dati","description":"","publisher":{"@id":"https:\/\/www.boolebox.com\/it\/#organization"},"alternateName":"Boole Server Srl","potentialAction":[{"@type":"SearchAction","target":{"@type":"EntryPoint","urlTemplate":"https:\/\/www.boolebox.com\/it\/?s={search_term_string}"},"query-input":{"@type":"PropertyValueSpecification","valueRequired":true,"valueName":"search_term_string"}}],"inLanguage":"it-IT"},{"@type":"Organization","@id":"https:\/\/www.boolebox.com\/it\/#organization","name":"Boolebox","alternateName":"Boole Server Srl","url":"https:\/\/www.boolebox.com\/it\/","logo":{"@type":"ImageObject","inLanguage":"it-IT","@id":"https:\/\/www.boolebox.com\/it\/#\/schema\/logo\/image\/","url":"https:\/\/www.boolebox.com\/wp-content\/uploads\/2025\/12\/Secure-Password-positivo-1.svg","contentUrl":"https:\/\/www.boolebox.com\/wp-content\/uploads\/2025\/12\/Secure-Password-positivo-1.svg","width":1,"height":1,"caption":"Boolebox"},"image":{"@id":"https:\/\/www.boolebox.com\/it\/#\/schema\/logo\/image\/"},"sameAs":["https:\/\/www.facebook.com\/boolebox","https:\/\/www.linkedin.com\/company\/boolebox\/"]}]}},"_links":{"self":[{"href":"https:\/\/www.boolebox.com\/it\/wp-json\/wp\/v2\/pages\/2330","targetHints":{"allow":["GET"]}}],"collection":[{"href":"https:\/\/www.boolebox.com\/it\/wp-json\/wp\/v2\/pages"}],"about":[{"href":"https:\/\/www.boolebox.com\/it\/wp-json\/wp\/v2\/types\/page"}],"author":[{"embeddable":true,"href":"https:\/\/www.boolebox.com\/it\/wp-json\/wp\/v2\/users\/2"}],"replies":[{"embeddable":true,"href":"https:\/\/www.boolebox.com\/it\/wp-json\/wp\/v2\/comments?post=2330"}],"version-history":[{"count":2,"href":"https:\/\/www.boolebox.com\/it\/wp-json\/wp\/v2\/pages\/2330\/revisions"}],"predecessor-version":[{"id":2610,"href":"https:\/\/www.boolebox.com\/it\/wp-json\/wp\/v2\/pages\/2330\/revisions\/2610"}],"wp:featuredmedia":[{"embeddable":true,"href":"https:\/\/www.boolebox.com\/it\/wp-json\/wp\/v2\/media\/1118"}],"wp:attachment":[{"href":"https:\/\/www.boolebox.com\/it\/wp-json\/wp\/v2\/media?parent=2330"}],"curies":[{"name":"wp","href":"https:\/\/api.w.org\/{rel}","templated":true}]}}