{"id":2573,"date":"2025-11-21T16:47:31","date_gmt":"2025-11-21T16:47:31","guid":{"rendered":"https:\/\/www.boolebox.com\/demo-boolebox\/"},"modified":"2025-12-16T16:00:38","modified_gmt":"2025-12-16T16:00:38","slug":"demander-une-demo","status":"publish","type":"page","link":"https:\/\/www.boolebox.com\/fr\/demander-une-demo\/","title":{"rendered":"Demander une d\u00e9mo"},"content":{"rendered":"<section class=\"herosecond style1\">\n    <div class=\"container\">\n        <div class=\"row\">\n            <div class=\"col-md-6\">\n                <h1>Demander une d\u00e9mo<\/h1>\n                <div class=\"herosecond__text\"><p>Mettez-nous \u00e0 l&rsquo;\u00e9preuve. Remplissez le formulaire pour demander une d\u00e9mo gratuite pour votre entreprise. Vous toucherez du doigt l&rsquo;efficacit\u00e9 des solutions de protection des donn\u00e9es d&rsquo;entreprise de Boolebox.<\/p>\n<\/div>\n                                            <\/div>\n            <div class=\"col-md-6 position-relative\">\n                <figure class=\"imgbanner_one two_img\"><img decoding=\"async\" src=\"https:\/\/www.boolebox.com\/wp-content\/uploads\/2025\/11\/rd1.jpg\" alt=\"\"><\/figure>\n                                    <figure class=\"imgbanner_two\"><img decoding=\"async\" src=\"https:\/\/www.boolebox.com\/wp-content\/uploads\/2025\/11\/rd2.jpg\" alt=\"\"><\/figure>\n                            <\/div>\n        <\/div>\n    <\/div>\n<\/section>\n\n<section id=\"contact_form\" class=\"prodform whitebg\">\n    <div class=\"container\">\n        <div class=\"row\">\n            <div class=\"col-12 text-center\">\n                <h2>Laissez-vous conseiller par nos experts<\/h2>\n                <div class=\"prodform__text\"><\/div>\n            <\/div>\n        <\/div>\n        \n<div class=\"wpcf7 no-js\" id=\"wpcf7-f1514-o1\" lang=\"fr-FR\" dir=\"ltr\" data-wpcf7-id=\"1514\">\n<div class=\"screen-reader-response\"><p role=\"status\" aria-live=\"polite\" aria-atomic=\"true\"><\/p> <ul><\/ul><\/div>\n<form action=\"\/fr\/wp-json\/wp\/v2\/pages\/2573#wpcf7-f1514-o1\" method=\"post\" class=\"wpcf7-form init 27b674e1b855 cmatic-conn cmatic-aud-3 cmatic-mapd0-0 cmatic-v0978 cmatic-sent-0 cmatic-total-15\" id=\"demo-partner\" aria-label=\"Formulaire de contact\" novalidate=\"novalidate\" data-status=\"init\">\n<fieldset class=\"hidden-fields-container\"><input type=\"hidden\" name=\"_wpcf7\" value=\"1514\" \/><input type=\"hidden\" name=\"_wpcf7_version\" value=\"6.1.5\" \/><input type=\"hidden\" name=\"_wpcf7_locale\" value=\"fr_FR\" \/><input type=\"hidden\" name=\"_wpcf7_unit_tag\" value=\"wpcf7-f1514-o1\" \/><input type=\"hidden\" name=\"_wpcf7_container_post\" value=\"0\" \/><input type=\"hidden\" name=\"_wpcf7_posted_data_hash\" value=\"\" \/><input type=\"hidden\" name=\"_wpcf7_recaptcha_response\" value=\"\" \/>\n<\/fieldset>\n<div id=\"responsive-form\" class=\"clearfix\">\n\t<div class=\"row\">\n\t\t<div class=\"col-md-6\">\n\t\t\t<p><span class=\"wpcf7-form-control-wrap\" data-name=\"your-name\"><input size=\"40\" maxlength=\"400\" class=\"wpcf7-form-control wpcf7-text wpcf7-validates-as-required\" aria-required=\"true\" aria-invalid=\"false\" placeholder=\"Nom *\" value=\"\" type=\"text\" name=\"your-name\" \/><\/span>\n\t\t\t<\/p>\n\t\t<\/div>\n\t\t<div class=\"col-md-6\">\n\t\t\t<p><span class=\"wpcf7-form-control-wrap\" data-name=\"your-surname\"><input size=\"40\" maxlength=\"400\" class=\"wpcf7-form-control wpcf7-text wpcf7-validates-as-required\" aria-required=\"true\" aria-invalid=\"false\" placeholder=\"Nom de famille *\" value=\"\" type=\"text\" name=\"your-surname\" \/><\/span>\n\t\t\t<\/p>\n\t\t<\/div>\n\t<\/div>\n\t<div class=\"row\">\n\t\t<div class=\"col-md-6\">\n\t\t\t<p><span class=\"wpcf7-form-control-wrap\" data-name=\"your-email\"><input size=\"40\" maxlength=\"400\" class=\"wpcf7-form-control wpcf7-email wpcf7-validates-as-required wpcf7-text wpcf7-validates-as-email\" aria-required=\"true\" aria-invalid=\"false\" placeholder=\"Adresse e-mail de l&#039;entreprise *\" value=\"\" type=\"email\" name=\"your-email\" \/><\/span>\n\t\t\t<\/p>\n\t\t<\/div>\n\t\t<div class=\"col-md-6\">\n\t\t\t<p><span class=\"wpcf7-form-control-wrap\" data-name=\"your-company\"><input size=\"40\" maxlength=\"400\" class=\"wpcf7-form-control wpcf7-text wpcf7-validates-as-required\" aria-required=\"true\" aria-invalid=\"false\" placeholder=\"Entreprise *\" value=\"\" type=\"text\" name=\"your-company\" \/><\/span>\n\t\t\t<\/p>\n\t\t<\/div>\n\t<\/div>\n\t<div class=\"row\">\n\t\t<div class=\"col-12\">\n\t\t\t<p><span class=\"wpcf7-form-control-wrap\" data-name=\"your-message\"><textarea cols=\"40\" rows=\"10\" maxlength=\"2000\" class=\"wpcf7-form-control wpcf7-textarea wpcf7-validates-as-required\" aria-required=\"true\" aria-invalid=\"false\" placeholder=\"Message *\" name=\"your-message\"><\/textarea><\/span>\n\t\t\t<\/p>\n\t\t<\/div>\n\t<\/div>\n\t<div class=\"row note\">\n\t\t<div class=\"col-12\">\n\t\t\t<p>Je confirme avoir lu et accept\u00e9 les <b><a href=\"https:\/\/www.boolebox.com\/fr\/conditions-utilisation\/\" target=\"_blank\">Conditions d&rsquo;utilisation<\/a><\/b> et avoir lu et compris la <b><a href=\"https:\/\/www.iubenda.com\/privacy-policy\/78115687\" target=\"_blank\">Politique de confidentialit\u00e9<\/a><\/b>\n\t\t\t<\/p>\n\t\t<\/div>\n\t\t<div class=\"col-12\">\n\t\t\t<p><span class=\"wpcf7-form-control-wrap\" data-name=\"acceptance-privacy\"><span class=\"wpcf7-form-control wpcf7-acceptance\"><span class=\"wpcf7-list-item\"><label><input type=\"checkbox\" name=\"acceptance-privacy\" value=\"1\" aria-invalid=\"false\" \/><span class=\"wpcf7-list-item-label\">Je confirme et j&rsquo;accepte la politique de confidentialit\u00e9 *<\/span><\/label><\/span><\/span><\/span>\n\t\t\t<\/p>\n\t\t<\/div>\n\t<\/div>\n\t<div class=\"row note\">\n\t\t<div class=\"col-12\">\n\t\t\t<p>Pour le traitement de mes donn\u00e9es personnelles effectu\u00e9 par Boole Server s.r.l. pour des op\u00e9rations de marketing r\u00e9alis\u00e9es via des outils automatis\u00e9s (courriel, SMS, MMS, fax, r\u00e9pondeurs automatiques) et des outils non automatis\u00e9s (courrier, t\u00e9l\u00e9phone avec op\u00e9rateur)\n\t\t\t<\/p>\n\t\t<\/div>\n\t\t<div class=\"column-full pt_0\">\n\t\t\t<p><span class=\"wpcf7-form-control-wrap\" data-name=\"acceptance-marketing\"><span class=\"wpcf7-form-control wpcf7-acceptance optional\"><span class=\"wpcf7-list-item\"><label><input type=\"checkbox\" name=\"acceptance-marketing\" value=\"1\" aria-invalid=\"false\" \/><span class=\"wpcf7-list-item-label\">Je consens aux op\u00e9rations de marketing<\/span><\/label><\/span><\/span><\/span>\n\t\t\t<\/p>\n\t\t<\/div>\n\t<\/div>\n\t<div class=\"row note\">\n\t\t<div class=\"col-12\">\n\t\t\t<p>Pour le traitement de mes donn\u00e9es personnelles effectu\u00e9 par Boole Server s.r.l. aux fins de profilage et d&rsquo;envoi de communications personnalis\u00e9es par des outils automatis\u00e9s (courriel, SMS, MMS, newsletter) et non automatis\u00e9s (courrier, t\u00e9l\u00e9phone avec op\u00e9rateur)\n\t\t\t<\/p>\n\t\t<\/div>\n\t\t<div class=\"column-full pt_0 \">\n\t\t\t<p><span class=\"wpcf7-form-control-wrap\" data-name=\"acceptance-profiling\"><span class=\"wpcf7-form-control wpcf7-acceptance optional\"><span class=\"wpcf7-list-item\"><label><input type=\"checkbox\" name=\"acceptance-profiling\" value=\"1\" aria-invalid=\"false\" \/><span class=\"wpcf7-list-item-label\">Je consens aux op\u00e9rations de profilage.<\/span><\/label><\/span><\/span><\/span>\n\t\t\t<\/p>\n\t\t<\/div>\n\t<\/div>\n\t<div class=\"row\">\n\t\t<div class=\"col-12 text-center\">\n\t\t\t<p><input class=\"wpcf7-form-control wpcf7-submit has-spinner\" type=\"submit\" value=\"Envoyer la demande\" \/>\n\t\t\t<\/p>\n\t\t<\/div>\n\t<\/div>\n<\/div><input type='hidden' class='wpcf7-pum' value='{\"closepopup\":false,\"closedelay\":0,\"openpopup\":false,\"openpopup_id\":0}' \/><div class=\"wpcf7-response-output\" aria-hidden=\"true\"><\/div>\n<\/form>\n<\/div>\n    <\/div>\n<\/section>\n\n<section class=\"brands bg\">\n    <div class=\"container\">\n        <div class=\"row\">\n            <div class=\"col-12\">\n                <h4 class=\"brands__title text-center\">Les multinationales, les organisations internationales et les PME ont d\u00e9j\u00e0 choisi nos services de cybers\u00e9curit\u00e9 pour prot\u00e9ger leurs donn\u00e9es d&rsquo;entreprise.<\/h4>\n                <div class=\"brands__carousel\">\n                                            <div class=\"brands__item\"><img decoding=\"async\" class=\"img-fluid\" src=\"https:\/\/www.boolebox.com\/wp-content\/uploads\/2026\/01\/banco_bpm@2x.png\" alt=\"\" loading=\"lazy\"><\/div>\n                                            <div class=\"brands__item\"><img decoding=\"async\" class=\"img-fluid\" src=\"https:\/\/www.boolebox.com\/wp-content\/uploads\/2026\/01\/eni@2x.png\" alt=\"\" loading=\"lazy\"><\/div>\n                                            <div class=\"brands__item\"><img decoding=\"async\" class=\"img-fluid\" src=\"https:\/\/www.boolebox.com\/wp-content\/uploads\/2026\/01\/qatar_airways@2x.png\" alt=\"\" loading=\"lazy\"><\/div>\n                                            <div class=\"brands__item\"><img decoding=\"async\" class=\"img-fluid\" src=\"https:\/\/www.boolebox.com\/wp-content\/uploads\/2026\/01\/european_commission@2x.png\" alt=\"\" loading=\"lazy\"><\/div>\n                                            <div class=\"brands__item\"><img decoding=\"async\" class=\"img-fluid\" src=\"https:\/\/www.boolebox.com\/wp-content\/uploads\/2026\/01\/sodexo@2x.png\" alt=\"\" loading=\"lazy\"><\/div>\n                                            <div class=\"brands__item\"><img decoding=\"async\" class=\"img-fluid\" src=\"https:\/\/www.boolebox.com\/wp-content\/uploads\/2026\/01\/european__external_action@2x.png\" alt=\"\" loading=\"lazy\"><\/div>\n                                    <\/div>\n            <\/div>\n        <\/div>\n    <\/div>\n<\/section>","protected":false},"excerpt":{"rendered":"","protected":false},"author":1,"featured_media":0,"parent":0,"menu_order":0,"comment_status":"closed","ping_status":"closed","template":"","meta":{"footnotes":""},"class_list":["post-2573","page","type-page","status-publish","hentry"],"yoast_head":"<!-- This site is optimized with the Yoast SEO plugin v27.3 - https:\/\/yoast.com\/product\/yoast-seo-wordpress\/ -->\n<title>Demander une d\u00e9mo | Boolebox<\/title>\n<meta name=\"robots\" content=\"index, follow, max-snippet:-1, max-image-preview:large, max-video-preview:-1\" \/>\n<link rel=\"canonical\" href=\"https:\/\/www.boolebox.com\/fr\/demander-une-demo\/\" \/>\n<meta property=\"og:locale\" content=\"fr_FR\" \/>\n<meta property=\"og:type\" content=\"article\" \/>\n<meta property=\"og:title\" content=\"Demander une d\u00e9mo | Boolebox\" \/>\n<meta property=\"og:url\" content=\"https:\/\/www.boolebox.com\/fr\/demander-une-demo\/\" \/>\n<meta property=\"og:site_name\" content=\"Boolebox\" \/>\n<meta property=\"article:publisher\" content=\"https:\/\/www.facebook.com\/boolebox\" \/>\n<meta property=\"article:modified_time\" content=\"2025-12-16T16:00:38+00:00\" \/>\n<meta name=\"twitter:card\" content=\"summary_large_image\" \/>\n<script type=\"application\/ld+json\" class=\"yoast-schema-graph\">{\"@context\":\"https:\\\/\\\/schema.org\",\"@graph\":[{\"@type\":\"WebPage\",\"@id\":\"https:\\\/\\\/www.boolebox.com\\\/fr\\\/demander-une-demo\\\/\",\"url\":\"https:\\\/\\\/www.boolebox.com\\\/fr\\\/demander-une-demo\\\/\",\"name\":\"Demander une d\u00e9mo | Boolebox\",\"isPartOf\":{\"@id\":\"https:\\\/\\\/www.boolebox.com\\\/fr\\\/#website\"},\"datePublished\":\"2025-11-21T16:47:31+00:00\",\"dateModified\":\"2025-12-16T16:00:38+00:00\",\"breadcrumb\":{\"@id\":\"https:\\\/\\\/www.boolebox.com\\\/fr\\\/demander-une-demo\\\/#breadcrumb\"},\"inLanguage\":\"fr-FR\",\"potentialAction\":[{\"@type\":\"ReadAction\",\"target\":[\"https:\\\/\\\/www.boolebox.com\\\/fr\\\/demander-une-demo\\\/\"]}]},{\"@type\":\"BreadcrumbList\",\"@id\":\"https:\\\/\\\/www.boolebox.com\\\/fr\\\/demander-une-demo\\\/#breadcrumb\",\"itemListElement\":[{\"@type\":\"ListItem\",\"position\":1,\"name\":\"Home\",\"item\":\"https:\\\/\\\/www.boolebox.com\\\/fr\\\/\"},{\"@type\":\"ListItem\",\"position\":2,\"name\":\"Demander une d\u00e9mo\"}]},{\"@type\":\"WebSite\",\"@id\":\"https:\\\/\\\/www.boolebox.com\\\/fr\\\/#website\",\"url\":\"https:\\\/\\\/www.boolebox.com\\\/fr\\\/\",\"name\":\"Boolebox - Software protezione Dati\",\"description\":\"\",\"publisher\":{\"@id\":\"https:\\\/\\\/www.boolebox.com\\\/fr\\\/#organization\"},\"alternateName\":\"Boole Server Srl\",\"potentialAction\":[{\"@type\":\"SearchAction\",\"target\":{\"@type\":\"EntryPoint\",\"urlTemplate\":\"https:\\\/\\\/www.boolebox.com\\\/fr\\\/?s={search_term_string}\"},\"query-input\":{\"@type\":\"PropertyValueSpecification\",\"valueRequired\":true,\"valueName\":\"search_term_string\"}}],\"inLanguage\":\"fr-FR\"},{\"@type\":\"Organization\",\"@id\":\"https:\\\/\\\/www.boolebox.com\\\/fr\\\/#organization\",\"name\":\"Boolebox\",\"alternateName\":\"Boole Server Srl\",\"url\":\"https:\\\/\\\/www.boolebox.com\\\/fr\\\/\",\"logo\":{\"@type\":\"ImageObject\",\"inLanguage\":\"fr-FR\",\"@id\":\"https:\\\/\\\/www.boolebox.com\\\/fr\\\/#\\\/schema\\\/logo\\\/image\\\/\",\"url\":\"https:\\\/\\\/www.boolebox.com\\\/wp-content\\\/uploads\\\/2025\\\/12\\\/Secure-Password-positivo-1.svg\",\"contentUrl\":\"https:\\\/\\\/www.boolebox.com\\\/wp-content\\\/uploads\\\/2025\\\/12\\\/Secure-Password-positivo-1.svg\",\"width\":1,\"height\":1,\"caption\":\"Boolebox\"},\"image\":{\"@id\":\"https:\\\/\\\/www.boolebox.com\\\/fr\\\/#\\\/schema\\\/logo\\\/image\\\/\"},\"sameAs\":[\"https:\\\/\\\/www.facebook.com\\\/boolebox\",\"https:\\\/\\\/www.linkedin.com\\\/company\\\/boolebox\\\/\"]}]}<\/script>\n<!-- \/ Yoast SEO plugin. -->","yoast_head_json":{"title":"Demander une d\u00e9mo | Boolebox","robots":{"index":"index","follow":"follow","max-snippet":"max-snippet:-1","max-image-preview":"max-image-preview:large","max-video-preview":"max-video-preview:-1"},"canonical":"https:\/\/www.boolebox.com\/fr\/demander-une-demo\/","og_locale":"fr_FR","og_type":"article","og_title":"Demander une d\u00e9mo | Boolebox","og_url":"https:\/\/www.boolebox.com\/fr\/demander-une-demo\/","og_site_name":"Boolebox","article_publisher":"https:\/\/www.facebook.com\/boolebox","article_modified_time":"2025-12-16T16:00:38+00:00","twitter_card":"summary_large_image","schema":{"@context":"https:\/\/schema.org","@graph":[{"@type":"WebPage","@id":"https:\/\/www.boolebox.com\/fr\/demander-une-demo\/","url":"https:\/\/www.boolebox.com\/fr\/demander-une-demo\/","name":"Demander une d\u00e9mo | Boolebox","isPartOf":{"@id":"https:\/\/www.boolebox.com\/fr\/#website"},"datePublished":"2025-11-21T16:47:31+00:00","dateModified":"2025-12-16T16:00:38+00:00","breadcrumb":{"@id":"https:\/\/www.boolebox.com\/fr\/demander-une-demo\/#breadcrumb"},"inLanguage":"fr-FR","potentialAction":[{"@type":"ReadAction","target":["https:\/\/www.boolebox.com\/fr\/demander-une-demo\/"]}]},{"@type":"BreadcrumbList","@id":"https:\/\/www.boolebox.com\/fr\/demander-une-demo\/#breadcrumb","itemListElement":[{"@type":"ListItem","position":1,"name":"Home","item":"https:\/\/www.boolebox.com\/fr\/"},{"@type":"ListItem","position":2,"name":"Demander une d\u00e9mo"}]},{"@type":"WebSite","@id":"https:\/\/www.boolebox.com\/fr\/#website","url":"https:\/\/www.boolebox.com\/fr\/","name":"Boolebox - Software protezione Dati","description":"","publisher":{"@id":"https:\/\/www.boolebox.com\/fr\/#organization"},"alternateName":"Boole Server Srl","potentialAction":[{"@type":"SearchAction","target":{"@type":"EntryPoint","urlTemplate":"https:\/\/www.boolebox.com\/fr\/?s={search_term_string}"},"query-input":{"@type":"PropertyValueSpecification","valueRequired":true,"valueName":"search_term_string"}}],"inLanguage":"fr-FR"},{"@type":"Organization","@id":"https:\/\/www.boolebox.com\/fr\/#organization","name":"Boolebox","alternateName":"Boole Server Srl","url":"https:\/\/www.boolebox.com\/fr\/","logo":{"@type":"ImageObject","inLanguage":"fr-FR","@id":"https:\/\/www.boolebox.com\/fr\/#\/schema\/logo\/image\/","url":"https:\/\/www.boolebox.com\/wp-content\/uploads\/2025\/12\/Secure-Password-positivo-1.svg","contentUrl":"https:\/\/www.boolebox.com\/wp-content\/uploads\/2025\/12\/Secure-Password-positivo-1.svg","width":1,"height":1,"caption":"Boolebox"},"image":{"@id":"https:\/\/www.boolebox.com\/fr\/#\/schema\/logo\/image\/"},"sameAs":["https:\/\/www.facebook.com\/boolebox","https:\/\/www.linkedin.com\/company\/boolebox\/"]}]}},"_links":{"self":[{"href":"https:\/\/www.boolebox.com\/fr\/wp-json\/wp\/v2\/pages\/2573","targetHints":{"allow":["GET"]}}],"collection":[{"href":"https:\/\/www.boolebox.com\/fr\/wp-json\/wp\/v2\/pages"}],"about":[{"href":"https:\/\/www.boolebox.com\/fr\/wp-json\/wp\/v2\/types\/page"}],"author":[{"embeddable":true,"href":"https:\/\/www.boolebox.com\/fr\/wp-json\/wp\/v2\/users\/1"}],"replies":[{"embeddable":true,"href":"https:\/\/www.boolebox.com\/fr\/wp-json\/wp\/v2\/comments?post=2573"}],"version-history":[{"count":8,"href":"https:\/\/www.boolebox.com\/fr\/wp-json\/wp\/v2\/pages\/2573\/revisions"}],"predecessor-version":[{"id":3372,"href":"https:\/\/www.boolebox.com\/fr\/wp-json\/wp\/v2\/pages\/2573\/revisions\/3372"}],"wp:attachment":[{"href":"https:\/\/www.boolebox.com\/fr\/wp-json\/wp\/v2\/media?parent=2573"}],"curies":[{"name":"wp","href":"https:\/\/api.w.org\/{rel}","templated":true}]}}