{"id":2362,"date":"2025-11-18T17:06:43","date_gmt":"2025-11-18T17:06:43","guid":{"rendered":"https:\/\/www.boolebox.com\/sicurezza-informatica-banca-finanza\/"},"modified":"2025-12-16T13:19:17","modified_gmt":"2025-12-16T13:19:17","slug":"banque-et-finance","status":"publish","type":"page","link":"https:\/\/www.boolebox.com\/fr\/banque-et-finance\/","title":{"rendered":"Banque et Finance"},"content":{"rendered":"<section class=\"herosecond style1\">\n    <div class=\"container\">\n        <div class=\"row\">\n            <div class=\"col-md-6\">\n                <h1>Banque et Finance<\/h1>\n                <div class=\"herosecond__text\"><p>Notre suite Boolebox propose des solutions de protection des donn\u00e9es pour les banques, \u00e9tablissements de cr\u00e9dit, compagnies d\u2019assurance et soci\u00e9t\u00e9s financi\u00e8res, avec une technologie propri\u00e9taire d\u00e9velopp\u00e9e en Italie qui garantit conformit\u00e9, contr\u00f4le et confidentialit\u00e9.<\/p>\n<\/div>\n                                    <a href=\"https:\/\/www.boolebox.com\/fr\/demander-une-demo\/\" class=\"bnt l-green\">Demandez une D\u00c9MO GRATUITE<\/a>\n                                            <\/div>\n            <div class=\"col-md-6 position-relative\">\n                <figure class=\"imgbanner_one two_img\"><img decoding=\"async\" src=\"https:\/\/www.boolebox.com\/wp-content\/uploads\/2025\/12\/FINANZA-1-header.jpg\" alt=\"\"><\/figure>\n                                    <figure class=\"imgbanner_two\"><img decoding=\"async\" src=\"https:\/\/www.boolebox.com\/wp-content\/uploads\/2025\/12\/FINANZA-2-header.jpg\" alt=\"\"><\/figure>\n                            <\/div>\n        <\/div>\n    <\/div>\n<\/section>\n\n<section class=\"seotext twocoltext\">\n    <div class=\"container\">\n        <div class=\"row\">\n            <div class=\"col-12\">\n                <div class=\"twocoltext__wrapper\">\n                    <h2>Solutions pour le secteur bancaire et les institutions financi\u00e8res<\/h2>\n<h4>Comment am\u00e9liorer concr\u00e8tement la cybers\u00e9curit\u00e9 des banques et des institutions financi\u00e8res, ainsi que la gestion et le partage s\u00e9curis\u00e9 des documents financiers, de mani\u00e8re conforme et prot\u00e9g\u00e9e ?<\/h4>\n<p>Les banques et les \u00e9tablissements financiers sont parmi les plus expos\u00e9s aux menaces informatiques et soumis aux r\u00e9glementations les plus strictes. La protection de leurs informations est essentielle pour pr\u00e9server la confiance des clients et respecter les lois sur la confidentialit\u00e9.<br \/>\nAvec Boolebox, nous simplifions la conformit\u00e9 au RGPD, \u00e0 DORA et aux principales r\u00e9glementations du secteur financier, en g\u00e9rant et en prot\u00e9geant avec pr\u00e9cision les donn\u00e9es sensibles, les processus critiques et les communications strat\u00e9giques.<\/p>\n                <\/div>\n            <\/div>\n        <\/div>\n    <\/div>\n<\/section>\n\n<section class=\"accordions\">\n    <div class=\"container\">\n        <div class=\"row\">\n            <div class=\"col-12\">\n                <div class=\"accordions__text text-center\">\n                    <h2 style=\"text-align: center;\">Cas d\u2019usage de nos logiciels de protection des donn\u00e9es dans le secteur financier<\/h2>\n<p style=\"text-align: center;\">Voici quelques sc\u00e9narios r\u00e9els o\u00f9 les solutions Boolebox ont aid\u00e9 des banques et des institutions financi\u00e8res \u00e0 am\u00e9liorer la gestion et la protection de leurs donn\u00e9es sensibles, tout en garantissant la conformit\u00e9 r\u00e9glementaire et la s\u00e9curit\u00e9 op\u00e9rationnelle.<\/p>\n                <\/div>\n                <div class=\"accordion\" id=\"accordionboole\">\n                                            <div class=\"accordion-item\">\n                            <h2 class=\"accordion-header\">\n                                <button class=\"accordion-button collapsed\" type=\"button\" data-bs-toggle=\"collapse\" data-bs-target=\"#collapse1\" aria-expanded=\"true\" aria-controls=\"collapse1\">\n                                  <span>1. Gestion s\u00e9curis\u00e9e des donn\u00e9es bancaires sensibles<\/span>\n                                  <span class=\"introacc\">Lorsqu\u2019il s\u2019agit de documents financiers, la confidentialit\u00e9 est primordiale : donn\u00e9es bancaires, portefeuilles, rapports sensibles, communications strat\u00e9giques\u2026 chaque fichier m\u00e9rite le plus haut niveau de protection.\nLa solution&#8230;<\/span>\n                                <\/button>\n                            <\/h2>\n                            <div id=\"collapse1\" class=\"accordion-collapse collapse\" data-bs-parent=\"#accordionboole\">\n                                <div class=\"accordion-body\"><p>Lorsqu\u2019il s\u2019agit de documents financiers, la confidentialit\u00e9 est primordiale : donn\u00e9es bancaires, portefeuilles, rapports sensibles, communications strat\u00e9giques\u2026 chaque fichier m\u00e9rite le plus haut niveau de protection.<\/p>\n<p><strong>La solution :<\/strong><\/p>\n<p>Boolebox Secure File Manager, un gestionnaire documentaire s\u00e9curis\u00e9 pour les banques et institutions financi\u00e8res, permettant une gestion prot\u00e9g\u00e9e des informations sensibles gr\u00e2ce \u00e0 des crit\u00e8res d\u2019acc\u00e8s personnalis\u00e9s, une tra\u00e7abilit\u00e9 des activit\u00e9s et des syst\u00e8mes de chiffrement avanc\u00e9s.<\/p>\n<p><strong><em>C\u2019est l\u2019option id\u00e9ale pour ceux qui recherchent un logiciel de cybers\u00e9curit\u00e9 adapt\u00e9 aux flux documentaires des banques, \u00e9tablissements de cr\u00e9dit et soci\u00e9t\u00e9s financi\u00e8res.<\/em><\/strong><\/p>\n<p><a href=\"https:\/\/www.boolebox.com\/fr\/secure-file-manager\/\">D\u00e9couvrez Boolebox Secure File Manager<\/a><\/p>\n<p>&nbsp;<\/p>\n<\/div>\n                            <\/div>\n                        <\/div>\n                                            <div class=\"accordion-item\">\n                            <h2 class=\"accordion-header\">\n                                <button class=\"accordion-button collapsed\" type=\"button\" data-bs-toggle=\"collapse\" data-bs-target=\"#collapse2\" aria-expanded=\"true\" aria-controls=\"collapse2\">\n                                  <span>2. Gestion s\u00e9curis\u00e9e des transactions financi\u00e8res<\/span>\n                                  <span class=\"introacc\">L\u2019une des principales exigences d\u2019un logiciel de cybers\u00e9curit\u00e9 pour les banques et institutions financi\u00e8res est de garantir que les documents li\u00e9s aux transactions soient partag\u00e9s et prot\u00e9g\u00e9s de mani\u00e8re s\u00e9curis\u00e9e.\nLa solution&#8230;<\/span>\n                                <\/button>\n                            <\/h2>\n                            <div id=\"collapse2\" class=\"accordion-collapse collapse\" data-bs-parent=\"#accordionboole\">\n                                <div class=\"accordion-body\"><p>L\u2019une des principales exigences d\u2019un logiciel de cybers\u00e9curit\u00e9 pour les banques et institutions financi\u00e8res est de garantir que les documents li\u00e9s aux transactions soient partag\u00e9s et prot\u00e9g\u00e9s de mani\u00e8re s\u00e9curis\u00e9e.<\/p>\n<p><strong>La solution :<\/strong><\/p>\n<p>Boolebox Secure File Manager, l\u2019outil qui permet de g\u00e9rer les transactions financi\u00e8res avec un maximum de s\u00e9curit\u00e9.<\/p>\n<p>Une r\u00e9ponse concr\u00e8te \u00e0 un besoin sp\u00e9cifique du secteur bancaire, qui offre plus de contr\u00f4le, d\u2019efficacit\u00e9 et de protection contre les risques.<\/p>\n<p><a href=\"https:\/\/www.boolebox.com\/fr\/secure-file-manager\/\">D\u00e9couvrez Boolebox Secure File Manager<\/a><\/p>\n<\/div>\n                            <\/div>\n                        <\/div>\n                                    <\/div>\n            <\/div>\n        <\/div>\n    <\/div>\n<\/section>\n\n<section class=\"imgtext imgtext__styletwo\">\n    <div class=\"container\">\n        <div class=\"row \">\n            <div class=\"col-md-6\">\n                <h2>Pourquoi choisir la suite Boolebox dans le secteur bancaire et financier<\/h2>\n                <div class=\"imgtext__text\">\n                    <ul>\n<li>La suite est compl\u00e8te et s\u2019int\u00e8gre facilement aux syst\u00e8mes d\u2019information existants.<\/li>\n<li>Elle est adapt\u00e9e \u00e0 la gestion s\u00e9curis\u00e9e des documents bancaires, \u00e0 la protection des donn\u00e9es financi\u00e8res et \u00e0 l\u2019optimisation de l\u2019efficacit\u00e9 op\u00e9rationnelle.<\/li>\n<li>Elle garantit la conformit\u00e9 au RGPD, \u00e0 DORA, \u00e0 NIS2 et aux directives de l\u2019AgID, sans complexifier les processus.<\/li>\n<li>Elle optimise la continuit\u00e9 op\u00e9rationnelle, en assurant des services fiables et s\u00e9curis\u00e9s pour les clients et les \u00e9quipes internes, tout en \u00e9vitant les pertes de donn\u00e9es ou les acc\u00e8s non autoris\u00e9s.<\/li>\n<\/ul>\n<h4>Dans le secteur financier, la protection des donn\u00e9es n\u2019est pas une option.<\/h4>\n                <\/div>\n                                    <a href=\"https:\/\/www.boolebox.com\/fr\/demander-une-demo\/\" class=\"bnt l-green\">Demandez votre D\u00c9MO GRATUITE<\/a>\n                            <\/div>\n            <div class=\"col-md-6 text-center\">\n                <figure class=\"imgtext__image\">\n                    <img decoding=\"async\" class=\"img-fluid\" src=\"https:\/\/www.boolebox.com\/wp-content\/uploads\/2025\/12\/FINANZA-3.jpg\" alt=\"\" loading=\"lazy\">\n                                    <\/figure>\n            <\/div>\n        <\/div>\n    <\/div>\n<\/section>","protected":false},"excerpt":{"rendered":"","protected":false},"author":1,"featured_media":0,"parent":0,"menu_order":0,"comment_status":"closed","ping_status":"closed","template":"","meta":{"footnotes":""},"class_list":["post-2362","page","type-page","status-publish","hentry"],"yoast_head":"<!-- This site is optimized with the Yoast SEO plugin v27.3 - https:\/\/yoast.com\/product\/yoast-seo-wordpress\/ -->\n<title>Banque et Finance | Boolebox<\/title>\n<meta name=\"robots\" content=\"index, follow, max-snippet:-1, max-image-preview:large, max-video-preview:-1\" \/>\n<link rel=\"canonical\" href=\"https:\/\/www.boolebox.com\/fr\/banque-et-finance\/\" \/>\n<meta property=\"og:locale\" content=\"fr_FR\" \/>\n<meta property=\"og:type\" content=\"article\" \/>\n<meta property=\"og:title\" content=\"Banque et Finance | Boolebox\" \/>\n<meta property=\"og:url\" content=\"https:\/\/www.boolebox.com\/fr\/banque-et-finance\/\" \/>\n<meta property=\"og:site_name\" content=\"Boolebox\" \/>\n<meta property=\"article:publisher\" content=\"https:\/\/www.facebook.com\/boolebox\" \/>\n<meta property=\"article:modified_time\" content=\"2025-12-16T13:19:17+00:00\" \/>\n<meta name=\"twitter:card\" content=\"summary_large_image\" \/>\n<script type=\"application\/ld+json\" class=\"yoast-schema-graph\">{\"@context\":\"https:\\\/\\\/schema.org\",\"@graph\":[{\"@type\":\"WebPage\",\"@id\":\"https:\\\/\\\/www.boolebox.com\\\/fr\\\/banque-et-finance\\\/\",\"url\":\"https:\\\/\\\/www.boolebox.com\\\/fr\\\/banque-et-finance\\\/\",\"name\":\"Banque et Finance | Boolebox\",\"isPartOf\":{\"@id\":\"https:\\\/\\\/www.boolebox.com\\\/fr\\\/#website\"},\"datePublished\":\"2025-11-18T17:06:43+00:00\",\"dateModified\":\"2025-12-16T13:19:17+00:00\",\"breadcrumb\":{\"@id\":\"https:\\\/\\\/www.boolebox.com\\\/fr\\\/banque-et-finance\\\/#breadcrumb\"},\"inLanguage\":\"fr-FR\",\"potentialAction\":[{\"@type\":\"ReadAction\",\"target\":[\"https:\\\/\\\/www.boolebox.com\\\/fr\\\/banque-et-finance\\\/\"]}]},{\"@type\":\"BreadcrumbList\",\"@id\":\"https:\\\/\\\/www.boolebox.com\\\/fr\\\/banque-et-finance\\\/#breadcrumb\",\"itemListElement\":[{\"@type\":\"ListItem\",\"position\":1,\"name\":\"Home\",\"item\":\"https:\\\/\\\/www.boolebox.com\\\/fr\\\/\"},{\"@type\":\"ListItem\",\"position\":2,\"name\":\"Banque et Finance\"}]},{\"@type\":\"WebSite\",\"@id\":\"https:\\\/\\\/www.boolebox.com\\\/fr\\\/#website\",\"url\":\"https:\\\/\\\/www.boolebox.com\\\/fr\\\/\",\"name\":\"Boolebox - Software protezione Dati\",\"description\":\"\",\"publisher\":{\"@id\":\"https:\\\/\\\/www.boolebox.com\\\/fr\\\/#organization\"},\"alternateName\":\"Boole Server Srl\",\"potentialAction\":[{\"@type\":\"SearchAction\",\"target\":{\"@type\":\"EntryPoint\",\"urlTemplate\":\"https:\\\/\\\/www.boolebox.com\\\/fr\\\/?s={search_term_string}\"},\"query-input\":{\"@type\":\"PropertyValueSpecification\",\"valueRequired\":true,\"valueName\":\"search_term_string\"}}],\"inLanguage\":\"fr-FR\"},{\"@type\":\"Organization\",\"@id\":\"https:\\\/\\\/www.boolebox.com\\\/fr\\\/#organization\",\"name\":\"Boolebox\",\"alternateName\":\"Boole Server Srl\",\"url\":\"https:\\\/\\\/www.boolebox.com\\\/fr\\\/\",\"logo\":{\"@type\":\"ImageObject\",\"inLanguage\":\"fr-FR\",\"@id\":\"https:\\\/\\\/www.boolebox.com\\\/fr\\\/#\\\/schema\\\/logo\\\/image\\\/\",\"url\":\"https:\\\/\\\/www.boolebox.com\\\/wp-content\\\/uploads\\\/2025\\\/12\\\/Secure-Password-positivo-1.svg\",\"contentUrl\":\"https:\\\/\\\/www.boolebox.com\\\/wp-content\\\/uploads\\\/2025\\\/12\\\/Secure-Password-positivo-1.svg\",\"width\":1,\"height\":1,\"caption\":\"Boolebox\"},\"image\":{\"@id\":\"https:\\\/\\\/www.boolebox.com\\\/fr\\\/#\\\/schema\\\/logo\\\/image\\\/\"},\"sameAs\":[\"https:\\\/\\\/www.facebook.com\\\/boolebox\",\"https:\\\/\\\/www.linkedin.com\\\/company\\\/boolebox\\\/\"]}]}<\/script>\n<!-- \/ Yoast SEO plugin. -->","yoast_head_json":{"title":"Banque et Finance | Boolebox","robots":{"index":"index","follow":"follow","max-snippet":"max-snippet:-1","max-image-preview":"max-image-preview:large","max-video-preview":"max-video-preview:-1"},"canonical":"https:\/\/www.boolebox.com\/fr\/banque-et-finance\/","og_locale":"fr_FR","og_type":"article","og_title":"Banque et Finance | Boolebox","og_url":"https:\/\/www.boolebox.com\/fr\/banque-et-finance\/","og_site_name":"Boolebox","article_publisher":"https:\/\/www.facebook.com\/boolebox","article_modified_time":"2025-12-16T13:19:17+00:00","twitter_card":"summary_large_image","schema":{"@context":"https:\/\/schema.org","@graph":[{"@type":"WebPage","@id":"https:\/\/www.boolebox.com\/fr\/banque-et-finance\/","url":"https:\/\/www.boolebox.com\/fr\/banque-et-finance\/","name":"Banque et Finance | Boolebox","isPartOf":{"@id":"https:\/\/www.boolebox.com\/fr\/#website"},"datePublished":"2025-11-18T17:06:43+00:00","dateModified":"2025-12-16T13:19:17+00:00","breadcrumb":{"@id":"https:\/\/www.boolebox.com\/fr\/banque-et-finance\/#breadcrumb"},"inLanguage":"fr-FR","potentialAction":[{"@type":"ReadAction","target":["https:\/\/www.boolebox.com\/fr\/banque-et-finance\/"]}]},{"@type":"BreadcrumbList","@id":"https:\/\/www.boolebox.com\/fr\/banque-et-finance\/#breadcrumb","itemListElement":[{"@type":"ListItem","position":1,"name":"Home","item":"https:\/\/www.boolebox.com\/fr\/"},{"@type":"ListItem","position":2,"name":"Banque et Finance"}]},{"@type":"WebSite","@id":"https:\/\/www.boolebox.com\/fr\/#website","url":"https:\/\/www.boolebox.com\/fr\/","name":"Boolebox - Software protezione Dati","description":"","publisher":{"@id":"https:\/\/www.boolebox.com\/fr\/#organization"},"alternateName":"Boole Server Srl","potentialAction":[{"@type":"SearchAction","target":{"@type":"EntryPoint","urlTemplate":"https:\/\/www.boolebox.com\/fr\/?s={search_term_string}"},"query-input":{"@type":"PropertyValueSpecification","valueRequired":true,"valueName":"search_term_string"}}],"inLanguage":"fr-FR"},{"@type":"Organization","@id":"https:\/\/www.boolebox.com\/fr\/#organization","name":"Boolebox","alternateName":"Boole Server Srl","url":"https:\/\/www.boolebox.com\/fr\/","logo":{"@type":"ImageObject","inLanguage":"fr-FR","@id":"https:\/\/www.boolebox.com\/fr\/#\/schema\/logo\/image\/","url":"https:\/\/www.boolebox.com\/wp-content\/uploads\/2025\/12\/Secure-Password-positivo-1.svg","contentUrl":"https:\/\/www.boolebox.com\/wp-content\/uploads\/2025\/12\/Secure-Password-positivo-1.svg","width":1,"height":1,"caption":"Boolebox"},"image":{"@id":"https:\/\/www.boolebox.com\/fr\/#\/schema\/logo\/image\/"},"sameAs":["https:\/\/www.facebook.com\/boolebox","https:\/\/www.linkedin.com\/company\/boolebox\/"]}]}},"_links":{"self":[{"href":"https:\/\/www.boolebox.com\/fr\/wp-json\/wp\/v2\/pages\/2362","targetHints":{"allow":["GET"]}}],"collection":[{"href":"https:\/\/www.boolebox.com\/fr\/wp-json\/wp\/v2\/pages"}],"about":[{"href":"https:\/\/www.boolebox.com\/fr\/wp-json\/wp\/v2\/types\/page"}],"author":[{"embeddable":true,"href":"https:\/\/www.boolebox.com\/fr\/wp-json\/wp\/v2\/users\/1"}],"replies":[{"embeddable":true,"href":"https:\/\/www.boolebox.com\/fr\/wp-json\/wp\/v2\/comments?post=2362"}],"version-history":[{"count":7,"href":"https:\/\/www.boolebox.com\/fr\/wp-json\/wp\/v2\/pages\/2362\/revisions"}],"predecessor-version":[{"id":3244,"href":"https:\/\/www.boolebox.com\/fr\/wp-json\/wp\/v2\/pages\/2362\/revisions\/3244"}],"wp:attachment":[{"href":"https:\/\/www.boolebox.com\/fr\/wp-json\/wp\/v2\/media?parent=2362"}],"curies":[{"name":"wp","href":"https:\/\/api.w.org\/{rel}","templated":true}]}}