{"id":2350,"date":"2025-11-11T10:26:28","date_gmt":"2025-11-11T10:26:28","guid":{"rendered":"https:\/\/www.boolebox.com\/sicurezza-informatica-istituzioni-pa\/"},"modified":"2025-12-16T13:26:29","modified_gmt":"2025-12-16T13:26:29","slug":"institutions-gouvernementales-et-administration-publique","status":"publish","type":"page","link":"https:\/\/www.boolebox.com\/fr\/institutions-gouvernementales-et-administration-publique\/","title":{"rendered":"Institutions gouvernementales et Administration publique"},"content":{"rendered":"<section class=\"herosecond style3\">\n    <div class=\"container\">\n        <div class=\"row\">\n            <div class=\"col-md-6\">\n                <h1>Institutions gouvernementales et Administration publique<\/h1>\n                <div class=\"herosecond__text\"><p>Notre suite Boolebox propose des outils pratiques pour prot\u00e9ger les communications et les documents administratifs, tout en am\u00e9liorant l\u2019efficacit\u00e9 op\u00e9rationnelle et la collaboration entre services et d\u00e9partements.<\/p>\n<\/div>\n                                    <a href=\"https:\/\/www.boolebox.com\/fr\/demander-une-demo\/\" class=\"bnt l-green\">Demandez une D\u00c9MO GRATUITE<\/a>\n                                            <\/div>\n            <div class=\"col-md-6 position-relative\">\n                <figure class=\"imgbanner_one two_img\"><img decoding=\"async\" src=\"https:\/\/www.boolebox.com\/wp-content\/uploads\/2025\/11\/AdobeStock_263980236.jpg\" alt=\"\"><\/figure>\n                                    <figure class=\"imgbanner_two\"><img decoding=\"async\" src=\"https:\/\/www.boolebox.com\/wp-content\/uploads\/2025\/11\/AdobeStock_482240606.jpg\" alt=\"\"><\/figure>\n                            <\/div>\n        <\/div>\n    <\/div>\n<\/section>\n\n<section class=\"seotext twocoltext\">\n    <div class=\"container\">\n        <div class=\"row\">\n            <div class=\"col-12\">\n                <div class=\"twocoltext__wrapper\">\n                    <h2>Solutions Boolebox pour l\u2019administration publique<\/h2>\n<h4>Comment renforcer concr\u00e8tement la cybers\u00e9curit\u00e9 dans les institutions publiques et garantir une gestion et un partage s\u00e9curis\u00e9 des documents institutionnels, de mani\u00e8re conforme et prot\u00e9g\u00e9e ?<\/h4>\n<p>L\u2019administration publique traite chaque jour un volume important de donn\u00e9es sensibles et de documents confidentiels : informations personnelles, donn\u00e9es de sant\u00e9, dossiers financiers, actes judiciaires, communications internes. La cybers\u00e9curit\u00e9 dans le secteur public est essentielle pour pr\u00e9server la confiance des citoyens, respecter les r\u00e9glementations (RGPD, NIS2) et assurer la continuit\u00e9 des services.<\/p>\n                <\/div>\n            <\/div>\n        <\/div>\n    <\/div>\n<\/section>\n\n<section class=\"accordions\">\n    <div class=\"container\">\n        <div class=\"row\">\n            <div class=\"col-12\">\n                <div class=\"accordions__text text-center\">\n                    <h2 style=\"text-align: center;\">Cas d\u2019usage de nos logiciels de protection des donn\u00e9es pour l\u2019administration publique<\/h2>\n<p style=\"text-align: center;\">Voici quelques sc\u00e9narios r\u00e9els o\u00f9 les solutions Boolebox ont permis \u00e0 des organismes publics d\u2019am\u00e9liorer la gestion et la protection de leurs donn\u00e9es sensibles, tout en garantissant la conformit\u00e9 r\u00e9glementaire et la s\u00e9curit\u00e9 op\u00e9rationnelle.<\/p>\n                <\/div>\n                <div class=\"accordion\" id=\"accordionboole\">\n                                            <div class=\"accordion-item\">\n                            <h2 class=\"accordion-header\">\n                                <button class=\"accordion-button collapsed\" type=\"button\" data-bs-toggle=\"collapse\" data-bs-target=\"#collapse1\" aria-expanded=\"true\" aria-controls=\"collapse1\">\n                                  <span>1. Protection des communications confidentielles<\/span>\n                                  <span class=\"introacc\">La confidentialit\u00e9 est cruciale dans les \u00e9changes institutionnels. Maires, \u00e9lus, responsables de service doivent pouvoir partager des documents sensibles, des d\u00e9lib\u00e9rations et des donn\u00e9es confidentielles dans un environnement s\u00e9curis\u00e9 et&#8230;<\/span>\n                                <\/button>\n                            <\/h2>\n                            <div id=\"collapse1\" class=\"accordion-collapse collapse\" data-bs-parent=\"#accordionboole\">\n                                <div class=\"accordion-body\"><p>La confidentialit\u00e9 est cruciale dans les \u00e9changes institutionnels. Maires, \u00e9lus, responsables de service doivent pouvoir partager des documents sensibles, des d\u00e9lib\u00e9rations et des donn\u00e9es confidentielles dans un environnement s\u00e9curis\u00e9 et tra\u00e7able.<\/p>\n<p><strong>La solution :<\/strong><\/p>\n<p>Boolebox Secure E-mail, la plateforme de messagerie chiffr\u00e9e pour les institutions publiques, permettant l\u2019envoi de messages et de pi\u00e8ces jointes avec chiffrement de bout en bout et acc\u00e8s restreint.<\/p>\n<p><em><strong>Gr\u00e2ce \u00e0 cet outil, les communications strat\u00e9giques sont prot\u00e9g\u00e9es, les donn\u00e9es sensibles sont s\u00e9curis\u00e9es et les risques de fuite sont r\u00e9duits.<\/strong><\/em><\/p>\n<p><a href=\"https:\/\/www.boolebox.com\/fr\/secure-email\/\">D\u00e9couvrez Secure E-mail<\/a><\/p>\n<\/div>\n                            <\/div>\n                        <\/div>\n                                            <div class=\"accordion-item\">\n                            <h2 class=\"accordion-header\">\n                                <button class=\"accordion-button collapsed\" type=\"button\" data-bs-toggle=\"collapse\" data-bs-target=\"#collapse2\" aria-expanded=\"true\" aria-controls=\"collapse2\">\n                                  <span>2. Gestion s\u00e9curis\u00e9e des documents administratifs<\/span>\n                                  <span class=\"introacc\">L\u2019administration publique g\u00e8re quotidiennement un grand nombre de documents confidentiels : arr\u00eat\u00e9s, protocoles, budgets, d\u00e9lib\u00e9rations, actes internes et publics, jusqu\u2019aux appels d\u2019offres.\nLa solution :\nSecure File Manager, un&#8230;<\/span>\n                                <\/button>\n                            <\/h2>\n                            <div id=\"collapse2\" class=\"accordion-collapse collapse\" data-bs-parent=\"#accordionboole\">\n                                <div class=\"accordion-body\"><p>L\u2019administration publique g\u00e8re quotidiennement un grand nombre de documents confidentiels : arr\u00eat\u00e9s, protocoles, budgets, d\u00e9lib\u00e9rations, actes internes et publics, jusqu\u2019aux appels d\u2019offres.<\/p>\n<p><strong>La solution :<\/strong><\/p>\n<p>Secure File Manager, un gestionnaire documentaire s\u00e9curis\u00e9 pour les institutions publiques, permettant une gestion prot\u00e9g\u00e9e des documents gr\u00e2ce \u00e0 des crit\u00e8res d\u2019acc\u00e8s personnalis\u00e9s, une tra\u00e7abilit\u00e9 des actions et un chiffrement avanc\u00e9.<\/p>\n<p><em><strong>Une solution id\u00e9ale pour les organismes gouvernementaux \u00e0 la recherche d\u2019un logiciel de protection des donn\u00e9es adapt\u00e9 \u00e0 tout type de flux documentaire.<\/strong><\/em><\/p>\n<p><a href=\"https:\/\/www.boolebox.com\/fr\/secure-file-manager\/\">D\u00e9couvrez Secure File Manager<\/a><\/p>\n<\/div>\n                            <\/div>\n                        <\/div>\n                                            <div class=\"accordion-item\">\n                            <h2 class=\"accordion-header\">\n                                <button class=\"accordion-button collapsed\" type=\"button\" data-bs-toggle=\"collapse\" data-bs-target=\"#collapse3\" aria-expanded=\"true\" aria-controls=\"collapse3\">\n                                  <span>3. Envoi s\u00e9curis\u00e9 de documents entre services et institutions<\/span>\n                                  <span class=\"introacc\">Dans un contexte interinstitutionnel ou interservices, la cybers\u00e9curit\u00e9 publique exige des outils permettant le transfert s\u00e9curis\u00e9 de fichiers entre entit\u00e9s.\nLa solution :\nSecure Transfer, l\u2019outil qui permet d\u2019envoyer des fichiers critiques&#8230;<\/span>\n                                <\/button>\n                            <\/h2>\n                            <div id=\"collapse3\" class=\"accordion-collapse collapse\" data-bs-parent=\"#accordionboole\">\n                                <div class=\"accordion-body\"><p>Dans un contexte interinstitutionnel ou interservices, la cybers\u00e9curit\u00e9 publique exige des outils permettant le transfert s\u00e9curis\u00e9 de fichiers entre entit\u00e9s.<\/p>\n<p><strong>La solution :<\/strong><\/p>\n<p>Secure Transfer, l\u2019outil qui permet d\u2019envoyer des fichiers critiques via des liens temporaires et tra\u00e7ables.<\/p>\n<p><b><i>Une r\u00e9ponse concr\u00e8te au besoin de partage s\u00e9curis\u00e9 de documents institutionnels sans acc\u00e8s pr\u00e9alable requis pour le destinataire.\u00a0<\/i><\/b><\/p>\n<p><em><strong>R\u00e9sultat : plus de contr\u00f4le, plus d\u2019efficacit\u00e9, z\u00e9ro risque.<\/strong><\/em><\/p>\n<p><a href=\"https:\/\/www.boolebox.com\/fr\/secure-transfer\/\">D\u00e9couvrez Secure Transfer<\/a><\/p>\n<\/div>\n                            <\/div>\n                        <\/div>\n                                            <div class=\"accordion-item\">\n                            <h2 class=\"accordion-header\">\n                                <button class=\"accordion-button collapsed\" type=\"button\" data-bs-toggle=\"collapse\" data-bs-target=\"#collapse4\" aria-expanded=\"true\" aria-controls=\"collapse4\">\n                                  <span>4. Protection des fichiers locaux sur les postes de travail<\/span>\n                                  <span class=\"introacc\">Il ne faut pas oublier que les fichiers stock\u00e9s localement sur les ordinateurs de l\u2019administration peuvent contenir des donn\u00e9es sensibles n\u00e9cessitant une protection.\nLa solution :\nBoolebox File Encryptor for Windows, qui permet d\u2019activer un&#8230;<\/span>\n                                <\/button>\n                            <\/h2>\n                            <div id=\"collapse4\" class=\"accordion-collapse collapse\" data-bs-parent=\"#accordionboole\">\n                                <div class=\"accordion-body\"><p>Il ne faut pas oublier que les fichiers stock\u00e9s localement sur les ordinateurs de l\u2019administration peuvent contenir des donn\u00e9es sensibles n\u00e9cessitant une protection.<\/p>\n<p><strong>La solution :<\/strong><\/p>\n<p><span style=\"font-weight: 400;\">Boolebox File Encryptor for Windows, qui permet d\u2019activer un syst\u00e8me de chiffrement des fichiers et dossiers pour s\u00e9curiser tout contenu local.<\/span><\/p>\n<p><em><strong>Un v\u00e9ritable logiciel de chiffrement pour les institutions publiques, id\u00e9al pour les postes utilis\u00e9s par les agents, techniciens et responsables IT. Contr\u00f4le maximal, m\u00eame hors ligne.<\/strong><\/em><\/p>\n<p><a href=\"https:\/\/www.boolebox.com\/fr\/file-encryptor-for-windows\/\">D\u00e9couvrez File Encryptor for Windows<\/a><\/p>\n<\/div>\n                            <\/div>\n                        <\/div>\n                                            <div class=\"accordion-item\">\n                            <h2 class=\"accordion-header\">\n                                <button class=\"accordion-button collapsed\" type=\"button\" data-bs-toggle=\"collapse\" data-bs-target=\"#collapse5\" aria-expanded=\"true\" aria-controls=\"collapse5\">\n                                  <span>5. Gestion des mots de passe et des acc\u00e8s<\/span>\n                                  <span class=\"introacc\">Saviez-vous que les identifiants d\u2019acc\u00e8s sont parmi les ressources les plus vuln\u00e9rables dans l\u2019administration publique ?\nLa solution :\nBoolebox Secure Password, un gestionnaire de mots de passe pour les organismes publics, qui centralise,&#8230;<\/span>\n                                <\/button>\n                            <\/h2>\n                            <div id=\"collapse5\" class=\"accordion-collapse collapse\" data-bs-parent=\"#accordionboole\">\n                                <div class=\"accordion-body\"><p>Saviez-vous que les identifiants d\u2019acc\u00e8s sont parmi les ressources les plus vuln\u00e9rables dans l\u2019administration publique ?<\/p>\n<p><b>La solution :<\/b><\/p>\n<p>Boolebox Secure Password, un gestionnaire de mots de passe pour les organismes publics, qui centralise, prot\u00e8ge et g\u00e8re en toute s\u00e9curit\u00e9 les identifiants syst\u00e8me.<\/p>\n<p><b><i>Une solution pens\u00e9e pour r\u00e9pondre aux exigences de cybers\u00e9curit\u00e9 du secteur public, qui \u00e9limine la gestion manuelle des mots de passe et permet de tracer chaque acc\u00e8s de mani\u00e8re conforme.<\/i><\/b><\/p>\n<p><a href=\"https:\/\/www.boolebox.com\/fr\/secure-password\/\">D\u00e9couvrez Secure Password<\/a><\/p>\n<\/div>\n                            <\/div>\n                        <\/div>\n                                    <\/div>\n            <\/div>\n        <\/div>\n    <\/div>\n<\/section>\n\n<section class=\"imgtext imgtext__styletwo\">\n    <div class=\"container\">\n        <div class=\"row \">\n            <div class=\"col-md-6\">\n                <h2>Pourquoi choisir la suite Boolebox dans l\u2019administration publique<\/h2>\n                <div class=\"imgtext__text\">\n                    <ul>\n<li><span style=\"font-weight: 400;\">Suite compl\u00e8te, con\u00e7ue pour s\u2019int\u00e9grer aux processus existants.<\/span><\/li>\n<li>Assure la protection des documents sensibles de l\u2019administration publique.<\/li>\n<li><strong><span style=\"font-weight: 400;\">R\u00e9pond aux exigences du RGPD, de la directive NIS2 et des recommandations AgID.<\/span><\/strong><\/li>\n<li><span style=\"font-weight: 400;\">S\u00e9curise les donn\u00e9es, prot\u00e8ge les documents et les informations m\u00eame dans les environnements \u00e0 risque.<\/span><\/li>\n<\/ul>\n<h4>Vous souhaitez en savoir plus sur les solutions Boolebox adapt\u00e9es aux institutions publiques et gouvernementales ?<\/h4>\n                <\/div>\n                                    <a href=\"https:\/\/www.boolebox.com\/fr\/demander-une-demo\/\" class=\"bnt l-green\">Demandez votre D\u00c9MO GRATUITE<\/a>\n                            <\/div>\n            <div class=\"col-md-6 text-center\">\n                <figure class=\"imgtext__image\">\n                    <img decoding=\"async\" class=\"img-fluid\" src=\"https:\/\/www.boolebox.com\/wp-content\/uploads\/2025\/11\/214638111_l-1.jpg\" alt=\"\" loading=\"lazy\">\n                                    <\/figure>\n            <\/div>\n        <\/div>\n    <\/div>\n<\/section>","protected":false},"excerpt":{"rendered":"","protected":false},"author":1,"featured_media":0,"parent":0,"menu_order":0,"comment_status":"closed","ping_status":"closed","template":"","meta":{"footnotes":""},"class_list":["post-2350","page","type-page","status-publish","hentry"],"yoast_head":"<!-- This site is optimized with the Yoast SEO plugin v27.3 - https:\/\/yoast.com\/product\/yoast-seo-wordpress\/ -->\n<title>Institutions gouvernementales et Administration publique | Boolebox<\/title>\n<meta name=\"robots\" content=\"index, follow, max-snippet:-1, max-image-preview:large, max-video-preview:-1\" \/>\n<link rel=\"canonical\" href=\"https:\/\/www.boolebox.com\/fr\/institutions-gouvernementales-et-administration-publique\/\" \/>\n<meta property=\"og:locale\" content=\"fr_FR\" \/>\n<meta property=\"og:type\" content=\"article\" \/>\n<meta property=\"og:title\" content=\"Institutions gouvernementales et Administration publique | Boolebox\" \/>\n<meta property=\"og:url\" content=\"https:\/\/www.boolebox.com\/fr\/institutions-gouvernementales-et-administration-publique\/\" \/>\n<meta property=\"og:site_name\" content=\"Boolebox\" \/>\n<meta property=\"article:publisher\" content=\"https:\/\/www.facebook.com\/boolebox\" \/>\n<meta property=\"article:modified_time\" content=\"2025-12-16T13:26:29+00:00\" \/>\n<meta name=\"twitter:card\" content=\"summary_large_image\" \/>\n<script type=\"application\/ld+json\" class=\"yoast-schema-graph\">{\"@context\":\"https:\\\/\\\/schema.org\",\"@graph\":[{\"@type\":\"WebPage\",\"@id\":\"https:\\\/\\\/www.boolebox.com\\\/fr\\\/institutions-gouvernementales-et-administration-publique\\\/\",\"url\":\"https:\\\/\\\/www.boolebox.com\\\/fr\\\/institutions-gouvernementales-et-administration-publique\\\/\",\"name\":\"Institutions gouvernementales et Administration publique | Boolebox\",\"isPartOf\":{\"@id\":\"https:\\\/\\\/www.boolebox.com\\\/fr\\\/#website\"},\"datePublished\":\"2025-11-11T10:26:28+00:00\",\"dateModified\":\"2025-12-16T13:26:29+00:00\",\"breadcrumb\":{\"@id\":\"https:\\\/\\\/www.boolebox.com\\\/fr\\\/institutions-gouvernementales-et-administration-publique\\\/#breadcrumb\"},\"inLanguage\":\"fr-FR\",\"potentialAction\":[{\"@type\":\"ReadAction\",\"target\":[\"https:\\\/\\\/www.boolebox.com\\\/fr\\\/institutions-gouvernementales-et-administration-publique\\\/\"]}]},{\"@type\":\"BreadcrumbList\",\"@id\":\"https:\\\/\\\/www.boolebox.com\\\/fr\\\/institutions-gouvernementales-et-administration-publique\\\/#breadcrumb\",\"itemListElement\":[{\"@type\":\"ListItem\",\"position\":1,\"name\":\"Home\",\"item\":\"https:\\\/\\\/www.boolebox.com\\\/fr\\\/\"},{\"@type\":\"ListItem\",\"position\":2,\"name\":\"Institutions gouvernementales et Administration publique\"}]},{\"@type\":\"WebSite\",\"@id\":\"https:\\\/\\\/www.boolebox.com\\\/fr\\\/#website\",\"url\":\"https:\\\/\\\/www.boolebox.com\\\/fr\\\/\",\"name\":\"Boolebox - Software protezione Dati\",\"description\":\"\",\"publisher\":{\"@id\":\"https:\\\/\\\/www.boolebox.com\\\/fr\\\/#organization\"},\"alternateName\":\"Boole Server Srl\",\"potentialAction\":[{\"@type\":\"SearchAction\",\"target\":{\"@type\":\"EntryPoint\",\"urlTemplate\":\"https:\\\/\\\/www.boolebox.com\\\/fr\\\/?s={search_term_string}\"},\"query-input\":{\"@type\":\"PropertyValueSpecification\",\"valueRequired\":true,\"valueName\":\"search_term_string\"}}],\"inLanguage\":\"fr-FR\"},{\"@type\":\"Organization\",\"@id\":\"https:\\\/\\\/www.boolebox.com\\\/fr\\\/#organization\",\"name\":\"Boolebox\",\"alternateName\":\"Boole Server Srl\",\"url\":\"https:\\\/\\\/www.boolebox.com\\\/fr\\\/\",\"logo\":{\"@type\":\"ImageObject\",\"inLanguage\":\"fr-FR\",\"@id\":\"https:\\\/\\\/www.boolebox.com\\\/fr\\\/#\\\/schema\\\/logo\\\/image\\\/\",\"url\":\"https:\\\/\\\/www.boolebox.com\\\/wp-content\\\/uploads\\\/2025\\\/12\\\/Secure-Password-positivo-1.svg\",\"contentUrl\":\"https:\\\/\\\/www.boolebox.com\\\/wp-content\\\/uploads\\\/2025\\\/12\\\/Secure-Password-positivo-1.svg\",\"width\":1,\"height\":1,\"caption\":\"Boolebox\"},\"image\":{\"@id\":\"https:\\\/\\\/www.boolebox.com\\\/fr\\\/#\\\/schema\\\/logo\\\/image\\\/\"},\"sameAs\":[\"https:\\\/\\\/www.facebook.com\\\/boolebox\",\"https:\\\/\\\/www.linkedin.com\\\/company\\\/boolebox\\\/\"]}]}<\/script>\n<!-- \/ Yoast SEO plugin. -->","yoast_head_json":{"title":"Institutions gouvernementales et Administration publique | Boolebox","robots":{"index":"index","follow":"follow","max-snippet":"max-snippet:-1","max-image-preview":"max-image-preview:large","max-video-preview":"max-video-preview:-1"},"canonical":"https:\/\/www.boolebox.com\/fr\/institutions-gouvernementales-et-administration-publique\/","og_locale":"fr_FR","og_type":"article","og_title":"Institutions gouvernementales et Administration publique | Boolebox","og_url":"https:\/\/www.boolebox.com\/fr\/institutions-gouvernementales-et-administration-publique\/","og_site_name":"Boolebox","article_publisher":"https:\/\/www.facebook.com\/boolebox","article_modified_time":"2025-12-16T13:26:29+00:00","twitter_card":"summary_large_image","schema":{"@context":"https:\/\/schema.org","@graph":[{"@type":"WebPage","@id":"https:\/\/www.boolebox.com\/fr\/institutions-gouvernementales-et-administration-publique\/","url":"https:\/\/www.boolebox.com\/fr\/institutions-gouvernementales-et-administration-publique\/","name":"Institutions gouvernementales et Administration publique | Boolebox","isPartOf":{"@id":"https:\/\/www.boolebox.com\/fr\/#website"},"datePublished":"2025-11-11T10:26:28+00:00","dateModified":"2025-12-16T13:26:29+00:00","breadcrumb":{"@id":"https:\/\/www.boolebox.com\/fr\/institutions-gouvernementales-et-administration-publique\/#breadcrumb"},"inLanguage":"fr-FR","potentialAction":[{"@type":"ReadAction","target":["https:\/\/www.boolebox.com\/fr\/institutions-gouvernementales-et-administration-publique\/"]}]},{"@type":"BreadcrumbList","@id":"https:\/\/www.boolebox.com\/fr\/institutions-gouvernementales-et-administration-publique\/#breadcrumb","itemListElement":[{"@type":"ListItem","position":1,"name":"Home","item":"https:\/\/www.boolebox.com\/fr\/"},{"@type":"ListItem","position":2,"name":"Institutions gouvernementales et Administration publique"}]},{"@type":"WebSite","@id":"https:\/\/www.boolebox.com\/fr\/#website","url":"https:\/\/www.boolebox.com\/fr\/","name":"Boolebox - Software protezione Dati","description":"","publisher":{"@id":"https:\/\/www.boolebox.com\/fr\/#organization"},"alternateName":"Boole Server Srl","potentialAction":[{"@type":"SearchAction","target":{"@type":"EntryPoint","urlTemplate":"https:\/\/www.boolebox.com\/fr\/?s={search_term_string}"},"query-input":{"@type":"PropertyValueSpecification","valueRequired":true,"valueName":"search_term_string"}}],"inLanguage":"fr-FR"},{"@type":"Organization","@id":"https:\/\/www.boolebox.com\/fr\/#organization","name":"Boolebox","alternateName":"Boole Server Srl","url":"https:\/\/www.boolebox.com\/fr\/","logo":{"@type":"ImageObject","inLanguage":"fr-FR","@id":"https:\/\/www.boolebox.com\/fr\/#\/schema\/logo\/image\/","url":"https:\/\/www.boolebox.com\/wp-content\/uploads\/2025\/12\/Secure-Password-positivo-1.svg","contentUrl":"https:\/\/www.boolebox.com\/wp-content\/uploads\/2025\/12\/Secure-Password-positivo-1.svg","width":1,"height":1,"caption":"Boolebox"},"image":{"@id":"https:\/\/www.boolebox.com\/fr\/#\/schema\/logo\/image\/"},"sameAs":["https:\/\/www.facebook.com\/boolebox","https:\/\/www.linkedin.com\/company\/boolebox\/"]}]}},"_links":{"self":[{"href":"https:\/\/www.boolebox.com\/fr\/wp-json\/wp\/v2\/pages\/2350","targetHints":{"allow":["GET"]}}],"collection":[{"href":"https:\/\/www.boolebox.com\/fr\/wp-json\/wp\/v2\/pages"}],"about":[{"href":"https:\/\/www.boolebox.com\/fr\/wp-json\/wp\/v2\/types\/page"}],"author":[{"embeddable":true,"href":"https:\/\/www.boolebox.com\/fr\/wp-json\/wp\/v2\/users\/1"}],"replies":[{"embeddable":true,"href":"https:\/\/www.boolebox.com\/fr\/wp-json\/wp\/v2\/comments?post=2350"}],"version-history":[{"count":10,"href":"https:\/\/www.boolebox.com\/fr\/wp-json\/wp\/v2\/pages\/2350\/revisions"}],"predecessor-version":[{"id":3254,"href":"https:\/\/www.boolebox.com\/fr\/wp-json\/wp\/v2\/pages\/2350\/revisions\/3254"}],"wp:attachment":[{"href":"https:\/\/www.boolebox.com\/fr\/wp-json\/wp\/v2\/media?parent=2350"}],"curies":[{"name":"wp","href":"https:\/\/api.w.org\/{rel}","templated":true}]}}