{"id":2260,"date":"2025-11-20T10:41:42","date_gmt":"2025-11-20T10:41:42","guid":{"rendered":"https:\/\/www.boolebox.com\/sicurezza-informatica-pmi-freelance\/"},"modified":"2025-12-16T13:01:57","modified_gmt":"2025-12-16T13:01:57","slug":"pme-et-travailleurs-independants","status":"publish","type":"page","link":"https:\/\/www.boolebox.com\/fr\/pme-et-travailleurs-independants\/","title":{"rendered":"PME et Travailleurs Ind\u00e9pendants"},"content":{"rendered":"<section class=\"herosecond style3\">\n    <div class=\"container\">\n        <div class=\"row\">\n            <div class=\"col-md-6\">\n                <h1>PME et Travailleurs Ind\u00e9pendants<\/h1>\n                <div class=\"herosecond__text\"><p>La suite Boolebox met \u00e0 disposition des ind\u00e9pendants, des consultants et des petites entreprises une plateforme de protection des donn\u00e9es modulaire, facile \u00e0 utiliser et con\u00e7ue pour garantir une s\u00e9curit\u00e9 maximale et une conformit\u00e9 totale aux r\u00e9glementations.<\/p>\n<\/div>\n                                    <a href=\"https:\/\/www.boolebox.com\/fr\/demander-une-demo\/\" class=\"bnt l-green\">Demandez une D\u00c9MO GRATUITE<\/a>\n                                            <\/div>\n            <div class=\"col-md-6 position-relative\">\n                <figure class=\"imgbanner_one two_img\"><img decoding=\"async\" src=\"https:\/\/www.boolebox.com\/wp-content\/uploads\/2025\/12\/PMI-PROFESSIONISTI-1-header.jpg\" alt=\"\"><\/figure>\n                                    <figure class=\"imgbanner_two\"><img decoding=\"async\" src=\"https:\/\/www.boolebox.com\/wp-content\/uploads\/2025\/12\/PMI-PROFESSIONISTI-2-header.jpg\" alt=\"\"><\/figure>\n                            <\/div>\n        <\/div>\n    <\/div>\n<\/section>\n\n<section class=\"seotext twocoltext\">\n    <div class=\"container\">\n        <div class=\"row\">\n            <div class=\"col-12\">\n                <div class=\"twocoltext__wrapper\">\n                    <h2>Solutions Boolebox pour les PME et les ind\u00e9pendants<\/h2>\n<h4>Pour ceux qui travaillent seuls ou dans de petites structures, g\u00e9rer des donn\u00e9es sensibles, respecter les obligations du RGPD et travailler dans le cloud sans risques sont des besoins quotidiens.<br \/>\nAvec Boolebox, vous disposez d\u2019une suite simple et compl\u00e8te qui prot\u00e8ge chaque fichier, g\u00e8re les mots de passe et les donn\u00e9es, et offre une s\u00e9curit\u00e9 avanc\u00e9e en toute simplicit\u00e9.<\/h4>\n<p>Les PME et les ind\u00e9pendants ont souvent besoin de travailler en mobilit\u00e9, de collaborer \u00e0 distance et de partager des documents avec des clients ou des coll\u00e8gues rapidement mais de mani\u00e8re s\u00e9curis\u00e9e. C\u2019est pourquoi Boolebox propose des outils de chiffrement et de protection des donn\u00e9es faciles \u00e0 utiliser, configurables en quelques minutes et accessibles m\u00eame sans comp\u00e9tences techniques avanc\u00e9es.<\/p>\n                <\/div>\n            <\/div>\n        <\/div>\n    <\/div>\n<\/section>\n\n<section class=\"accordions\">\n    <div class=\"container\">\n        <div class=\"row\">\n            <div class=\"col-12\">\n                <div class=\"accordions__text text-center\">\n                    <h2 style=\"text-align: center;\">Cas d\u2019usage de nos outils de chiffrement pour PME et ind\u00e9pendants<\/h2>\n<p style=\"text-align: center;\">Voici comment les solutions Boolebox aident les ind\u00e9pendants et les petites entreprises \u00e0 am\u00e9liorer la gestion et la protection de leurs donn\u00e9es sensibles, tout en garantissant la conformit\u00e9 r\u00e9glementaire et la s\u00e9curit\u00e9 op\u00e9rationnelle.<\/p>\n                <\/div>\n                <div class=\"accordion\" id=\"accordionboole\">\n                                            <div class=\"accordion-item\">\n                            <h2 class=\"accordion-header\">\n                                <button class=\"accordion-button collapsed\" type=\"button\" data-bs-toggle=\"collapse\" data-bs-target=\"#collapse1\" aria-expanded=\"true\" aria-controls=\"collapse1\">\n                                  <span>1. Protection des donn\u00e9es sensibles et conformit\u00e9 RGPD<\/span>\n                                  <span class=\"introacc\">Donn\u00e9es clients, documents confidentiels, communications strat\u00e9giques : m\u00eame dans les petites structures, la protection est une priorit\u00e9.\nLa solution :\nBoolebox Secure File Manager \u2013 un gestionnaire de fichiers chiffr\u00e9 et collaboratif qui&#8230;<\/span>\n                                <\/button>\n                            <\/h2>\n                            <div id=\"collapse1\" class=\"accordion-collapse collapse\" data-bs-parent=\"#accordionboole\">\n                                <div class=\"accordion-body\"><p>Donn\u00e9es clients, documents confidentiels, communications strat\u00e9giques : m\u00eame dans les petites structures, la protection est une priorit\u00e9.<\/p>\n<p><strong>La solution :<\/strong><\/p>\n<p>Boolebox Secure File Manager \u2013 un gestionnaire de fichiers chiffr\u00e9 et collaboratif qui permet de partager et de g\u00e9rer en toute s\u00e9curit\u00e9 les fichiers professionnels, m\u00eame \u00e0 distance, avec une protection et un contr\u00f4le maximum.<\/p>\n<p><em><strong>Gr\u00e2ce \u00e0 cet outil, vous b\u00e9n\u00e9ficiez d\u2019un service qui garantit le chiffrement des donn\u00e9es et une protection optimale \u00e0 tous les niveaux.<\/strong> <\/em><\/p>\n<p><a href=\"https:\/\/www.boolebox.com\/fr\/secure-file-manager\/\">D\u00e9couvrez Secure File Manager<\/a><\/p>\n<\/div>\n                            <\/div>\n                        <\/div>\n                                            <div class=\"accordion-item\">\n                            <h2 class=\"accordion-header\">\n                                <button class=\"accordion-button collapsed\" type=\"button\" data-bs-toggle=\"collapse\" data-bs-target=\"#collapse2\" aria-expanded=\"true\" aria-controls=\"collapse2\">\n                                  <span>2. Protection des identifiants et des acc\u00e8s<\/span>\n                                  <span class=\"introacc\">Un seul point faible peut compromettre toute la s\u00e9curit\u00e9 \u2013 c\u2019est souvent le cas avec des mots de passe faibles ou partag\u00e9s.\nLa solution :\nSecure Password \u2013 le gestionnaire de mots de passe con\u00e7u pour stocker de mani\u00e8re chiffr\u00e9e toutes&#8230;<\/span>\n                                <\/button>\n                            <\/h2>\n                            <div id=\"collapse2\" class=\"accordion-collapse collapse\" data-bs-parent=\"#accordionboole\">\n                                <div class=\"accordion-body\"><p>Un seul point faible peut compromettre toute la s\u00e9curit\u00e9 \u2013 c\u2019est souvent le cas avec des mots de passe faibles ou partag\u00e9s.<\/p>\n<p><strong>La solution :<\/strong><\/p>\n<p>Secure Password \u2013 le gestionnaire de mots de passe con\u00e7u pour stocker de mani\u00e8re chiffr\u00e9e toutes les identifiants d\u2019acc\u00e8s aux r\u00e9seaux, sites web ou documents personnels comme le passeport ou la carte d\u2019identit\u00e9.<\/p>\n<p><em><strong>C\u2019est l\u2019option id\u00e9ale pour s\u00e9curiser les comptes e-mail, les acc\u00e8s aux ordinateurs, les outils professionnels, les CRM et les services cloud avec des mots de passe s\u00fbrs et inaccessibles.<\/strong> <\/em><\/p>\n<p><a href=\"https:\/\/www.boolebox.com\/fr\/secure-password\/\">D\u00e9couvrez Secure Password<\/a><\/p>\n<\/div>\n                            <\/div>\n                        <\/div>\n                                            <div class=\"accordion-item\">\n                            <h2 class=\"accordion-header\">\n                                <button class=\"accordion-button collapsed\" type=\"button\" data-bs-toggle=\"collapse\" data-bs-target=\"#collapse3\" aria-expanded=\"true\" aria-controls=\"collapse3\">\n                                  <span>3. E-mails prot\u00e9g\u00e9s et \u00e9changes chiffr\u00e9s<\/span>\n                                  <span class=\"introacc\">L\u2019un des besoins les plus fr\u00e9quents est l\u2019envoi d\u2019e-mails contenant des donn\u00e9es sensibles, que ce soit dans le corps du message ou dans les pi\u00e8ces jointes.\nLa solution :\nSecure E-mail \u2013 notre logiciel de gestion des e-mails, qui vous&#8230;<\/span>\n                                <\/button>\n                            <\/h2>\n                            <div id=\"collapse3\" class=\"accordion-collapse collapse\" data-bs-parent=\"#accordionboole\">\n                                <div class=\"accordion-body\"><p>L\u2019un des besoins les plus fr\u00e9quents est l\u2019envoi d\u2019e-mails contenant des donn\u00e9es sensibles, que ce soit dans le corps du message ou dans les pi\u00e8ces jointes.<\/p>\n<p><strong>La solution :<\/strong><\/p>\n<p>Secure E-mail \u2013 notre logiciel de gestion des e-mails, qui vous permet d\u2019envoyer des messages et des pi\u00e8ces jointes prot\u00e9g\u00e9s, tout en gardant le contr\u00f4le gr\u00e2ce \u00e0 des restrictions personnalisables.<\/p>\n<p><em><strong>Une r\u00e9ponse concr\u00e8te au besoin de partage s\u00e9curis\u00e9 d\u2019informations et de documents.<\/strong><\/em><\/p>\n<p><a href=\"https:\/\/www.boolebox.com\/fr\/secure-email\/\">D\u00e9couvrez Secure E-mail<\/a><\/p>\n<\/div>\n                            <\/div>\n                        <\/div>\n                                    <\/div>\n            <\/div>\n        <\/div>\n    <\/div>\n<\/section>\n\n<section class=\"imgtext imgtext__styletwo\">\n    <div class=\"container\">\n        <div class=\"row \">\n            <div class=\"col-md-6\">\n                <h2>Pourquoi choisir la suite Boolebox pour les PME et les ind\u00e9pendants<\/h2>\n                <div class=\"imgtext__text\">\n                    <ul>\n<li>Un logiciel conforme au RGPD, pr\u00eat \u00e0 l\u2019emploi, pour une gestion des donn\u00e9es en toute s\u00e9r\u00e9nit\u00e9<\/li>\n<li>Des outils de chiffrement pour prot\u00e9ger les fichiers, les e-mails et les identifiants sensibles<\/li>\n<li>Une protection des donn\u00e9es dans diff\u00e9rents environnements (cloud, local, hybride), permettant le travail en mobilit\u00e9 et le t\u00e9l\u00e9travail<\/li>\n<li>Une plateforme simple, modulaire et intuitive, utilisable sans comp\u00e9tences techniques avanc\u00e9es<\/li>\n<li>C\u2019est une solution efficace et \u00e9conomique, id\u00e9ale pour les PME et les travailleurs ind\u00e9pendants.<\/li>\n<\/ul>\n<h4>Essayez la suite Boolebox et d\u00e9couvrez \u00e0 quel point il est facile de se sentir prot\u00e9g\u00e9.<\/h4>\n                <\/div>\n                                    <a href=\"https:\/\/www.boolebox.com\/fr\/demander-une-demo\/\" class=\"bnt l-green\">Demandez votre D\u00c9MO GRATUITE<\/a>\n                            <\/div>\n            <div class=\"col-md-6 text-center\">\n                <figure class=\"imgtext__image\">\n                    <img decoding=\"async\" class=\"img-fluid\" src=\"https:\/\/www.boolebox.com\/wp-content\/uploads\/2025\/12\/PMI-PROFESSIONISTI-3.jpg\" alt=\"\" loading=\"lazy\">\n                                    <\/figure>\n            <\/div>\n        <\/div>\n    <\/div>\n<\/section>","protected":false},"excerpt":{"rendered":"","protected":false},"author":1,"featured_media":0,"parent":0,"menu_order":0,"comment_status":"closed","ping_status":"closed","template":"","meta":{"footnotes":""},"class_list":["post-2260","page","type-page","status-publish","hentry"],"yoast_head":"<!-- This site is optimized with the Yoast SEO plugin v27.3 - https:\/\/yoast.com\/product\/yoast-seo-wordpress\/ -->\n<title>PME et Travailleurs Ind\u00e9pendants | Boolebox<\/title>\n<meta name=\"robots\" content=\"index, follow, max-snippet:-1, max-image-preview:large, max-video-preview:-1\" \/>\n<link rel=\"canonical\" href=\"https:\/\/www.boolebox.com\/fr\/pme-et-travailleurs-independants\/\" \/>\n<meta property=\"og:locale\" content=\"fr_FR\" \/>\n<meta property=\"og:type\" content=\"article\" \/>\n<meta property=\"og:title\" content=\"PME et Travailleurs Ind\u00e9pendants | Boolebox\" \/>\n<meta property=\"og:url\" content=\"https:\/\/www.boolebox.com\/fr\/pme-et-travailleurs-independants\/\" \/>\n<meta property=\"og:site_name\" content=\"Boolebox\" \/>\n<meta property=\"article:publisher\" content=\"https:\/\/www.facebook.com\/boolebox\" \/>\n<meta property=\"article:modified_time\" content=\"2025-12-16T13:01:57+00:00\" \/>\n<meta name=\"twitter:card\" content=\"summary_large_image\" \/>\n<script type=\"application\/ld+json\" class=\"yoast-schema-graph\">{\"@context\":\"https:\\\/\\\/schema.org\",\"@graph\":[{\"@type\":\"WebPage\",\"@id\":\"https:\\\/\\\/www.boolebox.com\\\/fr\\\/pme-et-travailleurs-independants\\\/\",\"url\":\"https:\\\/\\\/www.boolebox.com\\\/fr\\\/pme-et-travailleurs-independants\\\/\",\"name\":\"PME et Travailleurs Ind\u00e9pendants | Boolebox\",\"isPartOf\":{\"@id\":\"https:\\\/\\\/www.boolebox.com\\\/fr\\\/#website\"},\"datePublished\":\"2025-11-20T10:41:42+00:00\",\"dateModified\":\"2025-12-16T13:01:57+00:00\",\"breadcrumb\":{\"@id\":\"https:\\\/\\\/www.boolebox.com\\\/fr\\\/pme-et-travailleurs-independants\\\/#breadcrumb\"},\"inLanguage\":\"fr-FR\",\"potentialAction\":[{\"@type\":\"ReadAction\",\"target\":[\"https:\\\/\\\/www.boolebox.com\\\/fr\\\/pme-et-travailleurs-independants\\\/\"]}]},{\"@type\":\"BreadcrumbList\",\"@id\":\"https:\\\/\\\/www.boolebox.com\\\/fr\\\/pme-et-travailleurs-independants\\\/#breadcrumb\",\"itemListElement\":[{\"@type\":\"ListItem\",\"position\":1,\"name\":\"Home\",\"item\":\"https:\\\/\\\/www.boolebox.com\\\/fr\\\/\"},{\"@type\":\"ListItem\",\"position\":2,\"name\":\"PME et Travailleurs Ind\u00e9pendants\"}]},{\"@type\":\"WebSite\",\"@id\":\"https:\\\/\\\/www.boolebox.com\\\/fr\\\/#website\",\"url\":\"https:\\\/\\\/www.boolebox.com\\\/fr\\\/\",\"name\":\"Boolebox - Software protezione Dati\",\"description\":\"\",\"publisher\":{\"@id\":\"https:\\\/\\\/www.boolebox.com\\\/fr\\\/#organization\"},\"alternateName\":\"Boole Server Srl\",\"potentialAction\":[{\"@type\":\"SearchAction\",\"target\":{\"@type\":\"EntryPoint\",\"urlTemplate\":\"https:\\\/\\\/www.boolebox.com\\\/fr\\\/?s={search_term_string}\"},\"query-input\":{\"@type\":\"PropertyValueSpecification\",\"valueRequired\":true,\"valueName\":\"search_term_string\"}}],\"inLanguage\":\"fr-FR\"},{\"@type\":\"Organization\",\"@id\":\"https:\\\/\\\/www.boolebox.com\\\/fr\\\/#organization\",\"name\":\"Boolebox\",\"alternateName\":\"Boole Server Srl\",\"url\":\"https:\\\/\\\/www.boolebox.com\\\/fr\\\/\",\"logo\":{\"@type\":\"ImageObject\",\"inLanguage\":\"fr-FR\",\"@id\":\"https:\\\/\\\/www.boolebox.com\\\/fr\\\/#\\\/schema\\\/logo\\\/image\\\/\",\"url\":\"https:\\\/\\\/www.boolebox.com\\\/wp-content\\\/uploads\\\/2025\\\/12\\\/Secure-Password-positivo-1.svg\",\"contentUrl\":\"https:\\\/\\\/www.boolebox.com\\\/wp-content\\\/uploads\\\/2025\\\/12\\\/Secure-Password-positivo-1.svg\",\"width\":1,\"height\":1,\"caption\":\"Boolebox\"},\"image\":{\"@id\":\"https:\\\/\\\/www.boolebox.com\\\/fr\\\/#\\\/schema\\\/logo\\\/image\\\/\"},\"sameAs\":[\"https:\\\/\\\/www.facebook.com\\\/boolebox\",\"https:\\\/\\\/www.linkedin.com\\\/company\\\/boolebox\\\/\"]}]}<\/script>\n<!-- \/ Yoast SEO plugin. -->","yoast_head_json":{"title":"PME et Travailleurs Ind\u00e9pendants | Boolebox","robots":{"index":"index","follow":"follow","max-snippet":"max-snippet:-1","max-image-preview":"max-image-preview:large","max-video-preview":"max-video-preview:-1"},"canonical":"https:\/\/www.boolebox.com\/fr\/pme-et-travailleurs-independants\/","og_locale":"fr_FR","og_type":"article","og_title":"PME et Travailleurs Ind\u00e9pendants | Boolebox","og_url":"https:\/\/www.boolebox.com\/fr\/pme-et-travailleurs-independants\/","og_site_name":"Boolebox","article_publisher":"https:\/\/www.facebook.com\/boolebox","article_modified_time":"2025-12-16T13:01:57+00:00","twitter_card":"summary_large_image","schema":{"@context":"https:\/\/schema.org","@graph":[{"@type":"WebPage","@id":"https:\/\/www.boolebox.com\/fr\/pme-et-travailleurs-independants\/","url":"https:\/\/www.boolebox.com\/fr\/pme-et-travailleurs-independants\/","name":"PME et Travailleurs Ind\u00e9pendants | Boolebox","isPartOf":{"@id":"https:\/\/www.boolebox.com\/fr\/#website"},"datePublished":"2025-11-20T10:41:42+00:00","dateModified":"2025-12-16T13:01:57+00:00","breadcrumb":{"@id":"https:\/\/www.boolebox.com\/fr\/pme-et-travailleurs-independants\/#breadcrumb"},"inLanguage":"fr-FR","potentialAction":[{"@type":"ReadAction","target":["https:\/\/www.boolebox.com\/fr\/pme-et-travailleurs-independants\/"]}]},{"@type":"BreadcrumbList","@id":"https:\/\/www.boolebox.com\/fr\/pme-et-travailleurs-independants\/#breadcrumb","itemListElement":[{"@type":"ListItem","position":1,"name":"Home","item":"https:\/\/www.boolebox.com\/fr\/"},{"@type":"ListItem","position":2,"name":"PME et Travailleurs Ind\u00e9pendants"}]},{"@type":"WebSite","@id":"https:\/\/www.boolebox.com\/fr\/#website","url":"https:\/\/www.boolebox.com\/fr\/","name":"Boolebox - Software protezione Dati","description":"","publisher":{"@id":"https:\/\/www.boolebox.com\/fr\/#organization"},"alternateName":"Boole Server Srl","potentialAction":[{"@type":"SearchAction","target":{"@type":"EntryPoint","urlTemplate":"https:\/\/www.boolebox.com\/fr\/?s={search_term_string}"},"query-input":{"@type":"PropertyValueSpecification","valueRequired":true,"valueName":"search_term_string"}}],"inLanguage":"fr-FR"},{"@type":"Organization","@id":"https:\/\/www.boolebox.com\/fr\/#organization","name":"Boolebox","alternateName":"Boole Server Srl","url":"https:\/\/www.boolebox.com\/fr\/","logo":{"@type":"ImageObject","inLanguage":"fr-FR","@id":"https:\/\/www.boolebox.com\/fr\/#\/schema\/logo\/image\/","url":"https:\/\/www.boolebox.com\/wp-content\/uploads\/2025\/12\/Secure-Password-positivo-1.svg","contentUrl":"https:\/\/www.boolebox.com\/wp-content\/uploads\/2025\/12\/Secure-Password-positivo-1.svg","width":1,"height":1,"caption":"Boolebox"},"image":{"@id":"https:\/\/www.boolebox.com\/fr\/#\/schema\/logo\/image\/"},"sameAs":["https:\/\/www.facebook.com\/boolebox","https:\/\/www.linkedin.com\/company\/boolebox\/"]}]}},"_links":{"self":[{"href":"https:\/\/www.boolebox.com\/fr\/wp-json\/wp\/v2\/pages\/2260","targetHints":{"allow":["GET"]}}],"collection":[{"href":"https:\/\/www.boolebox.com\/fr\/wp-json\/wp\/v2\/pages"}],"about":[{"href":"https:\/\/www.boolebox.com\/fr\/wp-json\/wp\/v2\/types\/page"}],"author":[{"embeddable":true,"href":"https:\/\/www.boolebox.com\/fr\/wp-json\/wp\/v2\/users\/1"}],"replies":[{"embeddable":true,"href":"https:\/\/www.boolebox.com\/fr\/wp-json\/wp\/v2\/comments?post=2260"}],"version-history":[{"count":8,"href":"https:\/\/www.boolebox.com\/fr\/wp-json\/wp\/v2\/pages\/2260\/revisions"}],"predecessor-version":[{"id":3236,"href":"https:\/\/www.boolebox.com\/fr\/wp-json\/wp\/v2\/pages\/2260\/revisions\/3236"}],"wp:attachment":[{"href":"https:\/\/www.boolebox.com\/fr\/wp-json\/wp\/v2\/media?parent=2260"}],"curies":[{"name":"wp","href":"https:\/\/api.w.org\/{rel}","templated":true}]}}