{"id":2172,"date":"2025-11-20T13:38:14","date_gmt":"2025-11-20T13:38:14","guid":{"rendered":"https:\/\/www.boolebox.com\/compliance-aziende-nis2\/"},"modified":"2025-12-16T10:13:32","modified_gmt":"2025-12-16T10:13:32","slug":"nis2","status":"publish","type":"page","link":"https:\/\/www.boolebox.com\/fr\/nis2\/","title":{"rendered":"NIS2"},"content":{"rendered":"<section class=\"herosecond style1\">\n    <div class=\"container\">\n        <div class=\"row\">\n            <div class=\"col-md-6\">\n                <h1>NIS2<\/h1>\n                <div class=\"herosecond__text\"><p>La directive NIS2 (Network and Information Security Directive 2) est la r\u00e9glementation europ\u00e9enne visant \u00e0 renforcer la s\u00e9curit\u00e9 des r\u00e9seaux et des syst\u00e8mes d\u2019information dans les secteurs critiques tels que l\u2019\u00e9nergie, les transports, la sant\u00e9, les infrastructures num\u00e9riques, les finances et l\u2019administration publique.<\/p>\n<p><em>Avec Boolebox, nous prot\u00e9geons l\u2019ensemble de l\u2019infrastructure technologique et op\u00e9rationnelle des organisations publiques et priv\u00e9es, en garantissant s\u00e9curit\u00e9 et continuit\u00e9 dans le plein respect de la directive NIS2.<\/em><\/p>\n<\/div>\n                                            <\/div>\n            <div class=\"col-md-6 position-relative\">\n                <figure class=\"imgbanner_one \"><img decoding=\"async\" src=\"https:\/\/www.boolebox.com\/wp-content\/uploads\/2025\/12\/NIS2_header.jpg\" alt=\"\"><\/figure>\n                            <\/div>\n        <\/div>\n    <\/div>\n<\/section>\n\n<section class=\"seotext twocoltext\">\n    <div class=\"container\">\n        <div class=\"row\">\n            <div class=\"col-12\">\n                <div class=\"twocoltext__wrapper\">\n                    <h2>Solutions de cybers\u00e9curit\u00e9 Boolebox conformes \u00e0 NIS2 pour votre entreprise<\/h2>\n<h4>La directive NIS2 a \u00e9t\u00e9 adopt\u00e9e pour renforcer la cybers\u00e9curit\u00e9 des \u00c9tats membres.<\/h4>\n<p>Elle s\u2019applique \u00e0 un nombre bien plus large d\u2019entreprises que la directive NIS pr\u00e9c\u00e9dente : elle concerne non seulement les infrastructures critiques dans les secteurs comme l\u2019\u00e9nergie, les transports et la sant\u00e9, mais aussi les fournisseurs de services num\u00e9riques, les PME et les entit\u00e9s priv\u00e9es qui traitent des donn\u00e9es sensibles.<\/p>\n<p><strong>\u00c0 qui s\u2019applique NIS2 ?<\/strong><\/p>\n<p>\u00c0 toutes les organisations op\u00e9rant dans des secteurs essentiels tels que l\u2019\u00e9nergie, les transports, la sant\u00e9, les services financiers, mais aussi l\u2019industrie, l\u2019agroalimentaire, le num\u00e9rique et l\u2019administration publique.<\/p>\n<p>La directive NIS2 pr\u00e9voit :<\/p>\n<ul>\n<li>L\u2019\u00e9largissement du p\u00e9rim\u00e8tre des secteurs concern\u00e9s pour garantir un niveau maximal de cybers\u00e9curit\u00e9<\/li>\n<li>L\u2019obligation d\u2019adopter des proc\u00e9dures de s\u00e9curit\u00e9 informatique document\u00e9es<\/li>\n<li>La gestion active des risques et des acc\u00e8s<\/li>\n<li>La capacit\u00e9 de r\u00e9ponse aux incidents avec tra\u00e7abilit\u00e9 compl\u00e8te<\/li>\n<\/ul>\n                <\/div>\n            <\/div>\n        <\/div>\n    <\/div>\n<\/section>\n\n<section class=\"accordions\">\n    <div class=\"container\">\n        <div class=\"row\">\n            <div class=\"col-12\">\n                <div class=\"accordions__text text-center\">\n                    <h2>Que doit faire une entreprise pour \u00eatre conforme \u00e0 NIS2<\/h2>\n<p>Se conformer \u00e0 NIS2 ne signifie pas seulement respecter une norme, mais mettre en \u0153uvre toutes les sp\u00e9cifications n\u00e9cessaires pour pr\u00e9venir les dommages op\u00e9rationnels et juridiques.<br \/>\nC\u2019est pourquoi nous proposons une solution de cybers\u00e9curit\u00e9 qui aide les entreprises \u00e0 respecter les piliers de la directive NIS2 de mani\u00e8re strat\u00e9gique.<\/p>\n                <\/div>\n                <div class=\"accordion\" id=\"accordionboole\">\n                                            <div class=\"accordion-item\">\n                            <h2 class=\"accordion-header\">\n                                <button class=\"accordion-button collapsed\" type=\"button\" data-bs-toggle=\"collapse\" data-bs-target=\"#collapse1\" aria-expanded=\"true\" aria-controls=\"collapse1\">\n                                  <span>1. \u00c9valuation des risques et protection des donn\u00e9es<\/span>\n                                  <span class=\"introacc\">Nous analysons ensemble, de mani\u00e8re pr\u00e9cise et exhaustive, les risques informatiques auxquels votre entreprise pourrait \u00eatre expos\u00e9e.\nGr\u00e2ce \u00e0 nos services, vous pouvez surveiller les points les plus vuln\u00e9rables et activer imm\u00e9diatement des&#8230;<\/span>\n                                <\/button>\n                            <\/h2>\n                            <div id=\"collapse1\" class=\"accordion-collapse collapse\" data-bs-parent=\"#accordionboole\">\n                                <div class=\"accordion-body\"><p>Nous analysons ensemble, de mani\u00e8re pr\u00e9cise et exhaustive, les risques informatiques auxquels votre entreprise pourrait \u00eatre expos\u00e9e.<\/p>\n<p>Gr\u00e2ce \u00e0 nos services, vous pouvez surveiller les points les plus vuln\u00e9rables et activer imm\u00e9diatement des solutions cibl\u00e9es : comme le chiffrement automatique des fichiers et une surveillance continue qui vous permet de garder le contr\u00f4le et de respecter la r\u00e9glementation.<\/p>\n<p><strong>D\u00e9couvrez tous nos services<\/strong><\/p>\n<\/div>\n                            <\/div>\n                        <\/div>\n                                            <div class=\"accordion-item\">\n                            <h2 class=\"accordion-header\">\n                                <button class=\"accordion-button collapsed\" type=\"button\" data-bs-toggle=\"collapse\" data-bs-target=\"#collapse2\" aria-expanded=\"true\" aria-controls=\"collapse2\">\n                                  <span>2. Gestion des acc\u00e8s, des privil\u00e8ges et architecture Zero Trust<\/span>\n                                  <span class=\"introacc\">Notre plateforme permet une gestion des acc\u00e8s et des donn\u00e9es conforme \u00e0 NIS2, en appliquant le principe du Zero Trust : nous surveillons en permanence les acc\u00e8s et prot\u00e9geons chaque donn\u00e9e, en garantissant que seuls les utilisateurs autoris\u00e9s&#8230;<\/span>\n                                <\/button>\n                            <\/h2>\n                            <div id=\"collapse2\" class=\"accordion-collapse collapse\" data-bs-parent=\"#accordionboole\">\n                                <div class=\"accordion-body\"><p>Notre plateforme permet une gestion des acc\u00e8s et des donn\u00e9es conforme \u00e0 NIS2, en appliquant le principe du Zero Trust : nous surveillons en permanence les acc\u00e8s et prot\u00e9geons chaque donn\u00e9e, en garantissant que seuls les utilisateurs autoris\u00e9s puissent y acc\u00e9der.<\/p>\n<p>Avec des outils comme Boolebox Secure File Manager, vous pouvez d\u00e9finir des r\u00e8gles d\u2019acc\u00e8s d\u00e9taill\u00e9es et v\u00e9rifier \u00e0 tout moment qui a ouvert, modifi\u00e9 ou partag\u00e9 un fichier confidentiel \u2013 pour un contr\u00f4le total de vos donn\u00e9es sensibles.<\/p>\n<\/div>\n                            <\/div>\n                        <\/div>\n                                            <div class=\"accordion-item\">\n                            <h2 class=\"accordion-header\">\n                                <button class=\"accordion-button collapsed\" type=\"button\" data-bs-toggle=\"collapse\" data-bs-target=\"#collapse3\" aria-expanded=\"true\" aria-controls=\"collapse3\">\n                                  <span>3. Collaboration s\u00e9curis\u00e9e et r\u00e9ponse rapide aux incidents<\/span>\n                                  <span class=\"introacc\">La directive NIS2 exige que les documents soient prot\u00e9g\u00e9s en permanence, y compris lors de leur partage.\nEn cas d\u2019incident, vous aurez d\u00e9j\u00e0 mis en place les mesures n\u00e9cessaires pour \u00eatre conforme \u00e0 NIS2 et pourrez notifier toute violation&#8230;<\/span>\n                                <\/button>\n                            <\/h2>\n                            <div id=\"collapse3\" class=\"accordion-collapse collapse\" data-bs-parent=\"#accordionboole\">\n                                <div class=\"accordion-body\"><p>La directive NIS2 exige que les documents soient prot\u00e9g\u00e9s en permanence, y compris lors de leur partage.<br \/>\nEn cas d\u2019incident, vous aurez d\u00e9j\u00e0 mis en place les mesures n\u00e9cessaires pour \u00eatre conforme \u00e0 NIS2 et pourrez notifier toute violation rapidement, en minimisant l\u2019impact op\u00e9rationnel et en gardant le contr\u00f4le total.<\/p>\n<p>Gr\u00e2ce \u00e0 Boolebox Secure E-mail et \u00e0 nos solutions de chiffrement pour Outlook, l\u2019\u00e9change d\u2019informations sensibles se fait dans des environnements chiffr\u00e9s et v\u00e9rifiables.<br \/>\nChaque message et pi\u00e8ce jointe est chiffr\u00e9 pour garantir que seuls les destinataires autoris\u00e9s puissent y acc\u00e9der, et chaque activit\u00e9 est trac\u00e9e pour assurer transparence et auditabilit\u00e9.<\/p>\n<p>D\u00e9couvrez Secure E-mail<\/p>\n<\/div>\n                            <\/div>\n                        <\/div>\n                                    <\/div>\n            <\/div>\n        <\/div>\n    <\/div>\n<\/section>\n\n<section class=\"paragraphicons paragraphicons__styletwo\">\n    <div class=\"container\">\n        <div class=\"row\">\n            <div class=\"col-md-6\">\n                <h2>Boolebox est votre alli\u00e9 NIS2-ready<\/h2>\n                                <div class=\"paragraphicons__text\"><ul>\n<li>Adoptez une plateforme IT conforme \u00e0 NIS2 avec une mise en \u0153uvre rapide<\/li>\n<li>Simplifiez la documentation et les processus d\u2019audit<\/li>\n<li>Pr\u00e9venez les acc\u00e8s non autoris\u00e9s et les violations de donn\u00e9es<\/li>\n<li>D\u00e9montrez votre conformit\u00e9 en cas de contr\u00f4le<\/li>\n<\/ul>\n<p>D\u00e9couvrez tous nos services<\/p>\n<\/div>\n                <a href=\"https:\/\/www.boolebox.com\/fr\/demander-une-demo\/\" class=\"bnt gold\">Essayez gratuitement la plateforme Boolebox<\/a>\n            <\/div>\n            <div class=\"col-md-4 offset-md-1\">\n                                    <div class=\"paragraphicons__inconwrap\">\n                        <div class=\"row\">\n                            <div class=\"col-3\"><figure><img decoding=\"async\" src=\"https:\/\/www.boolebox.com\/wp-content\/uploads\/2025\/11\/sicurezza_icon.svg\" alt=\"\"><\/figure><\/div>\n                            <div class=\"col-9\">\n                                <h3 class=\"paragraphicons__icontitle\">S\u00e9curit\u00e9<\/h3>\n                                <p class=\"paragraphicons__icondesc\">La cybers\u00e9curit\u00e9 est notre mission, depuis toujours.<\/p>\n                            <\/div>\n                        <\/div>\n                    <\/div>\n                                    <div class=\"paragraphicons__inconwrap\">\n                        <div class=\"row\">\n                            <div class=\"col-3\"><figure><img decoding=\"async\" src=\"https:\/\/www.boolebox.com\/wp-content\/uploads\/2025\/11\/affidabilita_icon.svg\" alt=\"\"><\/figure><\/div>\n                            <div class=\"col-9\">\n                                <h3 class=\"paragraphicons__icontitle\">Fiabilit\u00e9<\/h3>\n                                <p class=\"paragraphicons__icondesc\">Pour qu\u2019une donn\u00e9e soit vraiment s\u00e9curis\u00e9e, il faut aussi de la continuit\u00e9 et de la confiance.<\/p>\n                            <\/div>\n                        <\/div>\n                    <\/div>\n                                    <div class=\"paragraphicons__inconwrap\">\n                        <div class=\"row\">\n                            <div class=\"col-3\"><figure><img decoding=\"async\" src=\"https:\/\/www.boolebox.com\/wp-content\/uploads\/2025\/11\/innovazione_icon.svg\" alt=\"\"><\/figure><\/div>\n                            <div class=\"col-9\">\n                                <h3 class=\"paragraphicons__icontitle\">Innovation<\/h3>\n                                <p class=\"paragraphicons__icondesc\">Nous ne nous contentons pas de r\u00e9pondre : nous anticipons et innovons, chaque jour.<\/p>\n                            <\/div>\n                        <\/div>\n                    <\/div>\n                            <\/div>\n        <\/div>\n    <\/div>\n<\/section>\n\n<section id=\"contact_form\" class=\"prodform whitebg\">\n    <div class=\"container\">\n        <div class=\"row\">\n            <div class=\"col-12 text-center\">\n                <h2>Vous souhaitez savoir si votre entreprise est concern\u00e9e par la r\u00e9glementation ?<\/h2>\n                <div class=\"prodform__text\"><p>Remplissez le formulaire pour recevoir une consultation ou demander une d\u00e9monstration gratuite de notre plateforme de conformit\u00e9 IT NIS2.<\/p>\n<\/div>\n            <\/div>\n        <\/div>\n        \n<div class=\"wpcf7 no-js\" id=\"wpcf7-f1514-o1\" lang=\"fr-FR\" dir=\"ltr\" data-wpcf7-id=\"1514\">\n<div class=\"screen-reader-response\"><p role=\"status\" aria-live=\"polite\" aria-atomic=\"true\"><\/p> <ul><\/ul><\/div>\n<form action=\"\/fr\/wp-json\/wp\/v2\/pages\/2172#wpcf7-f1514-o1\" method=\"post\" class=\"wpcf7-form init 27b674e1b855 cmatic-conn cmatic-aud-3 cmatic-mapd0-0 cmatic-v0978 cmatic-sent-0 cmatic-total-15\" id=\"demo-partner\" aria-label=\"Formulaire de contact\" novalidate=\"novalidate\" data-status=\"init\">\n<fieldset class=\"hidden-fields-container\"><input type=\"hidden\" name=\"_wpcf7\" value=\"1514\" \/><input type=\"hidden\" name=\"_wpcf7_version\" value=\"6.1.5\" \/><input type=\"hidden\" name=\"_wpcf7_locale\" value=\"fr_FR\" \/><input type=\"hidden\" name=\"_wpcf7_unit_tag\" value=\"wpcf7-f1514-o1\" \/><input type=\"hidden\" name=\"_wpcf7_container_post\" value=\"0\" \/><input type=\"hidden\" name=\"_wpcf7_posted_data_hash\" value=\"\" \/><input type=\"hidden\" name=\"_wpcf7_recaptcha_response\" value=\"\" \/>\n<\/fieldset>\n<div id=\"responsive-form\" class=\"clearfix\">\n\t<div class=\"row\">\n\t\t<div class=\"col-md-6\">\n\t\t\t<p><span class=\"wpcf7-form-control-wrap\" data-name=\"your-name\"><input size=\"40\" maxlength=\"400\" class=\"wpcf7-form-control wpcf7-text wpcf7-validates-as-required\" aria-required=\"true\" aria-invalid=\"false\" placeholder=\"Nom *\" value=\"\" type=\"text\" name=\"your-name\" \/><\/span>\n\t\t\t<\/p>\n\t\t<\/div>\n\t\t<div class=\"col-md-6\">\n\t\t\t<p><span class=\"wpcf7-form-control-wrap\" data-name=\"your-surname\"><input size=\"40\" maxlength=\"400\" class=\"wpcf7-form-control wpcf7-text wpcf7-validates-as-required\" aria-required=\"true\" aria-invalid=\"false\" placeholder=\"Nom de famille *\" value=\"\" type=\"text\" name=\"your-surname\" \/><\/span>\n\t\t\t<\/p>\n\t\t<\/div>\n\t<\/div>\n\t<div class=\"row\">\n\t\t<div class=\"col-md-6\">\n\t\t\t<p><span class=\"wpcf7-form-control-wrap\" data-name=\"your-email\"><input size=\"40\" maxlength=\"400\" class=\"wpcf7-form-control wpcf7-email wpcf7-validates-as-required wpcf7-text wpcf7-validates-as-email\" aria-required=\"true\" aria-invalid=\"false\" placeholder=\"Adresse e-mail de l&#039;entreprise *\" value=\"\" type=\"email\" name=\"your-email\" \/><\/span>\n\t\t\t<\/p>\n\t\t<\/div>\n\t\t<div class=\"col-md-6\">\n\t\t\t<p><span class=\"wpcf7-form-control-wrap\" data-name=\"your-company\"><input size=\"40\" maxlength=\"400\" class=\"wpcf7-form-control wpcf7-text wpcf7-validates-as-required\" aria-required=\"true\" aria-invalid=\"false\" placeholder=\"Entreprise *\" value=\"\" type=\"text\" name=\"your-company\" \/><\/span>\n\t\t\t<\/p>\n\t\t<\/div>\n\t<\/div>\n\t<div class=\"row\">\n\t\t<div class=\"col-12\">\n\t\t\t<p><span class=\"wpcf7-form-control-wrap\" data-name=\"your-message\"><textarea cols=\"40\" rows=\"10\" maxlength=\"2000\" class=\"wpcf7-form-control wpcf7-textarea wpcf7-validates-as-required\" aria-required=\"true\" aria-invalid=\"false\" placeholder=\"Message *\" name=\"your-message\"><\/textarea><\/span>\n\t\t\t<\/p>\n\t\t<\/div>\n\t<\/div>\n\t<div class=\"row note\">\n\t\t<div class=\"col-12\">\n\t\t\t<p>Je confirme avoir lu et accept\u00e9 les <b><a href=\"https:\/\/www.boolebox.com\/fr\/conditions-utilisation\/\" target=\"_blank\">Conditions d&rsquo;utilisation<\/a><\/b> et avoir lu et compris la <b><a href=\"https:\/\/www.iubenda.com\/privacy-policy\/78115687\" target=\"_blank\">Politique de confidentialit\u00e9<\/a><\/b>\n\t\t\t<\/p>\n\t\t<\/div>\n\t\t<div class=\"col-12\">\n\t\t\t<p><span class=\"wpcf7-form-control-wrap\" data-name=\"acceptance-privacy\"><span class=\"wpcf7-form-control wpcf7-acceptance\"><span class=\"wpcf7-list-item\"><label><input type=\"checkbox\" name=\"acceptance-privacy\" value=\"1\" aria-invalid=\"false\" \/><span class=\"wpcf7-list-item-label\">Je confirme et j&rsquo;accepte la politique de confidentialit\u00e9 *<\/span><\/label><\/span><\/span><\/span>\n\t\t\t<\/p>\n\t\t<\/div>\n\t<\/div>\n\t<div class=\"row note\">\n\t\t<div class=\"col-12\">\n\t\t\t<p>Pour le traitement de mes donn\u00e9es personnelles effectu\u00e9 par Boole Server s.r.l. pour des op\u00e9rations de marketing r\u00e9alis\u00e9es via des outils automatis\u00e9s (courriel, SMS, MMS, fax, r\u00e9pondeurs automatiques) et des outils non automatis\u00e9s (courrier, t\u00e9l\u00e9phone avec op\u00e9rateur)\n\t\t\t<\/p>\n\t\t<\/div>\n\t\t<div class=\"column-full pt_0\">\n\t\t\t<p><span class=\"wpcf7-form-control-wrap\" data-name=\"acceptance-marketing\"><span class=\"wpcf7-form-control wpcf7-acceptance optional\"><span class=\"wpcf7-list-item\"><label><input type=\"checkbox\" name=\"acceptance-marketing\" value=\"1\" aria-invalid=\"false\" \/><span class=\"wpcf7-list-item-label\">Je consens aux op\u00e9rations de marketing<\/span><\/label><\/span><\/span><\/span>\n\t\t\t<\/p>\n\t\t<\/div>\n\t<\/div>\n\t<div class=\"row note\">\n\t\t<div class=\"col-12\">\n\t\t\t<p>Pour le traitement de mes donn\u00e9es personnelles effectu\u00e9 par Boole Server s.r.l. aux fins de profilage et d&rsquo;envoi de communications personnalis\u00e9es par des outils automatis\u00e9s (courriel, SMS, MMS, newsletter) et non automatis\u00e9s (courrier, t\u00e9l\u00e9phone avec op\u00e9rateur)\n\t\t\t<\/p>\n\t\t<\/div>\n\t\t<div class=\"column-full pt_0 \">\n\t\t\t<p><span class=\"wpcf7-form-control-wrap\" data-name=\"acceptance-profiling\"><span class=\"wpcf7-form-control wpcf7-acceptance optional\"><span class=\"wpcf7-list-item\"><label><input type=\"checkbox\" name=\"acceptance-profiling\" value=\"1\" aria-invalid=\"false\" \/><span class=\"wpcf7-list-item-label\">Je consens aux op\u00e9rations de profilage.<\/span><\/label><\/span><\/span><\/span>\n\t\t\t<\/p>\n\t\t<\/div>\n\t<\/div>\n\t<div class=\"row\">\n\t\t<div class=\"col-12 text-center\">\n\t\t\t<p><input class=\"wpcf7-form-control wpcf7-submit has-spinner\" type=\"submit\" value=\"Envoyer la demande\" \/>\n\t\t\t<\/p>\n\t\t<\/div>\n\t<\/div>\n<\/div><input type='hidden' class='wpcf7-pum' value='{\"closepopup\":false,\"closedelay\":0,\"openpopup\":false,\"openpopup_id\":0}' \/><div class=\"wpcf7-response-output\" aria-hidden=\"true\"><\/div>\n<\/form>\n<\/div>\n    <\/div>\n<\/section>","protected":false},"excerpt":{"rendered":"","protected":false},"author":1,"featured_media":0,"parent":0,"menu_order":0,"comment_status":"closed","ping_status":"closed","template":"","meta":{"footnotes":""},"class_list":["post-2172","page","type-page","status-publish","hentry"],"yoast_head":"<!-- This site is optimized with the Yoast SEO plugin v27.3 - https:\/\/yoast.com\/product\/yoast-seo-wordpress\/ -->\n<title>NIS2 | Boolebox<\/title>\n<meta name=\"robots\" content=\"index, follow, max-snippet:-1, max-image-preview:large, max-video-preview:-1\" \/>\n<link rel=\"canonical\" href=\"https:\/\/www.boolebox.com\/fr\/nis2\/\" \/>\n<meta property=\"og:locale\" content=\"fr_FR\" \/>\n<meta property=\"og:type\" content=\"article\" \/>\n<meta property=\"og:title\" content=\"NIS2 | Boolebox\" \/>\n<meta property=\"og:url\" content=\"https:\/\/www.boolebox.com\/fr\/nis2\/\" \/>\n<meta property=\"og:site_name\" content=\"Boolebox\" \/>\n<meta property=\"article:publisher\" content=\"https:\/\/www.facebook.com\/boolebox\" \/>\n<meta property=\"article:modified_time\" content=\"2025-12-16T10:13:32+00:00\" \/>\n<meta name=\"twitter:card\" content=\"summary_large_image\" \/>\n<script type=\"application\/ld+json\" class=\"yoast-schema-graph\">{\"@context\":\"https:\\\/\\\/schema.org\",\"@graph\":[{\"@type\":\"WebPage\",\"@id\":\"https:\\\/\\\/www.boolebox.com\\\/fr\\\/nis2\\\/\",\"url\":\"https:\\\/\\\/www.boolebox.com\\\/fr\\\/nis2\\\/\",\"name\":\"NIS2 | Boolebox\",\"isPartOf\":{\"@id\":\"https:\\\/\\\/www.boolebox.com\\\/fr\\\/#website\"},\"datePublished\":\"2025-11-20T13:38:14+00:00\",\"dateModified\":\"2025-12-16T10:13:32+00:00\",\"breadcrumb\":{\"@id\":\"https:\\\/\\\/www.boolebox.com\\\/fr\\\/nis2\\\/#breadcrumb\"},\"inLanguage\":\"fr-FR\",\"potentialAction\":[{\"@type\":\"ReadAction\",\"target\":[\"https:\\\/\\\/www.boolebox.com\\\/fr\\\/nis2\\\/\"]}]},{\"@type\":\"BreadcrumbList\",\"@id\":\"https:\\\/\\\/www.boolebox.com\\\/fr\\\/nis2\\\/#breadcrumb\",\"itemListElement\":[{\"@type\":\"ListItem\",\"position\":1,\"name\":\"Home\",\"item\":\"https:\\\/\\\/www.boolebox.com\\\/fr\\\/\"},{\"@type\":\"ListItem\",\"position\":2,\"name\":\"NIS2\"}]},{\"@type\":\"WebSite\",\"@id\":\"https:\\\/\\\/www.boolebox.com\\\/fr\\\/#website\",\"url\":\"https:\\\/\\\/www.boolebox.com\\\/fr\\\/\",\"name\":\"Boolebox - Software protezione Dati\",\"description\":\"\",\"publisher\":{\"@id\":\"https:\\\/\\\/www.boolebox.com\\\/fr\\\/#organization\"},\"alternateName\":\"Boole Server Srl\",\"potentialAction\":[{\"@type\":\"SearchAction\",\"target\":{\"@type\":\"EntryPoint\",\"urlTemplate\":\"https:\\\/\\\/www.boolebox.com\\\/fr\\\/?s={search_term_string}\"},\"query-input\":{\"@type\":\"PropertyValueSpecification\",\"valueRequired\":true,\"valueName\":\"search_term_string\"}}],\"inLanguage\":\"fr-FR\"},{\"@type\":\"Organization\",\"@id\":\"https:\\\/\\\/www.boolebox.com\\\/fr\\\/#organization\",\"name\":\"Boolebox\",\"alternateName\":\"Boole Server Srl\",\"url\":\"https:\\\/\\\/www.boolebox.com\\\/fr\\\/\",\"logo\":{\"@type\":\"ImageObject\",\"inLanguage\":\"fr-FR\",\"@id\":\"https:\\\/\\\/www.boolebox.com\\\/fr\\\/#\\\/schema\\\/logo\\\/image\\\/\",\"url\":\"https:\\\/\\\/www.boolebox.com\\\/wp-content\\\/uploads\\\/2025\\\/12\\\/Secure-Password-positivo-1.svg\",\"contentUrl\":\"https:\\\/\\\/www.boolebox.com\\\/wp-content\\\/uploads\\\/2025\\\/12\\\/Secure-Password-positivo-1.svg\",\"width\":1,\"height\":1,\"caption\":\"Boolebox\"},\"image\":{\"@id\":\"https:\\\/\\\/www.boolebox.com\\\/fr\\\/#\\\/schema\\\/logo\\\/image\\\/\"},\"sameAs\":[\"https:\\\/\\\/www.facebook.com\\\/boolebox\",\"https:\\\/\\\/www.linkedin.com\\\/company\\\/boolebox\\\/\"]}]}<\/script>\n<!-- \/ Yoast SEO plugin. -->","yoast_head_json":{"title":"NIS2 | Boolebox","robots":{"index":"index","follow":"follow","max-snippet":"max-snippet:-1","max-image-preview":"max-image-preview:large","max-video-preview":"max-video-preview:-1"},"canonical":"https:\/\/www.boolebox.com\/fr\/nis2\/","og_locale":"fr_FR","og_type":"article","og_title":"NIS2 | Boolebox","og_url":"https:\/\/www.boolebox.com\/fr\/nis2\/","og_site_name":"Boolebox","article_publisher":"https:\/\/www.facebook.com\/boolebox","article_modified_time":"2025-12-16T10:13:32+00:00","twitter_card":"summary_large_image","schema":{"@context":"https:\/\/schema.org","@graph":[{"@type":"WebPage","@id":"https:\/\/www.boolebox.com\/fr\/nis2\/","url":"https:\/\/www.boolebox.com\/fr\/nis2\/","name":"NIS2 | Boolebox","isPartOf":{"@id":"https:\/\/www.boolebox.com\/fr\/#website"},"datePublished":"2025-11-20T13:38:14+00:00","dateModified":"2025-12-16T10:13:32+00:00","breadcrumb":{"@id":"https:\/\/www.boolebox.com\/fr\/nis2\/#breadcrumb"},"inLanguage":"fr-FR","potentialAction":[{"@type":"ReadAction","target":["https:\/\/www.boolebox.com\/fr\/nis2\/"]}]},{"@type":"BreadcrumbList","@id":"https:\/\/www.boolebox.com\/fr\/nis2\/#breadcrumb","itemListElement":[{"@type":"ListItem","position":1,"name":"Home","item":"https:\/\/www.boolebox.com\/fr\/"},{"@type":"ListItem","position":2,"name":"NIS2"}]},{"@type":"WebSite","@id":"https:\/\/www.boolebox.com\/fr\/#website","url":"https:\/\/www.boolebox.com\/fr\/","name":"Boolebox - Software protezione Dati","description":"","publisher":{"@id":"https:\/\/www.boolebox.com\/fr\/#organization"},"alternateName":"Boole Server Srl","potentialAction":[{"@type":"SearchAction","target":{"@type":"EntryPoint","urlTemplate":"https:\/\/www.boolebox.com\/fr\/?s={search_term_string}"},"query-input":{"@type":"PropertyValueSpecification","valueRequired":true,"valueName":"search_term_string"}}],"inLanguage":"fr-FR"},{"@type":"Organization","@id":"https:\/\/www.boolebox.com\/fr\/#organization","name":"Boolebox","alternateName":"Boole Server Srl","url":"https:\/\/www.boolebox.com\/fr\/","logo":{"@type":"ImageObject","inLanguage":"fr-FR","@id":"https:\/\/www.boolebox.com\/fr\/#\/schema\/logo\/image\/","url":"https:\/\/www.boolebox.com\/wp-content\/uploads\/2025\/12\/Secure-Password-positivo-1.svg","contentUrl":"https:\/\/www.boolebox.com\/wp-content\/uploads\/2025\/12\/Secure-Password-positivo-1.svg","width":1,"height":1,"caption":"Boolebox"},"image":{"@id":"https:\/\/www.boolebox.com\/fr\/#\/schema\/logo\/image\/"},"sameAs":["https:\/\/www.facebook.com\/boolebox","https:\/\/www.linkedin.com\/company\/boolebox\/"]}]}},"_links":{"self":[{"href":"https:\/\/www.boolebox.com\/fr\/wp-json\/wp\/v2\/pages\/2172","targetHints":{"allow":["GET"]}}],"collection":[{"href":"https:\/\/www.boolebox.com\/fr\/wp-json\/wp\/v2\/pages"}],"about":[{"href":"https:\/\/www.boolebox.com\/fr\/wp-json\/wp\/v2\/types\/page"}],"author":[{"embeddable":true,"href":"https:\/\/www.boolebox.com\/fr\/wp-json\/wp\/v2\/users\/1"}],"replies":[{"embeddable":true,"href":"https:\/\/www.boolebox.com\/fr\/wp-json\/wp\/v2\/comments?post=2172"}],"version-history":[{"count":9,"href":"https:\/\/www.boolebox.com\/fr\/wp-json\/wp\/v2\/pages\/2172\/revisions"}],"predecessor-version":[{"id":3021,"href":"https:\/\/www.boolebox.com\/fr\/wp-json\/wp\/v2\/pages\/2172\/revisions\/3021"}],"wp:attachment":[{"href":"https:\/\/www.boolebox.com\/fr\/wp-json\/wp\/v2\/media?parent=2172"}],"curies":[{"name":"wp","href":"https:\/\/api.w.org\/{rel}","templated":true}]}}