{"id":1619,"date":"2025-11-05T10:23:53","date_gmt":"2025-11-05T10:23:53","guid":{"rendered":"https:\/\/www.boolebox.com\/compliance-aziende-dora\/"},"modified":"2025-12-16T10:06:14","modified_gmt":"2025-12-16T10:06:14","slug":"dora","status":"publish","type":"page","link":"https:\/\/www.boolebox.com\/de\/dora\/","title":{"rendered":"DORA"},"content":{"rendered":"<section class=\"herosecond style1\">\n    <div class=\"container\">\n        <div class=\"row\">\n            <div class=\"col-md-6\">\n                <h1>Dora<\/h1>\n                <div class=\"herosecond__text\"><p>Die DORA-Verordnung (Digital Operational Resilience Act) wurde eingef\u00fchrt, um die Cybersicherheit und die digitale Resilienz von Unternehmen im Finanzsektor zu st\u00e4rken.<\/p>\n<p>Mit Boolebox kannst du die Anforderungen der DORA-Verordnung effektiv und strukturiert erf\u00fcllen \u2013 dank einer Plattform, die fortschrittliche Verschl\u00fcsselung und vollst\u00e4ndige Nachverfolgbarkeit integriert und Unternehmen bei der Einhaltung der Vorgaben zur digitalen Betriebsresilienz unterst\u00fctzt.<\/p>\n<\/div>\n                                            <\/div>\n            <div class=\"col-md-6 position-relative\">\n                <figure class=\"imgbanner_one \"><img decoding=\"async\" src=\"https:\/\/www.boolebox.com\/wp-content\/uploads\/2025\/11\/guillaume-perigois-0NRkVddA2fw-unsplash-1.jpg\" alt=\"\"><\/figure>\n                            <\/div>\n        <\/div>\n    <\/div>\n<\/section>\n\n<section class=\"seotext twocoltext\">\n    <div class=\"container\">\n        <div class=\"row\">\n            <div class=\"col-12\">\n                <div class=\"twocoltext__wrapper\">\n                    <h2>DORA-Verordnung: Datenschutz und IKT-Resilienz f\u00fcr den Finanzsektor<\/h2>\n<h4>Cyberangriffe stellen heute eine reale Bedrohung f\u00fcr die wirtschaftliche Stabilit\u00e4t dar. Aus diesem Grund f\u00fchrt DORA spezifische Verpflichtungen ein, um den Datenschutz zu verbessern und Organisationen widerstandsf\u00e4higer gegen\u00fcber IKT-Vorf\u00e4llen zu machen.<br \/>\nDaher verlangt die Verordnung gezielte Ma\u00dfnahmen zum Schutz von Daten und zur sicheren Dokumentenverwaltung im Finanzsektor.<\/h4>\n<p>Die DORA-Verordnung gilt f\u00fcr eine breite Palette von Akteuren im europ\u00e4ischen Finanz- und Wirtschaftssystem. Ziel ist es, die F\u00e4higkeit zu st\u00e4rken, auf technologische St\u00f6rungen zu reagieren, IKT-Risiken zu minimieren und das Vertrauen in den Markt zu sichern..<\/p>\n<p><strong>Wer ist von DORA betroffen:<\/strong><\/p>\n<ul>\n<li>Kredit- und Zahlungsinstitute<\/li>\n<li>Versicherungs- und R\u00fcckversicherungsunternehmen<\/li>\n<li>Investmentgesellschaften und Verm\u00f6gensverwalter<\/li>\n<li>Externe IKT-Dienstleister, einschlie\u00dflich Cloud-Anbieter<\/li>\n<li>Anbieter von Kryptow\u00e4hrungsdiensten<\/li>\n<\/ul>\n                <\/div>\n            <\/div>\n        <\/div>\n    <\/div>\n<\/section>\n\n<section class=\"accordions\">\n    <div class=\"container\">\n        <div class=\"row\">\n            <div class=\"col-12\">\n                <div class=\"accordions__text text-center\">\n                    <h2>Wie Unternehmen DORA-konform werden: Pflichten und konkrete Ma\u00dfnahmen<\/h2>\n<p>Um DORA-konform zu sein, m\u00fcssen Unternehmen proaktiv handeln und fortschrittliche IKT-Kontrollen implementieren.<br \/>\nHier sind die wichtigsten Ma\u00dfnahmen:<\/p>\n                <\/div>\n                <div class=\"accordion\" id=\"accordionboole\">\n                                            <div class=\"accordion-item\">\n                            <h2 class=\"accordion-header\">\n                                <button class=\"accordion-button collapsed\" type=\"button\" data-bs-toggle=\"collapse\" data-bs-target=\"#collapse1\" aria-expanded=\"true\" aria-controls=\"collapse1\">\n                                  <span>1. IKT-Risikoanalyse<\/span>\n                                  <span class=\"introacc\">Analyse von Schwachstellen in Systemen und Technologien mit der Pflicht, moderne technische L\u00f6sungen einzusetzen, um Vorf\u00e4lle zu verhindern und Schwachstellen schnell zu beheben.\nErfahre, wie du das mit unseren Services umsetzen kannst\nMit der&#8230;<\/span>\n                                <\/button>\n                            <\/h2>\n                            <div id=\"collapse1\" class=\"accordion-collapse collapse\" data-bs-parent=\"#accordionboole\">\n                                <div class=\"accordion-body\"><p>Analyse von Schwachstellen in Systemen und Technologien mit der Pflicht, moderne technische L\u00f6sungen einzusetzen, um Vorf\u00e4lle zu verhindern und Schwachstellen schnell zu beheben.<\/p>\n<p>Erfahre, wie du das mit unseren Services umsetzen kannst<br \/>\nMit der Boolebox-Plattform unterst\u00fctzen wir Unternehmen durch fortschrittliche Verschl\u00fcsselung und Zugriffskontrolle, um Risiken wie Datenexfiltration gezielt zu minimieren.<\/p>\n<p>Erfahren Sie, wie Sie das mit unseren Services umsetzen k\u00f6nnen.<\/p>\n<\/div>\n                            <\/div>\n                        <\/div>\n                                            <div class=\"accordion-item\">\n                            <h2 class=\"accordion-header\">\n                                <button class=\"accordion-button collapsed\" type=\"button\" data-bs-toggle=\"collapse\" data-bs-target=\"#collapse2\" aria-expanded=\"true\" aria-controls=\"collapse2\">\n                                  <span>2. Sichere Daten- und Informationsverwaltung<\/span>\n                                  <span class=\"introacc\">Einsatz einer Datenschutzsoftware zur DORA-Compliance sowie Einf\u00fchrung strenger Richtlinien und Verfahren zur Bewertung und Minderung von IKT-Risiken.\nUnsere Plattform verschl\u00fcsselt sensible Daten, begrenzt unbefugte Zugriffe und gew\u00e4hrleistet&#8230;<\/span>\n                                <\/button>\n                            <\/h2>\n                            <div id=\"collapse2\" class=\"accordion-collapse collapse\" data-bs-parent=\"#accordionboole\">\n                                <div class=\"accordion-body\"><p>Einsatz einer Datenschutzsoftware zur DORA-Compliance sowie Einf\u00fchrung strenger Richtlinien und Verfahren zur Bewertung und Minderung von IKT-Risiken.<\/p>\n<p>Unsere Plattform verschl\u00fcsselt sensible Daten, begrenzt unbefugte Zugriffe und gew\u00e4hrleistet vollst\u00e4ndige Nachverfolgbarkeit..<\/p>\n<p>Erfahre, wie du das mit unseren Services umsetzen kannst<\/p>\n<\/div>\n                            <\/div>\n                        <\/div>\n                                            <div class=\"accordion-item\">\n                            <h2 class=\"accordion-header\">\n                                <button class=\"accordion-button collapsed\" type=\"button\" data-bs-toggle=\"collapse\" data-bs-target=\"#collapse3\" aria-expanded=\"true\" aria-controls=\"collapse3\">\n                                  <span>3.  Kontinuierliches Monitoring und Meldung von IKT-Vorf\u00e4llen<\/span>\n                                  <span class=\"introacc\">Pflicht zur regelm\u00e4\u00dfigen Pr\u00fcfung der digitalen Betriebsresilienz durch \u00dcberwachung von Zugriffen, Bewegungen und \u00c4nderungen an kritischen Dokumenten.\nDazu geh\u00f6rt auch die zeitnahe Meldung erheblicher Vorf\u00e4lle an die zust\u00e4ndigen&#8230;<\/span>\n                                <\/button>\n                            <\/h2>\n                            <div id=\"collapse3\" class=\"accordion-collapse collapse\" data-bs-parent=\"#accordionboole\">\n                                <div class=\"accordion-body\"><p>Pflicht zur regelm\u00e4\u00dfigen Pr\u00fcfung der digitalen Betriebsresilienz durch \u00dcberwachung von Zugriffen, Bewegungen und \u00c4nderungen an kritischen Dokumenten.<br \/>\nDazu geh\u00f6rt auch die zeitnahe Meldung erheblicher Vorf\u00e4lle an die zust\u00e4ndigen Beh\u00f6rden.<\/p>\n<p>Die Verordnung verlangt ein Echtzeit-Kontrollsystem mit automatisierten, \u00fcberpr\u00fcfbaren Protokollen, um schnell auf Bedrohungen reagieren zu k\u00f6nnen.<br \/>\nDas tr\u00e4gt dazu bei, potenzielle Sch\u00e4den zu minimieren und das Vertrauen der Stakeholder zu st\u00e4rken..<\/p>\n<p>Erfahre, wie du das mit unseren Services umsetzen kannst<\/p>\n<\/div>\n                            <\/div>\n                        <\/div>\n                                            <div class=\"accordion-item\">\n                            <h2 class=\"accordion-header\">\n                                <button class=\"accordion-button collapsed\" type=\"button\" data-bs-toggle=\"collapse\" data-bs-target=\"#collapse4\" aria-expanded=\"true\" aria-controls=\"collapse4\">\n                                  <span>4. Management externer IKT-Dienstleister<\/span>\n                                  <span class=\"introacc\">Bewertung aller externen Technologiepartner, um sicherzustellen, dass auch sie die geforderten Standards einhalten.\nDORA bezieht auch Dienstleister mit ein: Sicherheitskriterien m\u00fcssen in Richtlinien verankert und entlang der gesamten Lieferkette&#8230;<\/span>\n                                <\/button>\n                            <\/h2>\n                            <div id=\"collapse4\" class=\"accordion-collapse collapse\" data-bs-parent=\"#accordionboole\">\n                                <div class=\"accordion-body\"><p>Bewertung aller externen Technologiepartner, um sicherzustellen, dass auch sie die geforderten Standards einhalten.<\/p>\n<p>DORA bezieht auch Dienstleister mit ein: Sicherheitskriterien m\u00fcssen in Richtlinien verankert und entlang der gesamten Lieferkette durchgesetzt werden.<\/p>\n<p>Erfahre, wie du das mit unseren Services umsetzen kannst<br \/>\nSieh dir an, wie wir das mit Boolebox (SFM) umgesetzt haben<\/p>\n<\/div>\n                            <\/div>\n                        <\/div>\n                                    <\/div>\n            <\/div>\n        <\/div>\n    <\/div>\n<\/section>\n\n<section class=\"paragraphicons paragraphicons__styletwo\">\n    <div class=\"container\">\n        <div class=\"row\">\n            <div class=\"col-md-6\">\n                <h2>Boolebox hilft dir, DORA-konform zu werden<\/h2>\n                                <div class=\"paragraphicons__text\"><ul>\n<li><strong>Reduzierung von IKT-Risiken: <\/strong>Schutzma\u00dfnahmen, die wirtschaftliche, operative und reputationsbezogene Sch\u00e4den im Ernstfall minimieren\u00f9.<\/li>\n<li><strong>Optimierung der Dokumentenverwaltung<\/strong>: DORA-konforme Plattformen f\u00fcr Verschl\u00fcsselung und Nachverfolgbarkeit erm\u00f6glichen eine sichere Verwaltung sensibler Finanzdokumente mit voller Transparenz \u00fcber Zugriffe und \u00c4nderungen.<\/li>\n<li><strong>Vertrauensw\u00fcrdigkeit gegen\u00fcber Kunden und Beh\u00f6rden:<\/strong> Die Einhaltung der Anforderungen zur digitalen Betriebsresilienz st\u00e4rkt das Vertrauen von Stakeholdern, Investoren und Endkunden.<\/li>\n<li><strong>Wettbewerbsvorteil:<\/strong> Unternehmen, die DORA-konformes File Sharing und End-to-End-Datenschutz bieten, positionieren sich als zuverl\u00e4ssige Partner in einem zunehmend regulierten Markt.<\/li>\n<li><strong>Audit-Vorbereitung:<\/strong> Zentralisierte, automatisierte und nachvollziehbare Dokumentation vereinfacht jede Pr\u00fcfphase und reduziert Aufwand und Kosten.<\/li>\n<\/ul>\n<\/div>\n                <a href=\"https:\/\/www.boolebox.com\/de\/demo-anfordern\/\" class=\"bnt gold\">Teste die Boolebox-Plattform kostenlos<\/a>\n            <\/div>\n            <div class=\"col-md-4 offset-md-1\">\n                                    <div class=\"paragraphicons__inconwrap\">\n                        <div class=\"row\">\n                            <div class=\"col-3\"><figure><img decoding=\"async\" src=\"https:\/\/www.boolebox.com\/wp-content\/uploads\/2025\/11\/sicurezza_icon.svg\" alt=\"\"><\/figure><\/div>\n                            <div class=\"col-9\">\n                                <h3 class=\"paragraphicons__icontitle\">Sicherheit<\/h3>\n                                <p class=\"paragraphicons__icondesc\">Cybersicherheit ist seit jeher unsere Mission. <\/p>\n                            <\/div>\n                        <\/div>\n                    <\/div>\n                                    <div class=\"paragraphicons__inconwrap\">\n                        <div class=\"row\">\n                            <div class=\"col-3\"><figure><img decoding=\"async\" src=\"https:\/\/www.boolebox.com\/wp-content\/uploads\/2025\/11\/affidabilita_icon.svg\" alt=\"\"><\/figure><\/div>\n                            <div class=\"col-9\">\n                                <h3 class=\"paragraphicons__icontitle\">Zuverl\u00e4ssigkeit<\/h3>\n                                <p class=\"paragraphicons__icondesc\">Wir sch\u00fctzen Daten durch Zugriffskontrolle und Prozess\u00fcberwachung \u2013 mit voller Nachvollziehbarkeit.<\/p>\n                            <\/div>\n                        <\/div>\n                    <\/div>\n                                    <div class=\"paragraphicons__inconwrap\">\n                        <div class=\"row\">\n                            <div class=\"col-3\"><figure><img decoding=\"async\" src=\"https:\/\/www.boolebox.com\/wp-content\/uploads\/2025\/11\/innovazione_icon.svg\" alt=\"\"><\/figure><\/div>\n                            <div class=\"col-9\">\n                                <h3 class=\"paragraphicons__icontitle\">Innovation<\/h3>\n                                <p class=\"paragraphicons__icondesc\">Wir reagieren nicht nur \u2013 wir denken voraus und entwickeln t\u00e4glich weiter.<\/p>\n                            <\/div>\n                        <\/div>\n                    <\/div>\n                            <\/div>\n        <\/div>\n    <\/div>\n<\/section>\n\n<section id=\"contact_form\" class=\"prodform whitebg\">\n    <div class=\"container\">\n        <div class=\"row\">\n            <div class=\"col-12 text-center\">\n                <h2>M\u00f6chtest du wissen, wie du dein Unternehmen auf DORA vorbereiten kannst?<\/h2>\n                <div class=\"prodform__text\"><p>F\u00fclle das Formular aus, um eine pers\u00f6nliche Beratung zu erhalten oder fordere eine kostenlose Demo unserer Plattform an.<\/p>\n<\/div>\n            <\/div>\n        <\/div>\n        \n<div class=\"wpcf7 no-js\" id=\"wpcf7-f1509-o1\" lang=\"de-DE\" dir=\"ltr\" data-wpcf7-id=\"1509\">\n<div class=\"screen-reader-response\"><p role=\"status\" aria-live=\"polite\" aria-atomic=\"true\"><\/p> <ul><\/ul><\/div>\n<form action=\"\/de\/wp-json\/wp\/v2\/pages\/1619#wpcf7-f1509-o1\" method=\"post\" class=\"wpcf7-form init 27b674e1b855 cmatic-conn cmatic-aud-3 cmatic-mapd0-0 cmatic-v0978 cmatic-sent-0 cmatic-total-15\" id=\"demo-partner\" aria-label=\"Kontaktformular\" novalidate=\"novalidate\" data-status=\"init\">\n<fieldset class=\"hidden-fields-container\"><input type=\"hidden\" name=\"_wpcf7\" value=\"1509\" \/><input type=\"hidden\" name=\"_wpcf7_version\" value=\"6.1.5\" \/><input type=\"hidden\" name=\"_wpcf7_locale\" value=\"de_DE\" \/><input type=\"hidden\" name=\"_wpcf7_unit_tag\" value=\"wpcf7-f1509-o1\" \/><input type=\"hidden\" name=\"_wpcf7_container_post\" value=\"0\" \/><input type=\"hidden\" name=\"_wpcf7_posted_data_hash\" value=\"\" \/><input type=\"hidden\" name=\"_wpcf7_recaptcha_response\" value=\"\" \/>\n<\/fieldset>\n<div id=\"responsive-form\" class=\"clearfix\">\n\t<div class=\"row\">\n\t\t<div class=\"col-md-6\">\n\t\t\t<p><span class=\"wpcf7-form-control-wrap\" data-name=\"your-name\"><input size=\"40\" maxlength=\"400\" class=\"wpcf7-form-control wpcf7-text wpcf7-validates-as-required\" aria-required=\"true\" aria-invalid=\"false\" placeholder=\"Vorname *\" value=\"\" type=\"text\" name=\"your-name\" \/><\/span>\n\t\t\t<\/p>\n\t\t<\/div>\n\t\t<div class=\"col-md-6\">\n\t\t\t<p><span class=\"wpcf7-form-control-wrap\" data-name=\"your-surname\"><input size=\"40\" maxlength=\"400\" class=\"wpcf7-form-control wpcf7-text wpcf7-validates-as-required\" aria-required=\"true\" aria-invalid=\"false\" placeholder=\"Nachname *\" value=\"\" type=\"text\" name=\"your-surname\" \/><\/span>\n\t\t\t<\/p>\n\t\t<\/div>\n\t<\/div>\n\t<div class=\"row\">\n\t\t<div class=\"col-md-6\">\n\t\t\t<p><span class=\"wpcf7-form-control-wrap\" data-name=\"your-email\"><input size=\"40\" maxlength=\"400\" class=\"wpcf7-form-control wpcf7-email wpcf7-validates-as-required wpcf7-text wpcf7-validates-as-email\" aria-required=\"true\" aria-invalid=\"false\" placeholder=\"Gesch\u00e4ftliche E-Mail *\" value=\"\" type=\"email\" name=\"your-email\" \/><\/span>\n\t\t\t<\/p>\n\t\t<\/div>\n\t\t<div class=\"col-md-6\">\n\t\t\t<p><span class=\"wpcf7-form-control-wrap\" data-name=\"your-company\"><input size=\"40\" maxlength=\"400\" class=\"wpcf7-form-control wpcf7-text wpcf7-validates-as-required\" aria-required=\"true\" aria-invalid=\"false\" placeholder=\"Unternehmen *\" value=\"\" type=\"text\" name=\"your-company\" \/><\/span>\n\t\t\t<\/p>\n\t\t<\/div>\n\t<\/div>\n\t<div class=\"row\">\n\t\t<div class=\"col-12\">\n\t\t\t<p><span class=\"wpcf7-form-control-wrap\" data-name=\"your-message\"><textarea cols=\"40\" rows=\"10\" maxlength=\"2000\" class=\"wpcf7-form-control wpcf7-textarea wpcf7-validates-as-required\" aria-required=\"true\" aria-invalid=\"false\" placeholder=\"Nachricht *\" name=\"your-message\"><\/textarea><\/span>\n\t\t\t<\/p>\n\t\t<\/div>\n\t<\/div>\n\t<div class=\"row note\">\n\t\t<div class=\"col-12\">\n\t\t\t<p>Ich best\u00e4tige, dass ich die <b><a href=\"https:\/\/www.boolebox.com\/de\/nutzungsbedingungen\/\" target=\"_blank\">Nutzungsbedingungen<\/a><\/b> gelesen und akzeptiert habe und die <b><a href=\"https:\/\/www.iubenda.com\/privacy-policy\/97777209\" target=\"_blank\">Datenschutzrichtlinie<\/a><\/b> gelesen habe.\n\t\t\t<\/p>\n\t\t<\/div>\n\t\t<div class=\"col-12\">\n\t\t\t<p><span class=\"wpcf7-form-control-wrap\" data-name=\"acceptance-privacy\"><span class=\"wpcf7-form-control wpcf7-acceptance\"><span class=\"wpcf7-list-item\"><label><input type=\"checkbox\" name=\"acceptance-privacy\" value=\"1\" aria-invalid=\"false\" \/><span class=\"wpcf7-list-item-label\">Ich best\u00e4tige und akzeptiere die Datenschutzerkl\u00e4rung *<\/span><\/label><\/span><\/span><\/span>\n\t\t\t<\/p>\n\t\t<\/div>\n\t<\/div>\n\t<div class=\"row note\">\n\t\t<div class=\"col-12\">\n\t\t\t<p>F\u00fcr die Verarbeitung meiner pers\u00f6nlichen Daten durch Boole Server S.r.l. f\u00fcr Marketing-Aktivit\u00e4ten durch automatisierte Instrumente (E-Mail, SMS, MMS, Newsletter) und nicht automatisierte Instrumente (Papierpost, Telefon mit Vermittlung)\n\t\t\t<\/p>\n\t\t<\/div>\n\t\t<div class=\"column-full pt_0\">\n\t\t\t<p><span class=\"wpcf7-form-control-wrap\" data-name=\"acceptance-marketing\"><span class=\"wpcf7-form-control wpcf7-acceptance optional\"><span class=\"wpcf7-list-item\"><label><input type=\"checkbox\" name=\"acceptance-marketing\" value=\"1\" aria-invalid=\"false\" \/><span class=\"wpcf7-list-item-label\">Ich stimme Marketingma\u00dfnahmen zu<\/span><\/label><\/span><\/span><\/span>\n\t\t\t<\/p>\n\t\t<\/div>\n\t<\/div>\n\t<div class=\"row note\">\n\t\t<div class=\"col-12\">\n\t\t\t<p>F\u00fcr die Verarbeitung meiner personenbezogenen Daten durch Boole Server S.r.l. zum Zwecke der Profilerstellung und des Versands von personalisierten Mitteilungen durch automatisierte Mittel (E-Mail, SMS, MMS, Newsletter) und nicht automatisierte Mittel (Papierpost, Telefon mit Vermittlung)\n\t\t\t<\/p>\n\t\t<\/div>\n\t\t<div class=\"column-full pt_0 \">\n\t\t\t<p><span class=\"wpcf7-form-control-wrap\" data-name=\"acceptance-profiling\"><span class=\"wpcf7-form-control wpcf7-acceptance optional\"><span class=\"wpcf7-list-item\"><label><input type=\"checkbox\" name=\"acceptance-profiling\" value=\"1\" aria-invalid=\"false\" \/><span class=\"wpcf7-list-item-label\">Ich stimme Profiling-Operationen zu<\/span><\/label><\/span><\/span><\/span>\n\t\t\t<\/p>\n\t\t<\/div>\n\t<\/div>\n\t<div class=\"row\">\n\t\t<div class=\"col-12 text-center\">\n\t\t\t<p><input class=\"wpcf7-form-control wpcf7-submit has-spinner\" type=\"submit\" value=\"Senden Sie die Anfrage\" \/>\n\t\t\t<\/p>\n\t\t<\/div>\n\t<\/div>\n<\/div><input type='hidden' class='wpcf7-pum' value='{\"closepopup\":false,\"closedelay\":0,\"openpopup\":false,\"openpopup_id\":0}' \/><div class=\"wpcf7-response-output\" aria-hidden=\"true\"><\/div>\n<\/form>\n<\/div>\n    <\/div>\n<\/section>","protected":false},"excerpt":{"rendered":"","protected":false},"author":1,"featured_media":0,"parent":0,"menu_order":0,"comment_status":"closed","ping_status":"closed","template":"","meta":{"footnotes":""},"class_list":["post-1619","page","type-page","status-publish","hentry"],"yoast_head":"<!-- This site is optimized with the Yoast SEO plugin v27.3 - https:\/\/yoast.com\/product\/yoast-seo-wordpress\/ -->\n<title>DORA | Boolebox<\/title>\n<meta name=\"robots\" content=\"index, follow, max-snippet:-1, max-image-preview:large, max-video-preview:-1\" \/>\n<link rel=\"canonical\" href=\"https:\/\/www.boolebox.com\/de\/dora\/\" \/>\n<meta property=\"og:locale\" content=\"de_DE\" \/>\n<meta property=\"og:type\" content=\"article\" \/>\n<meta property=\"og:title\" content=\"DORA | Boolebox\" \/>\n<meta property=\"og:url\" content=\"https:\/\/www.boolebox.com\/de\/dora\/\" \/>\n<meta property=\"og:site_name\" content=\"Boolebox\" \/>\n<meta property=\"article:publisher\" content=\"https:\/\/www.facebook.com\/boolebox\" \/>\n<meta property=\"article:modified_time\" content=\"2025-12-16T10:06:14+00:00\" \/>\n<meta name=\"twitter:card\" content=\"summary_large_image\" \/>\n<script type=\"application\/ld+json\" class=\"yoast-schema-graph\">{\"@context\":\"https:\\\/\\\/schema.org\",\"@graph\":[{\"@type\":\"WebPage\",\"@id\":\"https:\\\/\\\/www.boolebox.com\\\/de\\\/dora\\\/\",\"url\":\"https:\\\/\\\/www.boolebox.com\\\/de\\\/dora\\\/\",\"name\":\"DORA | Boolebox\",\"isPartOf\":{\"@id\":\"https:\\\/\\\/www.boolebox.com\\\/de\\\/#website\"},\"datePublished\":\"2025-11-05T10:23:53+00:00\",\"dateModified\":\"2025-12-16T10:06:14+00:00\",\"breadcrumb\":{\"@id\":\"https:\\\/\\\/www.boolebox.com\\\/de\\\/dora\\\/#breadcrumb\"},\"inLanguage\":\"de\",\"potentialAction\":[{\"@type\":\"ReadAction\",\"target\":[\"https:\\\/\\\/www.boolebox.com\\\/de\\\/dora\\\/\"]}]},{\"@type\":\"BreadcrumbList\",\"@id\":\"https:\\\/\\\/www.boolebox.com\\\/de\\\/dora\\\/#breadcrumb\",\"itemListElement\":[{\"@type\":\"ListItem\",\"position\":1,\"name\":\"Home\",\"item\":\"https:\\\/\\\/www.boolebox.com\\\/de\\\/\"},{\"@type\":\"ListItem\",\"position\":2,\"name\":\"DORA\"}]},{\"@type\":\"WebSite\",\"@id\":\"https:\\\/\\\/www.boolebox.com\\\/de\\\/#website\",\"url\":\"https:\\\/\\\/www.boolebox.com\\\/de\\\/\",\"name\":\"Boolebox - Software protezione Dati\",\"description\":\"\",\"publisher\":{\"@id\":\"https:\\\/\\\/www.boolebox.com\\\/de\\\/#organization\"},\"alternateName\":\"Boole Server Srl\",\"potentialAction\":[{\"@type\":\"SearchAction\",\"target\":{\"@type\":\"EntryPoint\",\"urlTemplate\":\"https:\\\/\\\/www.boolebox.com\\\/de\\\/?s={search_term_string}\"},\"query-input\":{\"@type\":\"PropertyValueSpecification\",\"valueRequired\":true,\"valueName\":\"search_term_string\"}}],\"inLanguage\":\"de\"},{\"@type\":\"Organization\",\"@id\":\"https:\\\/\\\/www.boolebox.com\\\/de\\\/#organization\",\"name\":\"Boolebox\",\"alternateName\":\"Boole Server Srl\",\"url\":\"https:\\\/\\\/www.boolebox.com\\\/de\\\/\",\"logo\":{\"@type\":\"ImageObject\",\"inLanguage\":\"de\",\"@id\":\"https:\\\/\\\/www.boolebox.com\\\/de\\\/#\\\/schema\\\/logo\\\/image\\\/\",\"url\":\"https:\\\/\\\/www.boolebox.com\\\/wp-content\\\/uploads\\\/2025\\\/12\\\/Secure-Password-positivo-1.svg\",\"contentUrl\":\"https:\\\/\\\/www.boolebox.com\\\/wp-content\\\/uploads\\\/2025\\\/12\\\/Secure-Password-positivo-1.svg\",\"width\":1,\"height\":1,\"caption\":\"Boolebox\"},\"image\":{\"@id\":\"https:\\\/\\\/www.boolebox.com\\\/de\\\/#\\\/schema\\\/logo\\\/image\\\/\"},\"sameAs\":[\"https:\\\/\\\/www.facebook.com\\\/boolebox\",\"https:\\\/\\\/www.linkedin.com\\\/company\\\/boolebox\\\/\"]}]}<\/script>\n<!-- \/ Yoast SEO plugin. -->","yoast_head_json":{"title":"DORA | Boolebox","robots":{"index":"index","follow":"follow","max-snippet":"max-snippet:-1","max-image-preview":"max-image-preview:large","max-video-preview":"max-video-preview:-1"},"canonical":"https:\/\/www.boolebox.com\/de\/dora\/","og_locale":"de_DE","og_type":"article","og_title":"DORA | Boolebox","og_url":"https:\/\/www.boolebox.com\/de\/dora\/","og_site_name":"Boolebox","article_publisher":"https:\/\/www.facebook.com\/boolebox","article_modified_time":"2025-12-16T10:06:14+00:00","twitter_card":"summary_large_image","schema":{"@context":"https:\/\/schema.org","@graph":[{"@type":"WebPage","@id":"https:\/\/www.boolebox.com\/de\/dora\/","url":"https:\/\/www.boolebox.com\/de\/dora\/","name":"DORA | Boolebox","isPartOf":{"@id":"https:\/\/www.boolebox.com\/de\/#website"},"datePublished":"2025-11-05T10:23:53+00:00","dateModified":"2025-12-16T10:06:14+00:00","breadcrumb":{"@id":"https:\/\/www.boolebox.com\/de\/dora\/#breadcrumb"},"inLanguage":"de","potentialAction":[{"@type":"ReadAction","target":["https:\/\/www.boolebox.com\/de\/dora\/"]}]},{"@type":"BreadcrumbList","@id":"https:\/\/www.boolebox.com\/de\/dora\/#breadcrumb","itemListElement":[{"@type":"ListItem","position":1,"name":"Home","item":"https:\/\/www.boolebox.com\/de\/"},{"@type":"ListItem","position":2,"name":"DORA"}]},{"@type":"WebSite","@id":"https:\/\/www.boolebox.com\/de\/#website","url":"https:\/\/www.boolebox.com\/de\/","name":"Boolebox - Software protezione Dati","description":"","publisher":{"@id":"https:\/\/www.boolebox.com\/de\/#organization"},"alternateName":"Boole Server Srl","potentialAction":[{"@type":"SearchAction","target":{"@type":"EntryPoint","urlTemplate":"https:\/\/www.boolebox.com\/de\/?s={search_term_string}"},"query-input":{"@type":"PropertyValueSpecification","valueRequired":true,"valueName":"search_term_string"}}],"inLanguage":"de"},{"@type":"Organization","@id":"https:\/\/www.boolebox.com\/de\/#organization","name":"Boolebox","alternateName":"Boole Server Srl","url":"https:\/\/www.boolebox.com\/de\/","logo":{"@type":"ImageObject","inLanguage":"de","@id":"https:\/\/www.boolebox.com\/de\/#\/schema\/logo\/image\/","url":"https:\/\/www.boolebox.com\/wp-content\/uploads\/2025\/12\/Secure-Password-positivo-1.svg","contentUrl":"https:\/\/www.boolebox.com\/wp-content\/uploads\/2025\/12\/Secure-Password-positivo-1.svg","width":1,"height":1,"caption":"Boolebox"},"image":{"@id":"https:\/\/www.boolebox.com\/de\/#\/schema\/logo\/image\/"},"sameAs":["https:\/\/www.facebook.com\/boolebox","https:\/\/www.linkedin.com\/company\/boolebox\/"]}]}},"_links":{"self":[{"href":"https:\/\/www.boolebox.com\/de\/wp-json\/wp\/v2\/pages\/1619","targetHints":{"allow":["GET"]}}],"collection":[{"href":"https:\/\/www.boolebox.com\/de\/wp-json\/wp\/v2\/pages"}],"about":[{"href":"https:\/\/www.boolebox.com\/de\/wp-json\/wp\/v2\/types\/page"}],"author":[{"embeddable":true,"href":"https:\/\/www.boolebox.com\/de\/wp-json\/wp\/v2\/users\/1"}],"replies":[{"embeddable":true,"href":"https:\/\/www.boolebox.com\/de\/wp-json\/wp\/v2\/comments?post=1619"}],"version-history":[{"count":4,"href":"https:\/\/www.boolebox.com\/de\/wp-json\/wp\/v2\/pages\/1619\/revisions"}],"predecessor-version":[{"id":3000,"href":"https:\/\/www.boolebox.com\/de\/wp-json\/wp\/v2\/pages\/1619\/revisions\/3000"}],"wp:attachment":[{"href":"https:\/\/www.boolebox.com\/de\/wp-json\/wp\/v2\/media?parent=1619"}],"curies":[{"name":"wp","href":"https:\/\/api.w.org\/{rel}","templated":true}]}}