{"id":1579,"date":"2025-11-20T10:41:42","date_gmt":"2025-11-20T10:41:42","guid":{"rendered":"https:\/\/www.boolebox.com\/sicurezza-informatica-pmi-freelance\/"},"modified":"2025-12-16T13:33:19","modified_gmt":"2025-12-16T13:33:19","slug":"kmu-und-selbststaendige","status":"publish","type":"page","link":"https:\/\/www.boolebox.com\/de\/kmu-und-selbststaendige\/","title":{"rendered":"KMU und Selbstst\u00e4ndige"},"content":{"rendered":"<section class=\"herosecond style3\">\n    <div class=\"container\">\n        <div class=\"row\">\n            <div class=\"col-md-6\">\n                <h1>KMU und Selbstst\u00e4ndige<\/h1>\n                <div class=\"herosecond__text\"><p>Die Boolebox-Suite bietet Selbstst\u00e4ndigen, Beratern und kleinen Unternehmen eine modulare, benutzerfreundliche Plattform zum Schutz sensibler Daten \u2013 entwickelt f\u00fcr maximale Sicherheit und volle DSGVO-Konformit\u00e4t.<\/p>\n<\/div>\n                                    <a href=\"https:\/\/www.boolebox.com\/de\/demo-anfordern\/\" class=\"bnt l-green\">Fordern Sie eine KOSTENLOSE DEMO an<\/a>\n                                            <\/div>\n            <div class=\"col-md-6 position-relative\">\n                <figure class=\"imgbanner_one two_img\"><img decoding=\"async\" src=\"https:\/\/www.boolebox.com\/wp-content\/uploads\/2025\/12\/PMI-PROFESSIONISTI-1-header.jpg\" alt=\"\"><\/figure>\n                                    <figure class=\"imgbanner_two\"><img decoding=\"async\" src=\"https:\/\/www.boolebox.com\/wp-content\/uploads\/2025\/12\/PMI-PROFESSIONISTI-2-header.jpg\" alt=\"\"><\/figure>\n                            <\/div>\n        <\/div>\n    <\/div>\n<\/section>\n\n<section class=\"seotext twocoltext\">\n    <div class=\"container\">\n        <div class=\"row\">\n            <div class=\"col-12\">\n                <div class=\"twocoltext__wrapper\">\n                    <h2>Boolebox-L\u00f6sungen f\u00fcr KMU und Selbstst\u00e4ndige<\/h2>\n<h4>F\u00fcr alle, die allein oder in kleinen Strukturen arbeiten, geh\u00f6ren der Schutz sensibler Daten, die Einhaltung der DSGVO und sicheres Arbeiten in der Cloud zum Alltag.<br \/>\nMit Boolebox erhalten Sie eine einfache und vollst\u00e4ndige Suite, die Dateien sch\u00fctzt, Passw\u00f6rter verwaltet und Daten sichert \u2013 mit fortschrittlicher Sicherheit, ganz ohne Komplexit\u00e4t.<\/h4>\n<p>KMU und Selbstst\u00e4ndige m\u00fcssen oft mobil arbeiten, remote zusammenarbeiten und Materialien schnell, aber sicher mit Kunden und Kollegen teilen. Deshalb bietet Boolebox leicht bedienbare Verschl\u00fcsselungs- und Datenschutztools, die in wenigen Minuten konfiguriert sind und auch ohne technisches Fachwissen genutzt werden k\u00f6nnen.<\/p>\n                <\/div>\n            <\/div>\n        <\/div>\n    <\/div>\n<\/section>\n\n<section class=\"accordions\">\n    <div class=\"container\">\n        <div class=\"row\">\n            <div class=\"col-12\">\n                <div class=\"accordions__text text-center\">\n                    <h2 style=\"text-align: center;\">Anwendungsf\u00e4lle unserer Verschl\u00fcsselungstools f\u00fcr KMU und Selbstst\u00e4ndige<\/h2>\n<p style=\"text-align: center;\">So helfen Boolebox-L\u00f6sungen kleinen Unternehmen und Selbstst\u00e4ndigen, ihre sensiblen Daten besser zu verwalten und zu sch\u00fctzen \u2013 mit voller Compliance und operativer Sicherheit.<\/p>\n                <\/div>\n                <div class=\"accordion\" id=\"accordionboole\">\n                                            <div class=\"accordion-item\">\n                            <h2 class=\"accordion-header\">\n                                <button class=\"accordion-button collapsed\" type=\"button\" data-bs-toggle=\"collapse\" data-bs-target=\"#collapse1\" aria-expanded=\"true\" aria-controls=\"collapse1\">\n                                  <span>1. Schutz sensibler Daten und DSGVO-Konformit\u00e4t<\/span>\n                                  <span class=\"introacc\">Kundendaten, vertrauliche Dokumente, strategische Kommunikation \u2013 auch in kleinen Unternehmen und bei Einzelpersonen ist Datenschutz essenziell.\nDie L\u00f6sung:\nBoolebox Secure File Manager \u2013 ein verschl\u00fcsselter, kollaborativer Dateimanager, mit&#8230;<\/span>\n                                <\/button>\n                            <\/h2>\n                            <div id=\"collapse1\" class=\"accordion-collapse collapse\" data-bs-parent=\"#accordionboole\">\n                                <div class=\"accordion-body\"><p>Kundendaten, vertrauliche Dokumente, strategische Kommunikation \u2013 auch in kleinen Unternehmen und bei Einzelpersonen ist Datenschutz essenziell.<\/p>\n<p><strong>Die L\u00f6sung:<\/strong><\/p>\n<p>Boolebox Secure File Manager \u2013 ein verschl\u00fcsselter, kollaborativer Dateimanager, mit dem Sie gesch\u00fctzte Unternehmensdateien sicher teilen und verwalten k\u00f6nnen \u2013 auch remote.<\/p>\n<p><em><strong>Dieses Tool bietet Datenverschl\u00fcsselung und umfassenden Schutz auf allen Ebenen.<\/strong> <\/em><\/p>\n<p><a href=\"https:\/\/www.boolebox.com\/de\/secure-file-manager\/\">Entdecken Sie Secure File Manager<\/a><\/p>\n<\/div>\n                            <\/div>\n                        <\/div>\n                                            <div class=\"accordion-item\">\n                            <h2 class=\"accordion-header\">\n                                <button class=\"accordion-button collapsed\" type=\"button\" data-bs-toggle=\"collapse\" data-bs-target=\"#collapse2\" aria-expanded=\"true\" aria-controls=\"collapse2\">\n                                  <span>2. Schutz von Zugangsdaten und Passw\u00f6rtern<\/span>\n                                  <span class=\"introacc\">Ein einziges schwaches Glied kann die gesamte Sicherheit gef\u00e4hrden \u2013 oft sind es gemeinsam genutzte oder unsichere Passw\u00f6rter.\nDie L\u00f6sung:\nSecure Password \u2013 der Passwortmanager zur verschl\u00fcsselten Speicherung aller Zugangsdaten f\u00fcr&#8230;<\/span>\n                                <\/button>\n                            <\/h2>\n                            <div id=\"collapse2\" class=\"accordion-collapse collapse\" data-bs-parent=\"#accordionboole\">\n                                <div class=\"accordion-body\"><p>Ein einziges schwaches Glied kann die gesamte Sicherheit gef\u00e4hrden \u2013 oft sind es gemeinsam genutzte oder unsichere Passw\u00f6rter.<\/p>\n<p><strong>Die L\u00f6sung:<\/strong><\/p>\n<p>Secure Password \u2013 der Passwortmanager zur verschl\u00fcsselten Speicherung aller Zugangsdaten f\u00fcr Netzwerke, Websites oder pers\u00f6nliche Dokumente wie Reisepass oder Personalausweis.<\/p>\n<p><em><strong>Ideal zum Schutz von E-Mail-Konten, PC-Zug\u00e4ngen, Unternehmenssoftware, CRM-Systemen und Cloud-Diensten \u2013 mit sicheren, nicht zug\u00e4nglichen Passw\u00f6rtern.<\/strong> <\/em><\/p>\n<p><a href=\"https:\/\/www.boolebox.com\/de\/secure-password\/\">Entdecken Sie Secure Password<\/a><\/p>\n<\/div>\n                            <\/div>\n                        <\/div>\n                                            <div class=\"accordion-item\">\n                            <h2 class=\"accordion-header\">\n                                <button class=\"accordion-button collapsed\" type=\"button\" data-bs-toggle=\"collapse\" data-bs-target=\"#collapse3\" aria-expanded=\"true\" aria-controls=\"collapse3\">\n                                  <span>3. Gesch\u00fctzte E-Mails und verschl\u00fcsselter Austausch<\/span>\n                                  <span class=\"introacc\">Ein h\u00e4ufiger Bedarf ist der Versand von E-Mails mit sensiblen Daten \u2013 sei es im Text oder in Anh\u00e4ngen.\nDie L\u00f6sung:\nSecure E-mail \u2013 unsere E-Mail-Management-Software, mit der Sie Nachrichten und Anh\u00e4nge gesch\u00fctzt versenden k\u00f6nnen und dank&#8230;<\/span>\n                                <\/button>\n                            <\/h2>\n                            <div id=\"collapse3\" class=\"accordion-collapse collapse\" data-bs-parent=\"#accordionboole\">\n                                <div class=\"accordion-body\"><p>Ein h\u00e4ufiger Bedarf ist der Versand von E-Mails mit sensiblen Daten \u2013 sei es im Text oder in Anh\u00e4ngen.<\/p>\n<p><strong>Die L\u00f6sung:<\/strong><\/p>\n<p>Secure E-mail \u2013 unsere E-Mail-Management-Software, mit der Sie Nachrichten und Anh\u00e4nge gesch\u00fctzt versenden k\u00f6nnen und dank granularer Einschr\u00e4nkungen stets die Kontrolle behalten.<\/p>\n<p><em><strong>Eine konkrete Antwort auf den Bedarf an sicherem Informationsaustausch.<\/strong><\/em><\/p>\n<p><a href=\"https:\/\/www.boolebox.com\/de\/secure-email\/\">Entdecken Sie Secure E-mail<\/a><\/p>\n<\/div>\n                            <\/div>\n                        <\/div>\n                                    <\/div>\n            <\/div>\n        <\/div>\n    <\/div>\n<\/section>\n\n<section class=\"imgtext imgtext__styletwo\">\n    <div class=\"container\">\n        <div class=\"row \">\n            <div class=\"col-md-6\">\n                <h2>Warum Boolebox f\u00fcr KMU und Selbstst\u00e4ndige w\u00e4hlen<\/h2>\n                <div class=\"imgtext__text\">\n                    <ul>\n<li>DSGVO-konforme Software, sofort einsatzbereit \u2013 f\u00fcr sichere Datenverwaltung in kleinen Unternehmen und bei Freiberuflern<\/li>\n<li>Bietet Verschl\u00fcsselungstools zum Schutz von Dateien, E-Mails und sensiblen Zugangsdaten<\/li>\n<li>Sch\u00fctzt Daten in verschiedenen Umgebungen (Cloud, lokal, hybrid) und erm\u00f6glicht mobiles Arbeiten sowie Smart Working<\/li>\n<li>Eine einfache, modulare und intuitive Plattform \u2013 auch ohne technisches Vorwissen nutzbar<\/li>\n<li>Effektive L\u00f6sung zu fairen Kosten \u2013 ideal f\u00fcr KMU und Selbstst\u00e4ndige<\/li>\n<\/ul>\n<h4>Testen Sie die Boolebox-Suite und erleben Sie, wie einfach es ist, sich gesch\u00fctzt zu f\u00fchlen.<\/h4>\n                <\/div>\n                                    <a href=\"https:\/\/www.boolebox.com\/de\/demo-anfordern\/\" class=\"bnt l-green\">Fordern Sie Ihre KOSTENLOSE DEMO an<\/a>\n                            <\/div>\n            <div class=\"col-md-6 text-center\">\n                <figure class=\"imgtext__image\">\n                    <img decoding=\"async\" class=\"img-fluid\" src=\"https:\/\/www.boolebox.com\/wp-content\/uploads\/2025\/12\/PMI-PROFESSIONISTI-3.jpg\" alt=\"\" loading=\"lazy\">\n                                    <\/figure>\n            <\/div>\n        <\/div>\n    <\/div>\n<\/section>","protected":false},"excerpt":{"rendered":"","protected":false},"author":1,"featured_media":0,"parent":0,"menu_order":0,"comment_status":"closed","ping_status":"closed","template":"","meta":{"footnotes":""},"class_list":["post-1579","page","type-page","status-publish","hentry"],"yoast_head":"<!-- This site is optimized with the Yoast SEO plugin v27.3 - https:\/\/yoast.com\/product\/yoast-seo-wordpress\/ -->\n<title>KMU und Selbstst\u00e4ndige | Boolebox<\/title>\n<meta name=\"robots\" content=\"index, follow, max-snippet:-1, max-image-preview:large, max-video-preview:-1\" \/>\n<link rel=\"canonical\" href=\"https:\/\/www.boolebox.com\/de\/kmu-und-selbststaendige\/\" \/>\n<meta property=\"og:locale\" content=\"de_DE\" \/>\n<meta property=\"og:type\" content=\"article\" \/>\n<meta property=\"og:title\" content=\"KMU und Selbstst\u00e4ndige | Boolebox\" \/>\n<meta property=\"og:url\" content=\"https:\/\/www.boolebox.com\/de\/kmu-und-selbststaendige\/\" \/>\n<meta property=\"og:site_name\" content=\"Boolebox\" \/>\n<meta property=\"article:publisher\" content=\"https:\/\/www.facebook.com\/boolebox\" \/>\n<meta property=\"article:modified_time\" content=\"2025-12-16T13:33:19+00:00\" \/>\n<meta name=\"twitter:card\" content=\"summary_large_image\" \/>\n<script type=\"application\/ld+json\" class=\"yoast-schema-graph\">{\"@context\":\"https:\\\/\\\/schema.org\",\"@graph\":[{\"@type\":\"WebPage\",\"@id\":\"https:\\\/\\\/www.boolebox.com\\\/de\\\/kmu-und-selbststaendige\\\/\",\"url\":\"https:\\\/\\\/www.boolebox.com\\\/de\\\/kmu-und-selbststaendige\\\/\",\"name\":\"KMU und Selbstst\u00e4ndige | Boolebox\",\"isPartOf\":{\"@id\":\"https:\\\/\\\/www.boolebox.com\\\/de\\\/#website\"},\"datePublished\":\"2025-11-20T10:41:42+00:00\",\"dateModified\":\"2025-12-16T13:33:19+00:00\",\"breadcrumb\":{\"@id\":\"https:\\\/\\\/www.boolebox.com\\\/de\\\/kmu-und-selbststaendige\\\/#breadcrumb\"},\"inLanguage\":\"de\",\"potentialAction\":[{\"@type\":\"ReadAction\",\"target\":[\"https:\\\/\\\/www.boolebox.com\\\/de\\\/kmu-und-selbststaendige\\\/\"]}]},{\"@type\":\"BreadcrumbList\",\"@id\":\"https:\\\/\\\/www.boolebox.com\\\/de\\\/kmu-und-selbststaendige\\\/#breadcrumb\",\"itemListElement\":[{\"@type\":\"ListItem\",\"position\":1,\"name\":\"Home\",\"item\":\"https:\\\/\\\/www.boolebox.com\\\/de\\\/\"},{\"@type\":\"ListItem\",\"position\":2,\"name\":\"KMU und Selbstst\u00e4ndige\"}]},{\"@type\":\"WebSite\",\"@id\":\"https:\\\/\\\/www.boolebox.com\\\/de\\\/#website\",\"url\":\"https:\\\/\\\/www.boolebox.com\\\/de\\\/\",\"name\":\"Boolebox - Software protezione Dati\",\"description\":\"\",\"publisher\":{\"@id\":\"https:\\\/\\\/www.boolebox.com\\\/de\\\/#organization\"},\"alternateName\":\"Boole Server Srl\",\"potentialAction\":[{\"@type\":\"SearchAction\",\"target\":{\"@type\":\"EntryPoint\",\"urlTemplate\":\"https:\\\/\\\/www.boolebox.com\\\/de\\\/?s={search_term_string}\"},\"query-input\":{\"@type\":\"PropertyValueSpecification\",\"valueRequired\":true,\"valueName\":\"search_term_string\"}}],\"inLanguage\":\"de\"},{\"@type\":\"Organization\",\"@id\":\"https:\\\/\\\/www.boolebox.com\\\/de\\\/#organization\",\"name\":\"Boolebox\",\"alternateName\":\"Boole Server Srl\",\"url\":\"https:\\\/\\\/www.boolebox.com\\\/de\\\/\",\"logo\":{\"@type\":\"ImageObject\",\"inLanguage\":\"de\",\"@id\":\"https:\\\/\\\/www.boolebox.com\\\/de\\\/#\\\/schema\\\/logo\\\/image\\\/\",\"url\":\"https:\\\/\\\/www.boolebox.com\\\/wp-content\\\/uploads\\\/2025\\\/12\\\/Secure-Password-positivo-1.svg\",\"contentUrl\":\"https:\\\/\\\/www.boolebox.com\\\/wp-content\\\/uploads\\\/2025\\\/12\\\/Secure-Password-positivo-1.svg\",\"width\":1,\"height\":1,\"caption\":\"Boolebox\"},\"image\":{\"@id\":\"https:\\\/\\\/www.boolebox.com\\\/de\\\/#\\\/schema\\\/logo\\\/image\\\/\"},\"sameAs\":[\"https:\\\/\\\/www.facebook.com\\\/boolebox\",\"https:\\\/\\\/www.linkedin.com\\\/company\\\/boolebox\\\/\"]}]}<\/script>\n<!-- \/ Yoast SEO plugin. -->","yoast_head_json":{"title":"KMU und Selbstst\u00e4ndige | Boolebox","robots":{"index":"index","follow":"follow","max-snippet":"max-snippet:-1","max-image-preview":"max-image-preview:large","max-video-preview":"max-video-preview:-1"},"canonical":"https:\/\/www.boolebox.com\/de\/kmu-und-selbststaendige\/","og_locale":"de_DE","og_type":"article","og_title":"KMU und Selbstst\u00e4ndige | Boolebox","og_url":"https:\/\/www.boolebox.com\/de\/kmu-und-selbststaendige\/","og_site_name":"Boolebox","article_publisher":"https:\/\/www.facebook.com\/boolebox","article_modified_time":"2025-12-16T13:33:19+00:00","twitter_card":"summary_large_image","schema":{"@context":"https:\/\/schema.org","@graph":[{"@type":"WebPage","@id":"https:\/\/www.boolebox.com\/de\/kmu-und-selbststaendige\/","url":"https:\/\/www.boolebox.com\/de\/kmu-und-selbststaendige\/","name":"KMU und Selbstst\u00e4ndige | Boolebox","isPartOf":{"@id":"https:\/\/www.boolebox.com\/de\/#website"},"datePublished":"2025-11-20T10:41:42+00:00","dateModified":"2025-12-16T13:33:19+00:00","breadcrumb":{"@id":"https:\/\/www.boolebox.com\/de\/kmu-und-selbststaendige\/#breadcrumb"},"inLanguage":"de","potentialAction":[{"@type":"ReadAction","target":["https:\/\/www.boolebox.com\/de\/kmu-und-selbststaendige\/"]}]},{"@type":"BreadcrumbList","@id":"https:\/\/www.boolebox.com\/de\/kmu-und-selbststaendige\/#breadcrumb","itemListElement":[{"@type":"ListItem","position":1,"name":"Home","item":"https:\/\/www.boolebox.com\/de\/"},{"@type":"ListItem","position":2,"name":"KMU und Selbstst\u00e4ndige"}]},{"@type":"WebSite","@id":"https:\/\/www.boolebox.com\/de\/#website","url":"https:\/\/www.boolebox.com\/de\/","name":"Boolebox - Software protezione Dati","description":"","publisher":{"@id":"https:\/\/www.boolebox.com\/de\/#organization"},"alternateName":"Boole Server Srl","potentialAction":[{"@type":"SearchAction","target":{"@type":"EntryPoint","urlTemplate":"https:\/\/www.boolebox.com\/de\/?s={search_term_string}"},"query-input":{"@type":"PropertyValueSpecification","valueRequired":true,"valueName":"search_term_string"}}],"inLanguage":"de"},{"@type":"Organization","@id":"https:\/\/www.boolebox.com\/de\/#organization","name":"Boolebox","alternateName":"Boole Server Srl","url":"https:\/\/www.boolebox.com\/de\/","logo":{"@type":"ImageObject","inLanguage":"de","@id":"https:\/\/www.boolebox.com\/de\/#\/schema\/logo\/image\/","url":"https:\/\/www.boolebox.com\/wp-content\/uploads\/2025\/12\/Secure-Password-positivo-1.svg","contentUrl":"https:\/\/www.boolebox.com\/wp-content\/uploads\/2025\/12\/Secure-Password-positivo-1.svg","width":1,"height":1,"caption":"Boolebox"},"image":{"@id":"https:\/\/www.boolebox.com\/de\/#\/schema\/logo\/image\/"},"sameAs":["https:\/\/www.facebook.com\/boolebox","https:\/\/www.linkedin.com\/company\/boolebox\/"]}]}},"_links":{"self":[{"href":"https:\/\/www.boolebox.com\/de\/wp-json\/wp\/v2\/pages\/1579","targetHints":{"allow":["GET"]}}],"collection":[{"href":"https:\/\/www.boolebox.com\/de\/wp-json\/wp\/v2\/pages"}],"about":[{"href":"https:\/\/www.boolebox.com\/de\/wp-json\/wp\/v2\/types\/page"}],"author":[{"embeddable":true,"href":"https:\/\/www.boolebox.com\/de\/wp-json\/wp\/v2\/users\/1"}],"replies":[{"embeddable":true,"href":"https:\/\/www.boolebox.com\/de\/wp-json\/wp\/v2\/comments?post=1579"}],"version-history":[{"count":11,"href":"https:\/\/www.boolebox.com\/de\/wp-json\/wp\/v2\/pages\/1579\/revisions"}],"predecessor-version":[{"id":3268,"href":"https:\/\/www.boolebox.com\/de\/wp-json\/wp\/v2\/pages\/1579\/revisions\/3268"}],"wp:attachment":[{"href":"https:\/\/www.boolebox.com\/de\/wp-json\/wp\/v2\/media?parent=1579"}],"curies":[{"name":"wp","href":"https:\/\/api.w.org\/{rel}","templated":true}]}}