{"id":1541,"date":"2025-11-11T10:26:28","date_gmt":"2025-11-11T10:26:28","guid":{"rendered":"https:\/\/www.boolebox.com\/sicurezza-informatica-istituzioni-pa\/"},"modified":"2025-12-16T13:29:28","modified_gmt":"2025-12-16T13:29:28","slug":"regierungsinstitutionen-und-oeffentliche-verwaltung","status":"publish","type":"page","link":"https:\/\/www.boolebox.com\/de\/regierungsinstitutionen-und-oeffentliche-verwaltung\/","title":{"rendered":"Regierungsinstitutionen und \u00f6ffentliche Verwaltung"},"content":{"rendered":"<section class=\"herosecond style3\">\n    <div class=\"container\">\n        <div class=\"row\">\n            <div class=\"col-md-6\">\n                <h1>Regierungsinstitutionen und \u00f6ffentliche Verwaltung<\/h1>\n                <div class=\"herosecond__text\"><p>Unsere Boolebox-Suite bietet praktische Werkzeuge zum Schutz von Kommunikation und Verwaltungsdokumenten und verbessert gleichzeitig die operative Effizienz sowie die Zusammenarbeit zwischen \u00c4mtern und Abteilungen.<\/p>\n<\/div>\n                                    <a href=\"https:\/\/www.boolebox.com\/de\/demo-anfordern\/\" class=\"bnt l-green\">Fordern Sie eine KOSTENLOSE DEMO an<\/a>\n                                            <\/div>\n            <div class=\"col-md-6 position-relative\">\n                <figure class=\"imgbanner_one two_img\"><img decoding=\"async\" src=\"https:\/\/www.boolebox.com\/wp-content\/uploads\/2025\/11\/AdobeStock_263980236.jpg\" alt=\"\"><\/figure>\n                                    <figure class=\"imgbanner_two\"><img decoding=\"async\" src=\"https:\/\/www.boolebox.com\/wp-content\/uploads\/2025\/11\/AdobeStock_482240606.jpg\" alt=\"\"><\/figure>\n                            <\/div>\n        <\/div>\n    <\/div>\n<\/section>\n\n<section class=\"seotext twocoltext\">\n    <div class=\"container\">\n        <div class=\"row\">\n            <div class=\"col-12\">\n                <div class=\"twocoltext__wrapper\">\n                    <h2>Boolebox-L\u00f6sungen f\u00fcr die \u00f6ffentliche Verwaltung<\/h2>\n<h4>Wie k\u00f6nnen wir die Cybersicherheit in der \u00f6ffentlichen Verwaltung konkret verbessern und die sichere, konforme Verwaltung und gemeinsame Nutzung institutioneller Dokumente erm\u00f6glichen?<\/h4>\n<p>Die \u00f6ffentliche Verwaltung verarbeitet t\u00e4glich gro\u00dfe Mengen sensibler und vertraulicher Daten: personenbezogene Informationen, Gesundheitsdaten, Finanzunterlagen, gerichtliche Dokumente, interne Kommunikation. Cybersicherheit ist entscheidend, um das Vertrauen der B\u00fcrger zu wahren, gesetzliche Vorgaben (DSGVO, NIS2) einzuhalten und die Betriebskontinuit\u00e4t sicherzustellen.<\/p>\n                <\/div>\n            <\/div>\n        <\/div>\n    <\/div>\n<\/section>\n\n<section class=\"accordions\">\n    <div class=\"container\">\n        <div class=\"row\">\n            <div class=\"col-12\">\n                <div class=\"accordions__text text-center\">\n                    <h2 style=\"text-align: center;\">Anwendungsf\u00e4lle unserer Datenschutzsoftware f\u00fcr die \u00f6ffentliche Verwaltung<\/h2>\n<p style=\"text-align: center;\">Hier einige reale Szenarien, in denen Boolebox-L\u00f6sungen Beh\u00f6rden und Verwaltungen geholfen haben, die Verwaltung und den Schutz sensibler Daten zu verbessern \u2013 mit voller Einhaltung gesetzlicher Vorgaben und operativer Sicherheit.<\/p>\n                <\/div>\n                <div class=\"accordion\" id=\"accordionboole\">\n                                            <div class=\"accordion-item\">\n                            <h2 class=\"accordion-header\">\n                                <button class=\"accordion-button collapsed\" type=\"button\" data-bs-toggle=\"collapse\" data-bs-target=\"#collapse1\" aria-expanded=\"true\" aria-controls=\"collapse1\">\n                                  <span>1. Schutz vertraulicher Kommunikation<\/span>\n                                  <span class=\"introacc\">Bei institutioneller Kommunikation ist Vertraulichkeit entscheidend. B\u00fcrgermeister, Abteilungsleiter und Verwaltungsmitarbeiter m\u00fcssen vertrauliche Dokumente, Beschl\u00fcsse und sensible Daten in einer gesch\u00fctzten und nachvollziehbaren Umgebung&#8230;<\/span>\n                                <\/button>\n                            <\/h2>\n                            <div id=\"collapse1\" class=\"accordion-collapse collapse\" data-bs-parent=\"#accordionboole\">\n                                <div class=\"accordion-body\"><p>Bei institutioneller Kommunikation ist Vertraulichkeit entscheidend. B\u00fcrgermeister, Abteilungsleiter und Verwaltungsmitarbeiter m\u00fcssen vertrauliche Dokumente, Beschl\u00fcsse und sensible Daten in einer gesch\u00fctzten und nachvollziehbaren Umgebung austauschen k\u00f6nnen.<\/p>\n<p><strong>Die L\u00f6sung::<\/strong><\/p>\n<p>Boolebox Secure E-Mail \u2013 die verschl\u00fcsselte E-Mail-Plattform f\u00fcr Beh\u00f6rden, mit der Nachrichten und Anh\u00e4nge Ende-zu-Ende verschl\u00fcsselt und mit eingeschr\u00e4nktem Zugriff versendet werden k\u00f6nnen.<\/p>\n<p><em><strong>So erfolgen strategische Kommunikationen sicher und datenschutzkonform \u2013 das Risiko von Datenlecks wird deutlich reduziert.<\/strong><\/em><\/p>\n<p><a href=\"https:\/\/www.boolebox.com\/de\/secure-email\/\">Entdecken Sie Secure E-Mail<\/a><\/p>\n<\/div>\n                            <\/div>\n                        <\/div>\n                                            <div class=\"accordion-item\">\n                            <h2 class=\"accordion-header\">\n                                <button class=\"accordion-button collapsed\" type=\"button\" data-bs-toggle=\"collapse\" data-bs-target=\"#collapse2\" aria-expanded=\"true\" aria-controls=\"collapse2\">\n                                  <span>2. Sichere Verwaltung von Verwaltungsdokumenten<\/span>\n                                  <span class=\"introacc\">Die \u00f6ffentliche Verwaltung bearbeitet t\u00e4glich eine Vielzahl vertraulicher Dokumente: Verf\u00fcgungen, Protokolle, Haushaltspl\u00e4ne, Beschl\u00fcsse, interne und \u00f6ffentliche Akten bis hin zu Ausschreibungsunterlagen.\nDie L\u00f6sung:\nSecure File Manager \u2013&#8230;<\/span>\n                                <\/button>\n                            <\/h2>\n                            <div id=\"collapse2\" class=\"accordion-collapse collapse\" data-bs-parent=\"#accordionboole\">\n                                <div class=\"accordion-body\"><p>Die \u00f6ffentliche Verwaltung bearbeitet t\u00e4glich eine Vielzahl vertraulicher Dokumente: Verf\u00fcgungen, Protokolle, Haushaltspl\u00e4ne, Beschl\u00fcsse, interne und \u00f6ffentliche Akten bis hin zu Ausschreibungsunterlagen.<\/p>\n<p><strong>Die L\u00f6sung:<\/strong><\/p>\n<p>Secure File Manager \u2013 ein sicheres Dokumentenmanagementsystem f\u00fcr Beh\u00f6rden, das die gesch\u00fctzte Verwaltung von Verwaltungsdokumenten erm\u00f6glicht \u2013 mit profilierten Zugriffskriterien, Aktivit\u00e4tsverfolgung und fortschrittlicher Verschl\u00fcsselung.<\/p>\n<p><em><strong>Ideal f\u00fcr \u00f6ffentliche Einrichtungen, die eine flexible Datenschutzl\u00f6sung f\u00fcr jede Abteilung und jeden Dokumentenfluss suchen.<\/strong><\/em><\/p>\n<p><a href=\"https:\/\/www.boolebox.com\/de\/secure-file-manager\/\">Entdecken Sie Secure File Manager<\/a><\/p>\n<\/div>\n                            <\/div>\n                        <\/div>\n                                            <div class=\"accordion-item\">\n                            <h2 class=\"accordion-header\">\n                                <button class=\"accordion-button collapsed\" type=\"button\" data-bs-toggle=\"collapse\" data-bs-target=\"#collapse3\" aria-expanded=\"true\" aria-controls=\"collapse3\">\n                                  <span>3. Sicherer Dateiversand zwischen Beh\u00f6rden und \u00c4mtern<\/span>\n                                  <span class=\"introacc\">In interinstitutionellen oder interdepartementalen Kontexten ben\u00f6tigt die \u00f6ffentliche Verwaltung Werkzeuge f\u00fcr den sicheren Dateiaustausch zwischen Beh\u00f6rden..\nDie L\u00f6sung:\nSecure Transfer \u2013 das Tool f\u00fcr den Versand kritischer Dateien \u00fcber&#8230;<\/span>\n                                <\/button>\n                            <\/h2>\n                            <div id=\"collapse3\" class=\"accordion-collapse collapse\" data-bs-parent=\"#accordionboole\">\n                                <div class=\"accordion-body\"><p>In interinstitutionellen oder interdepartementalen Kontexten ben\u00f6tigt die \u00f6ffentliche Verwaltung Werkzeuge f\u00fcr den sicheren Dateiaustausch zwischen Beh\u00f6rden..<\/p>\n<p><strong>Die L\u00f6sung:<\/strong><\/p>\n<p>Secure Transfer \u2013 das Tool f\u00fcr den Versand kritischer Dateien \u00fcber tempor\u00e4re, nachvollziehbare Links.<\/p>\n<p><b><i>Eine konkrete Antwort auf den Bedarf an gesch\u00fctztem Dokumentenaustausch ohne zwingende Anmeldung des Empf\u00e4ngers.\u00a0<\/i><\/b><\/p>\n<p><em><strong>Das Ergebnis: mehr Kontrolle, h\u00f6here Effizienz, null Risiko.<\/strong><\/em><\/p>\n<p><a href=\"https:\/\/www.boolebox.com\/de\/secure-transfer\/\">Entdecken Sie Secure Transfer<\/a><\/p>\n<\/div>\n                            <\/div>\n                        <\/div>\n                                            <div class=\"accordion-item\">\n                            <h2 class=\"accordion-header\">\n                                <button class=\"accordion-button collapsed\" type=\"button\" data-bs-toggle=\"collapse\" data-bs-target=\"#collapse4\" aria-expanded=\"true\" aria-controls=\"collapse4\">\n                                  <span>4. Schutz lokaler Dateien auf PCs<\/span>\n                                  <span class=\"introacc\">Auch lokal gespeicherte Dateien auf Beh\u00f6rdenrechnern k\u00f6nnen sensible Daten enthalten, die gesch\u00fctzt werden m\u00fcssen.\nDie L\u00f6sung:\nBoolebox File Encryptor for Windows \u2013 ein System zur Verschl\u00fcsselung von Dateien und Ordnern, das alle lokal&#8230;<\/span>\n                                <\/button>\n                            <\/h2>\n                            <div id=\"collapse4\" class=\"accordion-collapse collapse\" data-bs-parent=\"#accordionboole\">\n                                <div class=\"accordion-body\"><p>Auch lokal gespeicherte Dateien auf Beh\u00f6rdenrechnern k\u00f6nnen sensible Daten enthalten, die gesch\u00fctzt werden m\u00fcssen.<\/p>\n<p><strong>Die L\u00f6sung:<\/strong><\/p>\n<p><span style=\"font-weight: 400;\">Boolebox File Encryptor for Windows \u2013 ein System zur Verschl\u00fcsselung von Dateien und Ordnern, das alle lokal gespeicherten Inhalte sch\u00fctzt.<\/span><\/p>\n<p><em><strong>Ein echtes Verschl\u00fcsselungstool f\u00fcr Beh\u00f6rden, ideal f\u00fcr Ger\u00e4te von Sachbearbeitern, Technikern und IT-Verantwortlichen. Maximale Kontrolle \u2013 auch offline.<\/strong><\/em><\/p>\n<p><a href=\"https:\/\/www.boolebox.com\/de\/file-encryptor-for-windows\/\">Entdecken Sie File Encryptor for Windows<\/a><\/p>\n<\/div>\n                            <\/div>\n                        <\/div>\n                                            <div class=\"accordion-item\">\n                            <h2 class=\"accordion-header\">\n                                <button class=\"accordion-button collapsed\" type=\"button\" data-bs-toggle=\"collapse\" data-bs-target=\"#collapse5\" aria-expanded=\"true\" aria-controls=\"collapse5\">\n                                  <span>5. Verwaltung von Passw\u00f6rtern und Zug\u00e4ngen<\/span>\n                                  <span class=\"introacc\">Wussten Sie, dass Zugangsdaten zu den verwundbarsten Ressourcen der \u00f6ffentlichen Verwaltung geh\u00f6ren?\nDie L\u00f6sung:\nBoolebox Secure Password \u2013 ein Passwortmanager f\u00fcr Beh\u00f6rden, der alle Systemzug\u00e4nge zentralisiert, sch\u00fctzt und sicher&#8230;<\/span>\n                                <\/button>\n                            <\/h2>\n                            <div id=\"collapse5\" class=\"accordion-collapse collapse\" data-bs-parent=\"#accordionboole\">\n                                <div class=\"accordion-body\"><p>Wussten Sie, dass Zugangsdaten zu den verwundbarsten Ressourcen der \u00f6ffentlichen Verwaltung geh\u00f6ren?<\/p>\n<p><b>Die L\u00f6sung:<\/b><\/p>\n<p>Boolebox Secure Password \u2013 ein Passwortmanager f\u00fcr Beh\u00f6rden, der alle Systemzug\u00e4nge zentralisiert, sch\u00fctzt und sicher verwaltet.<\/p>\n<p><b><i>Eine L\u00f6sung, die den Anforderungen der Cybersicherheit f\u00fcr \u00f6ffentliche Einrichtungen gerecht wird, manuelle Passwortverwaltung ersetzt und jeden Zugriff nachvollziehbar macht.<\/i><\/b><\/p>\n<p><a href=\"https:\/\/www.boolebox.com\/de\/secure-password\/\">Entdecken Sie Secure Password<\/a><\/p>\n<\/div>\n                            <\/div>\n                        <\/div>\n                                    <\/div>\n            <\/div>\n        <\/div>\n    <\/div>\n<\/section>\n\n<section class=\"imgtext imgtext__styletwo\">\n    <div class=\"container\">\n        <div class=\"row \">\n            <div class=\"col-md-6\">\n                <h2>Warum Boolebox f\u00fcr die \u00f6ffentliche Verwaltung w\u00e4hlen?<\/h2>\n                <div class=\"imgtext__text\">\n                    <ul>\n<li>Eine vollst\u00e4ndige Suite, die sich in bestehende Prozesse integrieren l\u00e4sst<\/li>\n<li>Sch\u00fctzt sensible Dokumente der \u00f6ffentlichen Verwaltung<\/li>\n<li>Erf\u00fcllt die Anforderungen der DSGVO, der NIS2-Richtlinie und der AgID-Leitlinien<\/li>\n<li>Sichert Daten auch in risikobehafteten Umgebungen und sch\u00fctzt Informationen zuverl\u00e4ssig<\/li>\n<\/ul>\n<h4>M\u00f6chten Sie mehr \u00fcber Boolebox-L\u00f6sungen f\u00fcr Beh\u00f6rden und \u00f6ffentliche Einrichtungen erfahren?<\/h4>\n                <\/div>\n                                    <a href=\"https:\/\/www.boolebox.com\/de\/demo-anfordern\/\" class=\"bnt l-green\">Fordern Sie Ihre KOSTENLOSE DEMO an<\/a>\n                            <\/div>\n            <div class=\"col-md-6 text-center\">\n                <figure class=\"imgtext__image\">\n                    <img decoding=\"async\" class=\"img-fluid\" src=\"https:\/\/www.boolebox.com\/wp-content\/uploads\/2025\/11\/214638111_l-1.jpg\" alt=\"\" loading=\"lazy\">\n                                    <\/figure>\n            <\/div>\n        <\/div>\n    <\/div>\n<\/section>","protected":false},"excerpt":{"rendered":"","protected":false},"author":1,"featured_media":0,"parent":0,"menu_order":0,"comment_status":"closed","ping_status":"closed","template":"","meta":{"footnotes":""},"class_list":["post-1541","page","type-page","status-publish","hentry"],"yoast_head":"<!-- This site is optimized with the Yoast SEO plugin v27.3 - https:\/\/yoast.com\/product\/yoast-seo-wordpress\/ -->\n<title>Regierungsinstitutionen und \u00f6ffentliche Verwaltung | Boolebox<\/title>\n<meta name=\"robots\" content=\"index, follow, max-snippet:-1, max-image-preview:large, max-video-preview:-1\" \/>\n<link rel=\"canonical\" href=\"https:\/\/www.boolebox.com\/de\/regierungsinstitutionen-und-oeffentliche-verwaltung\/\" \/>\n<meta property=\"og:locale\" content=\"de_DE\" \/>\n<meta property=\"og:type\" content=\"article\" \/>\n<meta property=\"og:title\" content=\"Regierungsinstitutionen und \u00f6ffentliche Verwaltung | Boolebox\" \/>\n<meta property=\"og:url\" content=\"https:\/\/www.boolebox.com\/de\/regierungsinstitutionen-und-oeffentliche-verwaltung\/\" \/>\n<meta property=\"og:site_name\" content=\"Boolebox\" \/>\n<meta property=\"article:publisher\" content=\"https:\/\/www.facebook.com\/boolebox\" \/>\n<meta property=\"article:modified_time\" content=\"2025-12-16T13:29:28+00:00\" \/>\n<meta name=\"twitter:card\" content=\"summary_large_image\" \/>\n<script type=\"application\/ld+json\" class=\"yoast-schema-graph\">{\"@context\":\"https:\\\/\\\/schema.org\",\"@graph\":[{\"@type\":\"WebPage\",\"@id\":\"https:\\\/\\\/www.boolebox.com\\\/de\\\/regierungsinstitutionen-und-oeffentliche-verwaltung\\\/\",\"url\":\"https:\\\/\\\/www.boolebox.com\\\/de\\\/regierungsinstitutionen-und-oeffentliche-verwaltung\\\/\",\"name\":\"Regierungsinstitutionen und \u00f6ffentliche Verwaltung | Boolebox\",\"isPartOf\":{\"@id\":\"https:\\\/\\\/www.boolebox.com\\\/de\\\/#website\"},\"datePublished\":\"2025-11-11T10:26:28+00:00\",\"dateModified\":\"2025-12-16T13:29:28+00:00\",\"breadcrumb\":{\"@id\":\"https:\\\/\\\/www.boolebox.com\\\/de\\\/regierungsinstitutionen-und-oeffentliche-verwaltung\\\/#breadcrumb\"},\"inLanguage\":\"de\",\"potentialAction\":[{\"@type\":\"ReadAction\",\"target\":[\"https:\\\/\\\/www.boolebox.com\\\/de\\\/regierungsinstitutionen-und-oeffentliche-verwaltung\\\/\"]}]},{\"@type\":\"BreadcrumbList\",\"@id\":\"https:\\\/\\\/www.boolebox.com\\\/de\\\/regierungsinstitutionen-und-oeffentliche-verwaltung\\\/#breadcrumb\",\"itemListElement\":[{\"@type\":\"ListItem\",\"position\":1,\"name\":\"Home\",\"item\":\"https:\\\/\\\/www.boolebox.com\\\/de\\\/\"},{\"@type\":\"ListItem\",\"position\":2,\"name\":\"Regierungsinstitutionen und \u00f6ffentliche Verwaltung\"}]},{\"@type\":\"WebSite\",\"@id\":\"https:\\\/\\\/www.boolebox.com\\\/de\\\/#website\",\"url\":\"https:\\\/\\\/www.boolebox.com\\\/de\\\/\",\"name\":\"Boolebox - Software protezione Dati\",\"description\":\"\",\"publisher\":{\"@id\":\"https:\\\/\\\/www.boolebox.com\\\/de\\\/#organization\"},\"alternateName\":\"Boole Server Srl\",\"potentialAction\":[{\"@type\":\"SearchAction\",\"target\":{\"@type\":\"EntryPoint\",\"urlTemplate\":\"https:\\\/\\\/www.boolebox.com\\\/de\\\/?s={search_term_string}\"},\"query-input\":{\"@type\":\"PropertyValueSpecification\",\"valueRequired\":true,\"valueName\":\"search_term_string\"}}],\"inLanguage\":\"de\"},{\"@type\":\"Organization\",\"@id\":\"https:\\\/\\\/www.boolebox.com\\\/de\\\/#organization\",\"name\":\"Boolebox\",\"alternateName\":\"Boole Server Srl\",\"url\":\"https:\\\/\\\/www.boolebox.com\\\/de\\\/\",\"logo\":{\"@type\":\"ImageObject\",\"inLanguage\":\"de\",\"@id\":\"https:\\\/\\\/www.boolebox.com\\\/de\\\/#\\\/schema\\\/logo\\\/image\\\/\",\"url\":\"https:\\\/\\\/www.boolebox.com\\\/wp-content\\\/uploads\\\/2025\\\/12\\\/Secure-Password-positivo-1.svg\",\"contentUrl\":\"https:\\\/\\\/www.boolebox.com\\\/wp-content\\\/uploads\\\/2025\\\/12\\\/Secure-Password-positivo-1.svg\",\"width\":1,\"height\":1,\"caption\":\"Boolebox\"},\"image\":{\"@id\":\"https:\\\/\\\/www.boolebox.com\\\/de\\\/#\\\/schema\\\/logo\\\/image\\\/\"},\"sameAs\":[\"https:\\\/\\\/www.facebook.com\\\/boolebox\",\"https:\\\/\\\/www.linkedin.com\\\/company\\\/boolebox\\\/\"]}]}<\/script>\n<!-- \/ Yoast SEO plugin. -->","yoast_head_json":{"title":"Regierungsinstitutionen und \u00f6ffentliche Verwaltung | Boolebox","robots":{"index":"index","follow":"follow","max-snippet":"max-snippet:-1","max-image-preview":"max-image-preview:large","max-video-preview":"max-video-preview:-1"},"canonical":"https:\/\/www.boolebox.com\/de\/regierungsinstitutionen-und-oeffentliche-verwaltung\/","og_locale":"de_DE","og_type":"article","og_title":"Regierungsinstitutionen und \u00f6ffentliche Verwaltung | Boolebox","og_url":"https:\/\/www.boolebox.com\/de\/regierungsinstitutionen-und-oeffentliche-verwaltung\/","og_site_name":"Boolebox","article_publisher":"https:\/\/www.facebook.com\/boolebox","article_modified_time":"2025-12-16T13:29:28+00:00","twitter_card":"summary_large_image","schema":{"@context":"https:\/\/schema.org","@graph":[{"@type":"WebPage","@id":"https:\/\/www.boolebox.com\/de\/regierungsinstitutionen-und-oeffentliche-verwaltung\/","url":"https:\/\/www.boolebox.com\/de\/regierungsinstitutionen-und-oeffentliche-verwaltung\/","name":"Regierungsinstitutionen und \u00f6ffentliche Verwaltung | Boolebox","isPartOf":{"@id":"https:\/\/www.boolebox.com\/de\/#website"},"datePublished":"2025-11-11T10:26:28+00:00","dateModified":"2025-12-16T13:29:28+00:00","breadcrumb":{"@id":"https:\/\/www.boolebox.com\/de\/regierungsinstitutionen-und-oeffentliche-verwaltung\/#breadcrumb"},"inLanguage":"de","potentialAction":[{"@type":"ReadAction","target":["https:\/\/www.boolebox.com\/de\/regierungsinstitutionen-und-oeffentliche-verwaltung\/"]}]},{"@type":"BreadcrumbList","@id":"https:\/\/www.boolebox.com\/de\/regierungsinstitutionen-und-oeffentliche-verwaltung\/#breadcrumb","itemListElement":[{"@type":"ListItem","position":1,"name":"Home","item":"https:\/\/www.boolebox.com\/de\/"},{"@type":"ListItem","position":2,"name":"Regierungsinstitutionen und \u00f6ffentliche Verwaltung"}]},{"@type":"WebSite","@id":"https:\/\/www.boolebox.com\/de\/#website","url":"https:\/\/www.boolebox.com\/de\/","name":"Boolebox - Software protezione Dati","description":"","publisher":{"@id":"https:\/\/www.boolebox.com\/de\/#organization"},"alternateName":"Boole Server Srl","potentialAction":[{"@type":"SearchAction","target":{"@type":"EntryPoint","urlTemplate":"https:\/\/www.boolebox.com\/de\/?s={search_term_string}"},"query-input":{"@type":"PropertyValueSpecification","valueRequired":true,"valueName":"search_term_string"}}],"inLanguage":"de"},{"@type":"Organization","@id":"https:\/\/www.boolebox.com\/de\/#organization","name":"Boolebox","alternateName":"Boole Server Srl","url":"https:\/\/www.boolebox.com\/de\/","logo":{"@type":"ImageObject","inLanguage":"de","@id":"https:\/\/www.boolebox.com\/de\/#\/schema\/logo\/image\/","url":"https:\/\/www.boolebox.com\/wp-content\/uploads\/2025\/12\/Secure-Password-positivo-1.svg","contentUrl":"https:\/\/www.boolebox.com\/wp-content\/uploads\/2025\/12\/Secure-Password-positivo-1.svg","width":1,"height":1,"caption":"Boolebox"},"image":{"@id":"https:\/\/www.boolebox.com\/de\/#\/schema\/logo\/image\/"},"sameAs":["https:\/\/www.facebook.com\/boolebox","https:\/\/www.linkedin.com\/company\/boolebox\/"]}]}},"_links":{"self":[{"href":"https:\/\/www.boolebox.com\/de\/wp-json\/wp\/v2\/pages\/1541","targetHints":{"allow":["GET"]}}],"collection":[{"href":"https:\/\/www.boolebox.com\/de\/wp-json\/wp\/v2\/pages"}],"about":[{"href":"https:\/\/www.boolebox.com\/de\/wp-json\/wp\/v2\/types\/page"}],"author":[{"embeddable":true,"href":"https:\/\/www.boolebox.com\/de\/wp-json\/wp\/v2\/users\/1"}],"replies":[{"embeddable":true,"href":"https:\/\/www.boolebox.com\/de\/wp-json\/wp\/v2\/comments?post=1541"}],"version-history":[{"count":12,"href":"https:\/\/www.boolebox.com\/de\/wp-json\/wp\/v2\/pages\/1541\/revisions"}],"predecessor-version":[{"id":3260,"href":"https:\/\/www.boolebox.com\/de\/wp-json\/wp\/v2\/pages\/1541\/revisions\/3260"}],"wp:attachment":[{"href":"https:\/\/www.boolebox.com\/de\/wp-json\/wp\/v2\/media?parent=1541"}],"curies":[{"name":"wp","href":"https:\/\/api.w.org\/{rel}","templated":true}]}}