{"id":1511,"date":"2025-11-18T17:06:43","date_gmt":"2025-11-18T17:06:43","guid":{"rendered":"https:\/\/www.boolebox.com\/sicurezza-informatica-banca-finanza\/"},"modified":"2025-12-16T13:27:56","modified_gmt":"2025-12-16T13:27:56","slug":"banken-und-finanzwesen","status":"publish","type":"page","link":"https:\/\/www.boolebox.com\/de\/banken-und-finanzwesen\/","title":{"rendered":"Banken und Finanzwesen"},"content":{"rendered":"<section class=\"herosecond style3\">\n    <div class=\"container\">\n        <div class=\"row\">\n            <div class=\"col-md-6\">\n                <h1>Banken und Finanzwesen<\/h1>\n                <div class=\"herosecond__text\"><p>Unsere Boolebox-Suite bietet Datenschutzl\u00f6sungen f\u00fcr Banken, Kreditinstitute, Versicherungen und Finanzunternehmen \u2013 mit einer in Italien entwickelten propriet\u00e4ren Technologie, die Konformit\u00e4t, Kontrolle und Vertraulichkeit gew\u00e4hrleistet.<\/p>\n<\/div>\n                                    <a href=\"https:\/\/www.boolebox.com\/de\/demo-anfordern\/\" class=\"bnt l-green\">Fordern Sie eine KOSTENLOSE DEMO an<\/a>\n                                            <\/div>\n            <div class=\"col-md-6 position-relative\">\n                <figure class=\"imgbanner_one two_img\"><img decoding=\"async\" src=\"https:\/\/www.boolebox.com\/wp-content\/uploads\/2025\/12\/FINANZA-1-header.jpg\" alt=\"\"><\/figure>\n                                    <figure class=\"imgbanner_two\"><img decoding=\"async\" src=\"https:\/\/www.boolebox.com\/wp-content\/uploads\/2025\/12\/FINANZA-2-header.jpg\" alt=\"\"><\/figure>\n                            <\/div>\n        <\/div>\n    <\/div>\n<\/section>\n\n<section class=\"seotext twocoltext\">\n    <div class=\"container\">\n        <div class=\"row\">\n            <div class=\"col-12\">\n                <div class=\"twocoltext__wrapper\">\n                    <h2>L\u00f6sungen f\u00fcr Banken und Finanzinstitute<\/h2>\n<h4>Wie k\u00f6nnen wir die Cybersicherheit f\u00fcr Banken und Finanzinstitute konkret verbessern und die sichere, konforme Verwaltung und gemeinsame Nutzung von Finanzdokumenten erm\u00f6glichen?<\/h4>\n<p>Banken und Finanzinstitute geh\u00f6ren zu den am st\u00e4rksten von Cyberbedrohungen betroffenen Organisationen und unterliegen strengen gesetzlichen Vorgaben. Der Schutz ihrer Informationen ist entscheidend, um das Vertrauen der Kunden zu erhalten und Datenschutzvorgaben einzuhalten.<br \/>\nMit Boolebox vereinfachen wir die Einhaltung der DSGVO, DORA und der wichtigsten Datenschutzrichtlinien im Finanzsektor, indem wir sensible Daten, kritische Prozesse und strategische Kommunikation gezielt verwalten und sch\u00fctzen.<\/p>\n                <\/div>\n            <\/div>\n        <\/div>\n    <\/div>\n<\/section>\n\n<section class=\"accordions\">\n    <div class=\"container\">\n        <div class=\"row\">\n            <div class=\"col-12\">\n                <div class=\"accordions__text text-center\">\n                    <h2 style=\"text-align: center;\">Anwendungsf\u00e4lle unserer Datenschutzsoftware im Finanzsektor<\/h2>\n<p style=\"text-align: center;\">Nachfolgend einige reale Szenarien, in denen Boolebox-L\u00f6sungen Banken und Finanzinstitute dabei unterst\u00fctzt haben, sensible Daten besser zu verwalten und zu sch\u00fctzen \u2013 mit voller Einhaltung gesetzlicher Vorgaben und operativer Sicherheit.<\/p>\n                <\/div>\n                <div class=\"accordion\" id=\"accordionboole\">\n                                            <div class=\"accordion-item\">\n                            <h2 class=\"accordion-header\">\n                                <button class=\"accordion-button collapsed\" type=\"button\" data-bs-toggle=\"collapse\" data-bs-target=\"#collapse1\" aria-expanded=\"true\" aria-controls=\"collapse1\">\n                                  <span>1. Sichere Verwaltung sensibler Bankdaten<\/span>\n                                  <span class=\"introacc\">Bei Finanzdokumenten ist Vertraulichkeit entscheidend: Bankdaten, Finanzportfolios, vertrauliche Berichte, strategische Kommunikation \u2013 jede Datei verdient maximalen Schutz.\nDie L\u00f6sung:\nBoolebox Secure File Manager \u2013 ein sicheres&#8230;<\/span>\n                                <\/button>\n                            <\/h2>\n                            <div id=\"collapse1\" class=\"accordion-collapse collapse\" data-bs-parent=\"#accordionboole\">\n                                <div class=\"accordion-body\"><p>Bei Finanzdokumenten ist Vertraulichkeit entscheidend: Bankdaten, Finanzportfolios, vertrauliche Berichte, strategische Kommunikation \u2013 jede Datei verdient maximalen Schutz.<\/p>\n<p><strong>Die L\u00f6sung:<\/strong><\/p>\n<p>Boolebox Secure File Manager \u2013 ein sicheres Dokumentenmanagementsystem f\u00fcr Banken und Finanzinstitute, das die sichere Verwaltung sensibler Finanzinformationen erm\u00f6glicht \u2013 mit profilierten Zugriffskontrollen, Aktivit\u00e4tsverfolgung und fortschrittlicher Verschl\u00fcsselung.<\/p>\n<p><strong><em>Ideal f\u00fcr alle, die eine Cybersicherheitsl\u00f6sung f\u00fcr Banken, Kreditinstitute und Finanzunternehmen suchen, die sich flexibel an jede Dokumentenstruktur anpasst.<\/em><\/strong><\/p>\n<p><a href=\"https:\/\/www.boolebox.com\/de\/secure-file-manager\/\">Entdecken Sie Boolebox Secure File Manager\u00a0<\/a><\/p>\n<p>&nbsp;<\/p>\n<\/div>\n                            <\/div>\n                        <\/div>\n                                            <div class=\"accordion-item\">\n                            <h2 class=\"accordion-header\">\n                                <button class=\"accordion-button collapsed\" type=\"button\" data-bs-toggle=\"collapse\" data-bs-target=\"#collapse2\" aria-expanded=\"true\" aria-controls=\"collapse2\">\n                                  <span>2. Sichere Verwaltung von Finanztransaktionen<\/span>\n                                  <span class=\"introacc\">Eine der wichtigsten Anforderungen an Cybersicherheitssoftware f\u00fcr Banken und Finanzinstitute ist die sichere Freigabe und der Schutz von transaktionsbezogenen Dokumenten.\nDie L\u00f6sung:\nBoolebox Secure File Manager \u2013 das Tool zur sicheren&#8230;<\/span>\n                                <\/button>\n                            <\/h2>\n                            <div id=\"collapse2\" class=\"accordion-collapse collapse\" data-bs-parent=\"#accordionboole\">\n                                <div class=\"accordion-body\"><p>Eine der wichtigsten Anforderungen an Cybersicherheitssoftware f\u00fcr Banken und Finanzinstitute ist die sichere Freigabe und der Schutz von transaktionsbezogenen Dokumenten.<\/p>\n<p><strong>Die L\u00f6sung:<\/strong><\/p>\n<p>Boolebox Secure File Manager \u2013 das Tool zur sicheren Verwaltung von Finanztransaktionen.<\/p>\n<p>Eine konkrete Antwort auf ein branchenspezifisches Bed\u00fcrfnis: mehr Kontrolle, h\u00f6here Effizienz und Schutz vor Risiken.<\/p>\n<p><a href=\"https:\/\/www.boolebox.com\/de\/secure-file-manager\/\">Entdecken Sie Boolebox Secure File Manager <\/a><\/p>\n<\/div>\n                            <\/div>\n                        <\/div>\n                                    <\/div>\n            <\/div>\n        <\/div>\n    <\/div>\n<\/section>\n\n<section class=\"imgtext imgtext__styletwo\">\n    <div class=\"container\">\n        <div class=\"row \">\n            <div class=\"col-md-6\">\n                <h2>Warum Boolebox im Banken- und Finanzsektor w\u00e4hlen?<\/h2>\n                <div class=\"imgtext__text\">\n                    <ul>\n<li>Die Suite ist umfassend und l\u00e4sst sich in bestehende IT-Systeme integrieren.<\/li>\n<li>Sie eignet sich f\u00fcr die sichere Verwaltung bankinterner Dokumente, den Schutz von Finanzdaten und die Optimierung operativer Abl\u00e4ufe.<\/li>\n<li>Sie gew\u00e4hrleistet die Einhaltung der DSGVO, DORA, NIS2 und der AgID-Richtlinien \u2013 ohne die Prozesse zu verkomplizieren.<\/li>\n<li>Sie st\u00e4rkt die Betriebskontinuit\u00e4t und bietet sichere, zuverl\u00e4ssige Dienste f\u00fcr Kunden und interne Teams \u2013 und verhindert Datenverluste oder unbefugte Zugriffe.<\/li>\n<\/ul>\n<h4>Im Finanzsektor ist Datenschutz keine Option, sondern Pflicht.<\/h4>\n                <\/div>\n                                    <a href=\"https:\/\/www.boolebox.com\/de\/demo-anfordern\/\" class=\"bnt l-green\">Fordern Sie Ihre KOSTENLOSE DEMO an<\/a>\n                            <\/div>\n            <div class=\"col-md-6 text-center\">\n                <figure class=\"imgtext__image\">\n                    <img decoding=\"async\" class=\"img-fluid\" src=\"https:\/\/www.boolebox.com\/wp-content\/uploads\/2025\/12\/FINANZA-3.jpg\" alt=\"\" loading=\"lazy\">\n                                    <\/figure>\n            <\/div>\n        <\/div>\n    <\/div>\n<\/section>","protected":false},"excerpt":{"rendered":"","protected":false},"author":1,"featured_media":0,"parent":0,"menu_order":0,"comment_status":"closed","ping_status":"closed","template":"","meta":{"footnotes":""},"class_list":["post-1511","page","type-page","status-publish","hentry"],"yoast_head":"<!-- This site is optimized with the Yoast SEO plugin v27.3 - https:\/\/yoast.com\/product\/yoast-seo-wordpress\/ -->\n<title>Banken und Finanzwesen | Boolebox<\/title>\n<meta name=\"robots\" content=\"index, follow, max-snippet:-1, max-image-preview:large, max-video-preview:-1\" \/>\n<link rel=\"canonical\" href=\"https:\/\/www.boolebox.com\/de\/banken-und-finanzwesen\/\" \/>\n<meta property=\"og:locale\" content=\"de_DE\" \/>\n<meta property=\"og:type\" content=\"article\" \/>\n<meta property=\"og:title\" content=\"Banken und Finanzwesen | Boolebox\" \/>\n<meta property=\"og:url\" content=\"https:\/\/www.boolebox.com\/de\/banken-und-finanzwesen\/\" \/>\n<meta property=\"og:site_name\" content=\"Boolebox\" \/>\n<meta property=\"article:publisher\" content=\"https:\/\/www.facebook.com\/boolebox\" \/>\n<meta property=\"article:modified_time\" content=\"2025-12-16T13:27:56+00:00\" \/>\n<meta name=\"twitter:card\" content=\"summary_large_image\" \/>\n<script type=\"application\/ld+json\" class=\"yoast-schema-graph\">{\"@context\":\"https:\\\/\\\/schema.org\",\"@graph\":[{\"@type\":\"WebPage\",\"@id\":\"https:\\\/\\\/www.boolebox.com\\\/de\\\/banken-und-finanzwesen\\\/\",\"url\":\"https:\\\/\\\/www.boolebox.com\\\/de\\\/banken-und-finanzwesen\\\/\",\"name\":\"Banken und Finanzwesen | Boolebox\",\"isPartOf\":{\"@id\":\"https:\\\/\\\/www.boolebox.com\\\/de\\\/#website\"},\"datePublished\":\"2025-11-18T17:06:43+00:00\",\"dateModified\":\"2025-12-16T13:27:56+00:00\",\"breadcrumb\":{\"@id\":\"https:\\\/\\\/www.boolebox.com\\\/de\\\/banken-und-finanzwesen\\\/#breadcrumb\"},\"inLanguage\":\"de\",\"potentialAction\":[{\"@type\":\"ReadAction\",\"target\":[\"https:\\\/\\\/www.boolebox.com\\\/de\\\/banken-und-finanzwesen\\\/\"]}]},{\"@type\":\"BreadcrumbList\",\"@id\":\"https:\\\/\\\/www.boolebox.com\\\/de\\\/banken-und-finanzwesen\\\/#breadcrumb\",\"itemListElement\":[{\"@type\":\"ListItem\",\"position\":1,\"name\":\"Home\",\"item\":\"https:\\\/\\\/www.boolebox.com\\\/de\\\/\"},{\"@type\":\"ListItem\",\"position\":2,\"name\":\"Banken und Finanzwesen\"}]},{\"@type\":\"WebSite\",\"@id\":\"https:\\\/\\\/www.boolebox.com\\\/de\\\/#website\",\"url\":\"https:\\\/\\\/www.boolebox.com\\\/de\\\/\",\"name\":\"Boolebox - Software protezione Dati\",\"description\":\"\",\"publisher\":{\"@id\":\"https:\\\/\\\/www.boolebox.com\\\/de\\\/#organization\"},\"alternateName\":\"Boole Server Srl\",\"potentialAction\":[{\"@type\":\"SearchAction\",\"target\":{\"@type\":\"EntryPoint\",\"urlTemplate\":\"https:\\\/\\\/www.boolebox.com\\\/de\\\/?s={search_term_string}\"},\"query-input\":{\"@type\":\"PropertyValueSpecification\",\"valueRequired\":true,\"valueName\":\"search_term_string\"}}],\"inLanguage\":\"de\"},{\"@type\":\"Organization\",\"@id\":\"https:\\\/\\\/www.boolebox.com\\\/de\\\/#organization\",\"name\":\"Boolebox\",\"alternateName\":\"Boole Server Srl\",\"url\":\"https:\\\/\\\/www.boolebox.com\\\/de\\\/\",\"logo\":{\"@type\":\"ImageObject\",\"inLanguage\":\"de\",\"@id\":\"https:\\\/\\\/www.boolebox.com\\\/de\\\/#\\\/schema\\\/logo\\\/image\\\/\",\"url\":\"https:\\\/\\\/www.boolebox.com\\\/wp-content\\\/uploads\\\/2025\\\/12\\\/Secure-Password-positivo-1.svg\",\"contentUrl\":\"https:\\\/\\\/www.boolebox.com\\\/wp-content\\\/uploads\\\/2025\\\/12\\\/Secure-Password-positivo-1.svg\",\"width\":1,\"height\":1,\"caption\":\"Boolebox\"},\"image\":{\"@id\":\"https:\\\/\\\/www.boolebox.com\\\/de\\\/#\\\/schema\\\/logo\\\/image\\\/\"},\"sameAs\":[\"https:\\\/\\\/www.facebook.com\\\/boolebox\",\"https:\\\/\\\/www.linkedin.com\\\/company\\\/boolebox\\\/\"]}]}<\/script>\n<!-- \/ Yoast SEO plugin. -->","yoast_head_json":{"title":"Banken und Finanzwesen | Boolebox","robots":{"index":"index","follow":"follow","max-snippet":"max-snippet:-1","max-image-preview":"max-image-preview:large","max-video-preview":"max-video-preview:-1"},"canonical":"https:\/\/www.boolebox.com\/de\/banken-und-finanzwesen\/","og_locale":"de_DE","og_type":"article","og_title":"Banken und Finanzwesen | Boolebox","og_url":"https:\/\/www.boolebox.com\/de\/banken-und-finanzwesen\/","og_site_name":"Boolebox","article_publisher":"https:\/\/www.facebook.com\/boolebox","article_modified_time":"2025-12-16T13:27:56+00:00","twitter_card":"summary_large_image","schema":{"@context":"https:\/\/schema.org","@graph":[{"@type":"WebPage","@id":"https:\/\/www.boolebox.com\/de\/banken-und-finanzwesen\/","url":"https:\/\/www.boolebox.com\/de\/banken-und-finanzwesen\/","name":"Banken und Finanzwesen | Boolebox","isPartOf":{"@id":"https:\/\/www.boolebox.com\/de\/#website"},"datePublished":"2025-11-18T17:06:43+00:00","dateModified":"2025-12-16T13:27:56+00:00","breadcrumb":{"@id":"https:\/\/www.boolebox.com\/de\/banken-und-finanzwesen\/#breadcrumb"},"inLanguage":"de","potentialAction":[{"@type":"ReadAction","target":["https:\/\/www.boolebox.com\/de\/banken-und-finanzwesen\/"]}]},{"@type":"BreadcrumbList","@id":"https:\/\/www.boolebox.com\/de\/banken-und-finanzwesen\/#breadcrumb","itemListElement":[{"@type":"ListItem","position":1,"name":"Home","item":"https:\/\/www.boolebox.com\/de\/"},{"@type":"ListItem","position":2,"name":"Banken und Finanzwesen"}]},{"@type":"WebSite","@id":"https:\/\/www.boolebox.com\/de\/#website","url":"https:\/\/www.boolebox.com\/de\/","name":"Boolebox - Software protezione Dati","description":"","publisher":{"@id":"https:\/\/www.boolebox.com\/de\/#organization"},"alternateName":"Boole Server Srl","potentialAction":[{"@type":"SearchAction","target":{"@type":"EntryPoint","urlTemplate":"https:\/\/www.boolebox.com\/de\/?s={search_term_string}"},"query-input":{"@type":"PropertyValueSpecification","valueRequired":true,"valueName":"search_term_string"}}],"inLanguage":"de"},{"@type":"Organization","@id":"https:\/\/www.boolebox.com\/de\/#organization","name":"Boolebox","alternateName":"Boole Server Srl","url":"https:\/\/www.boolebox.com\/de\/","logo":{"@type":"ImageObject","inLanguage":"de","@id":"https:\/\/www.boolebox.com\/de\/#\/schema\/logo\/image\/","url":"https:\/\/www.boolebox.com\/wp-content\/uploads\/2025\/12\/Secure-Password-positivo-1.svg","contentUrl":"https:\/\/www.boolebox.com\/wp-content\/uploads\/2025\/12\/Secure-Password-positivo-1.svg","width":1,"height":1,"caption":"Boolebox"},"image":{"@id":"https:\/\/www.boolebox.com\/de\/#\/schema\/logo\/image\/"},"sameAs":["https:\/\/www.facebook.com\/boolebox","https:\/\/www.linkedin.com\/company\/boolebox\/"]}]}},"_links":{"self":[{"href":"https:\/\/www.boolebox.com\/de\/wp-json\/wp\/v2\/pages\/1511","targetHints":{"allow":["GET"]}}],"collection":[{"href":"https:\/\/www.boolebox.com\/de\/wp-json\/wp\/v2\/pages"}],"about":[{"href":"https:\/\/www.boolebox.com\/de\/wp-json\/wp\/v2\/types\/page"}],"author":[{"embeddable":true,"href":"https:\/\/www.boolebox.com\/de\/wp-json\/wp\/v2\/users\/1"}],"replies":[{"embeddable":true,"href":"https:\/\/www.boolebox.com\/de\/wp-json\/wp\/v2\/comments?post=1511"}],"version-history":[{"count":13,"href":"https:\/\/www.boolebox.com\/de\/wp-json\/wp\/v2\/pages\/1511\/revisions"}],"predecessor-version":[{"id":3257,"href":"https:\/\/www.boolebox.com\/de\/wp-json\/wp\/v2\/pages\/1511\/revisions\/3257"}],"wp:attachment":[{"href":"https:\/\/www.boolebox.com\/de\/wp-json\/wp\/v2\/media?parent=1511"}],"curies":[{"name":"wp","href":"https:\/\/api.w.org\/{rel}","templated":true}]}}